{"id":16892,"date":"2025-10-21T14:25:45","date_gmt":"2025-10-21T06:25:45","guid":{"rendered":"https:\/\/ulpmat.com\/product\/afnio-metallico-2\/"},"modified":"2025-10-21T14:25:45","modified_gmt":"2025-10-21T06:25:45","slug":"afnio-metallico-2","status":"publish","type":"product","link":"https:\/\/ulpmat.com\/it\/prodotto\/afnio-metallico-2\/","title":{"rendered":"Afnio metallico"},"content":{"rendered":"<h2><span style=\"font-size: 14pt;\">Foglio di afnio metallico Panoramica<\/span><\/h2>\n<p><span style=\"color: #0000ff;\"><a style=\"color: #0000ff;\" href=\"https:\/\/ulpmat.com\/it\/ricerca\/?type=name&#038;keyword=Hafnium+metal\">L&#8217;afnio metallico<\/a><\/span> \u00e8 un materiale ad alte prestazioni progettato per applicazioni ad alta temperatura e ad alta potenza. Con una purezza superiore al 99,9%, offre densit\u00e0, resistenza alla corrosione e stabilit\u00e0 termica eccellenti, garantendo affidabilit\u00e0 a lungo termine e prestazioni elevate in ambienti estremi.<\/p>\n<p>Offriamo lamine metalliche di afnio in una variet\u00e0 di forme e dimensioni. Forniamo inoltre un&#8217;assistenza post-vendita completa. In caso di domande durante l&#8217;utilizzo, non esitate a <span style=\"color: #0000ff;\"><a style=\"color: #0000ff;\" href=\"https:\/\/ulpmat.com\/it\/contatti\/\">contattarci.<\/a><\/span><\/p>\n<h2><span style=\"font-size: 14pt;\">Caratteristiche del prodotto<\/span><\/h2>\n<p>Purezza: 99,9%<br \/>\nAlta densit\u00e0 ed eccellenti propriet\u00e0 meccaniche, adatto ad ambienti ad alta temperatura e ad alta pressione<br \/>\n<span style=\"color: #0000ff;\"><a style=\"color: #0000ff;\" href=\"https:\/\/ulpmat.com\/it\/servizio\/personalizzazione\/\">Dimensioni e forme personalizzabili<\/a><\/span> dimensioni e forme per soddisfare i requisiti di applicazioni specifiche<br \/>\nAdatto per applicazioni aerospaziali, energetiche, chimiche e di rivestimento ad alta temperatura<\/p>\n<h2><span style=\"font-size: 14pt;\">Applicazioni della lamina metallica di afnio<\/span><\/h2>\n<p>Aerospaziale: Grazie alla sua eccellente resistenza alle alte temperature, \u00e8 ampiamente utilizzato nei rivestimenti per alte temperature e nei sistemi di protezione termica.<br \/>\nEnergia: nel settore dell&#8217;energia nucleare, la lamina metallica di afnio viene utilizzata come materiale per alte temperature, dimostrando un&#8217;eccellente stabilit\u00e0 e resistenza alla corrosione.<br \/>\nChimica: adatto a vari reattori chimici e a componenti e materiali strutturali in ambienti altamente corrosivi.<br \/>\nRivestimento per alte temperature: Utilizzato per rivestire altri materiali, fornendo protezione dalle alte temperature, dalla corrosione e dall&#8217;ossidazione.<\/p>\n<h2><span style=\"font-size: 14pt;\">Rapporto <\/span><\/h2>\n<p>Forniamo un<span style=\"color: #0000ff;\"><a style=\"color: #0000ff;\" href=\"https:\/\/ulpmat.com\/it\/servizio\/analisi-chimica\/\"> Certificato di analisi (COA)<\/a><\/span>, scheda di sicurezza dei materiali (MSDS) e altri rapporti pertinenti con ogni spedizione. Supportiamo anche test di terze parti per migliorare la garanzia di qualit\u00e0 del prodotto.<\/p>\n","protected":false},"excerpt":{"rendered":"<p>Foglio di afnio metallico Panoramica L&#8217;afnio metallico \u00e8 un materiale ad alte prestazioni progettato per applicazioni ad alta temperatura e ad alta potenza. Con una purezza superiore al 99,9%, offre densit\u00e0, resistenza alla corrosione e stabilit\u00e0 termica eccellenti, garantendo affidabilit\u00e0 a lungo termine e prestazioni elevate in ambienti estremi. Offriamo lamine metalliche di afnio in [&hellip;]<\/p>\n","protected":false},"featured_media":16893,"template":"","meta":{"_acf_changed":false},"product_brand":[132],"product_cat":[400],"product_tag":[],"class_list":{"0":"post-16892","1":"product","2":"type-product","3":"status-publish","4":"has-post-thumbnail","6":"product_brand-ulpmat","7":"product_cat-altri-materiali","9":"first","10":"instock","11":"shipping-taxable","12":"product-type-variable"},"acf":[],"_links":{"self":[{"href":"https:\/\/ulpmat.com\/it\/wp-json\/wp\/v2\/product\/16892","targetHints":{"allow":["GET"]}}],"collection":[{"href":"https:\/\/ulpmat.com\/it\/wp-json\/wp\/v2\/product"}],"about":[{"href":"https:\/\/ulpmat.com\/it\/wp-json\/wp\/v2\/types\/product"}],"wp:featuredmedia":[{"embeddable":true,"href":"https:\/\/ulpmat.com\/it\/wp-json\/wp\/v2\/media\/16893"}],"wp:attachment":[{"href":"https:\/\/ulpmat.com\/it\/wp-json\/wp\/v2\/media?parent=16892"}],"wp:term":[{"taxonomy":"product_brand","embeddable":true,"href":"https:\/\/ulpmat.com\/it\/wp-json\/wp\/v2\/product_brand?post=16892"},{"taxonomy":"product_cat","embeddable":true,"href":"https:\/\/ulpmat.com\/it\/wp-json\/wp\/v2\/product_cat?post=16892"},{"taxonomy":"product_tag","embeddable":true,"href":"https:\/\/ulpmat.com\/it\/wp-json\/wp\/v2\/product_tag?post=16892"}],"curies":[{"name":"wp","href":"https:\/\/api.w.org\/{rel}","templated":true}]}}