{"id":16808,"date":"2025-10-21T14:25:46","date_gmt":"2025-10-21T06:25:46","guid":{"rendered":"https:\/\/ulpmat.com\/product\/boruro-di-afnio-2\/"},"modified":"2025-10-21T14:25:46","modified_gmt":"2025-10-21T06:25:46","slug":"boruro-di-afnio-2","status":"publish","type":"product","link":"https:\/\/ulpmat.com\/it\/prodotto\/boruro-di-afnio-2\/","title":{"rendered":"Boruro di afnio"},"content":{"rendered":"<h2><span style=\"font-size: 14pt;\">Panoramica della polvere di boruro di afnio<\/span><\/h2>\n<p><span style=\"color: #0000ff;\"><a style=\"color: #0000ff;\" href=\"https:\/\/ulpmat.com\/it\/ricerca\/?type=name&#038;keyword=Hafnium+Boride\">Il boruro di afnio<\/a><\/span> \u00e8 un materiale avanzato progettato per la deposizione di film sottili ad alte prestazioni e per applicazioni ad alta temperatura. Con una purezza del 99%, offre eccellente durezza, densit\u00e0 e resistenza alle alte temperature, rendendolo adatto ai processi di deposizione di film sottili in una variet\u00e0 di ambienti estremi.<\/p>\n<p>Offriamo polvere di boruro di afnio in varie dimensioni di particelle, personalizzabili per soddisfare le vostre esigenze specifiche. Forniamo inoltre un&#8217;assistenza post-vendita completa; non esitate a <span style=\"color: #0000ff;\"><a style=\"color: #0000ff;\" href=\"https:\/\/ulpmat.com\/it\/contatti\/\">contattateci<\/a> <\/span>per qualsiasi domanda.<\/p>\n<h2><span style=\"font-size: 14pt;\">Caratteristiche del prodotto<\/span><\/h2>\n<p>99% di purezza<br \/>\nDurezza e densit\u00e0 elevate, adatte ad ambienti estremi<br \/>\nDimensioni e specifiche delle particelle personalizzabili<br \/>\nImballaggio personalizzabile<br \/>\nAdatto per semiconduttori, rivestimenti ottici, rivestimenti ad alta temperatura e dispositivi elettronici ad alta potenza<\/p>\n<h2><span style=\"font-size: 14pt;\">Applicazioni della polvere di boruro di afnio<\/span><\/h2>\n<p><span style=\"color: #0000ff;\"><a style=\"color: #0000ff;\" href=\"https:\/\/ulpmat.com\/it\/applicazione\/materiali-per-semiconduttori\/\">Semiconduttori:<\/a><\/span> Adatto per la deposizione di film sottili ad alta potenza e termicamente stabili, come elettrodi, contatti e strati conduttivi.<br \/>\nRivestimenti ottici: Adatti per rivestimenti ottici ad alta durezza e alta riflettivit\u00e0, ampiamente utilizzati in componenti ottici, specchi e altre applicazioni.<br \/>\nRivestimenti per alte temperature: Adatti per rivestimenti protettivi in ambito aerospaziale, metallurgico e in altri ambienti ad alta temperatura.<br \/>\nDispositivi elettronici ad alta potenza: Grazie alla sua elevata conducibilit\u00e0 e all&#8217;eccellente stabilit\u00e0 termica, \u00e8 ampiamente utilizzato per la deposizione di film sottili nei semiconduttori di potenza e nei dispositivi elettronici.<\/p>\n<h2><span style=\"font-size: 14pt;\">Rapporto<\/span><\/h2>\n<p>Forniamo un <span style=\"color: #0000ff;\"><a style=\"color: #0000ff;\" href=\"https:\/\/ulpmat.com\/it\/servizio\/analisi-chimica\/\">Certificato di analisi (COA),<\/a><\/span> Scheda di sicurezza dei materiali (MSDS) e altri rapporti pertinenti con ogni spedizione. Supportiamo anche test di terze parti per garantire la qualit\u00e0 e l&#8217;affidabilit\u00e0 del prodotto.<\/p>\n","protected":false},"excerpt":{"rendered":"<p>Panoramica della polvere di boruro di afnio Il boruro di afnio \u00e8 un materiale avanzato progettato per la deposizione di film sottili ad alte prestazioni e per applicazioni ad alta temperatura. Con una purezza del 99%, offre eccellente durezza, densit\u00e0 e resistenza alle alte temperature, rendendolo adatto ai processi di deposizione di film sottili in [&hellip;]<\/p>\n","protected":false},"featured_media":16809,"template":"","meta":{"_acf_changed":false},"product_brand":[132],"product_cat":[714],"product_tag":[],"class_list":{"0":"post-16808","1":"product","2":"type-product","3":"status-publish","4":"has-post-thumbnail","6":"product_brand-ulpmat","7":"product_cat-materiali-refrattari","9":"first","10":"instock","11":"shipping-taxable","12":"product-type-variable"},"acf":[],"_links":{"self":[{"href":"https:\/\/ulpmat.com\/it\/wp-json\/wp\/v2\/product\/16808","targetHints":{"allow":["GET"]}}],"collection":[{"href":"https:\/\/ulpmat.com\/it\/wp-json\/wp\/v2\/product"}],"about":[{"href":"https:\/\/ulpmat.com\/it\/wp-json\/wp\/v2\/types\/product"}],"wp:featuredmedia":[{"embeddable":true,"href":"https:\/\/ulpmat.com\/it\/wp-json\/wp\/v2\/media\/16809"}],"wp:attachment":[{"href":"https:\/\/ulpmat.com\/it\/wp-json\/wp\/v2\/media?parent=16808"}],"wp:term":[{"taxonomy":"product_brand","embeddable":true,"href":"https:\/\/ulpmat.com\/it\/wp-json\/wp\/v2\/product_brand?post=16808"},{"taxonomy":"product_cat","embeddable":true,"href":"https:\/\/ulpmat.com\/it\/wp-json\/wp\/v2\/product_cat?post=16808"},{"taxonomy":"product_tag","embeddable":true,"href":"https:\/\/ulpmat.com\/it\/wp-json\/wp\/v2\/product_tag?post=16808"}],"curies":[{"name":"wp","href":"https:\/\/api.w.org\/{rel}","templated":true}]}}