{"id":16209,"date":"2025-10-29T15:05:06","date_gmt":"2025-10-29T07:05:06","guid":{"rendered":"https:\/\/ulpmat.com\/product\/alluminato-di-bario-ossido-di-bario-e-alluminio\/"},"modified":"2025-10-29T15:05:06","modified_gmt":"2025-10-29T07:05:06","slug":"alluminato-di-bario-ossido-di-bario-e-alluminio","status":"publish","type":"product","link":"https:\/\/ulpmat.com\/it\/prodotto\/alluminato-di-bario-ossido-di-bario-e-alluminio\/","title":{"rendered":"Alluminato di bario (ossido di bario e alluminio)"},"content":{"rendered":"<h2><span style=\"font-family: georgia, palatino, serif; font-size: 14pt;\">Panoramica sulla polvere di alluminato di bario<\/span><\/h2>\n<p><span style=\"font-family: georgia, palatino, serif;\"><span style=\"color: #0000ff;\"><a style=\"color: #0000ff;\" href=\"https:\/\/ulpmat.com\/it\/ricerca\/?type=name&#038;keyword=Barium+Aluminate\">L&#8217;alluminato di bario<\/a><\/span> \u00e8 una polvere di elevata purezza progettata specificamente per ceramiche funzionali e rivestimenti ad alte prestazioni. Con una purezza del 99%, le sue particelle uniformi e dense offrono un&#8217;eccellente stabilit\u00e0 termica e chimica, garantendo prestazioni eccellenti in una variet\u00e0 di processi.<\/span><\/p>\n<p><span style=\"font-family: georgia, palatino, serif;\">Offriamo una variet\u00e0 di specifiche della polvere di alluminato di bario e possiamo personalizzarla per soddisfare le vostre esigenze specifiche. Forniamo inoltre un supporto tecnico completo e un servizio post-vendita. In caso di domande durante l&#8217;utilizzo, non esitate a <span style=\"color: #0000ff;\"><a style=\"color: #0000ff;\" href=\"https:\/\/ulpmat.com\/it\/contatti\/\">contattarci.<\/a><\/span><\/span><\/p>\n<h2><span style=\"font-family: georgia, palatino, serif; font-size: 14pt;\">Caratteristiche del prodotto<\/span><\/h2>\n<p><span style=\"font-family: georgia, palatino, serif;\">Purezza: 99%<\/span><br \/>\n<span style=\"font-family: georgia, palatino, serif;\">Particelle uniformi con eccellente disperdibilit\u00e0<\/span><br \/>\n<span style=\"font-family: georgia, palatino, serif;\">Eccellente stabilit\u00e0 termica e chimica<\/span><br \/>\n<span style=\"font-family: georgia, palatino, serif;\"><span style=\"color: #0000ff;\"><a style=\"color: #0000ff;\" href=\"https:\/\/ulpmat.com\/it\/servizio\/personalizzazione\/\">Personalizzabile<\/a> <\/span>dimensioni delle particelle e specifiche di confezionamento personalizzabili per soddisfare i diversi requisiti di processo<\/span><\/p>\n<h2><span style=\"font-family: georgia, palatino, serif; font-size: 14pt;\">Applicazioni<\/span><\/h2>\n<p><span style=\"font-family: georgia, palatino, serif;\">Ceramica funzionale: Utilizzato nella preparazione di substrati ceramici ad alte prestazioni<\/span><br \/>\n<span style=\"font-family: georgia, palatino, serif;\"><span style=\"color: #0000ff;\"><a style=\"color: #0000ff;\" href=\"https:\/\/ulpmat.com\/it\/applicazione\/spray-termico\/\">Materiali di rivestimento:<\/a><\/span> Utilizzati nei rivestimenti funzionali, come i rivestimenti resistenti all&#8217;usura e alla corrosione<\/span><br \/>\n<span style=\"font-family: georgia, palatino, serif;\">Materiali elettronici: Utilizzati nella produzione di isolanti ad alta temperatura e ceramiche elettroniche<\/span><br \/>\n<span style=\"font-family: georgia, palatino, serif;\">Materiali ottici: Come componente di alcune ceramiche ottiche<\/span><\/p>\n<p><span style=\"font-family: georgia, palatino, serif;\">Rapporti<\/span><\/p>\n<p><span style=\"font-family: georgia, palatino, serif;\">Forniamo un dettagliato <span style=\"color: #0000ff;\"><a style=\"color: #0000ff;\" href=\"https:\/\/ulpmat.com\/it\/servizio\/analisi-chimica\/\">Certificato di analisi (COA)<\/a><\/span>, scheda di sicurezza del materiale (MSDS) e altri rapporti di prova pertinenti con ogni lotto di polvere di BaAl\u2082O\u2084. Supportiamo test di terze parti per garantire una qualit\u00e0 del prodotto costante e affidabile.<\/span><\/p>\n","protected":false},"excerpt":{"rendered":"<p>Panoramica sulla polvere di alluminato di bario L&#8217;alluminato di bario \u00e8 una polvere di elevata purezza progettata specificamente per ceramiche funzionali e rivestimenti ad alte prestazioni. Con una purezza del 99%, le sue particelle uniformi e dense offrono un&#8217;eccellente stabilit\u00e0 termica e chimica, garantendo prestazioni eccellenti in una variet\u00e0 di processi. Offriamo una variet\u00e0 di [&hellip;]<\/p>\n","protected":false},"featured_media":16210,"template":"","meta":{"_acf_changed":false},"product_brand":[132],"product_cat":[1186],"product_tag":[],"class_list":{"0":"post-16209","1":"product","2":"type-product","3":"status-publish","4":"has-post-thumbnail","6":"product_brand-ulpmat","7":"product_cat-altri-acidi","9":"first","10":"instock","11":"shipping-taxable","12":"product-type-variable"},"acf":[],"_links":{"self":[{"href":"https:\/\/ulpmat.com\/it\/wp-json\/wp\/v2\/product\/16209","targetHints":{"allow":["GET"]}}],"collection":[{"href":"https:\/\/ulpmat.com\/it\/wp-json\/wp\/v2\/product"}],"about":[{"href":"https:\/\/ulpmat.com\/it\/wp-json\/wp\/v2\/types\/product"}],"wp:featuredmedia":[{"embeddable":true,"href":"https:\/\/ulpmat.com\/it\/wp-json\/wp\/v2\/media\/16210"}],"wp:attachment":[{"href":"https:\/\/ulpmat.com\/it\/wp-json\/wp\/v2\/media?parent=16209"}],"wp:term":[{"taxonomy":"product_brand","embeddable":true,"href":"https:\/\/ulpmat.com\/it\/wp-json\/wp\/v2\/product_brand?post=16209"},{"taxonomy":"product_cat","embeddable":true,"href":"https:\/\/ulpmat.com\/it\/wp-json\/wp\/v2\/product_cat?post=16209"},{"taxonomy":"product_tag","embeddable":true,"href":"https:\/\/ulpmat.com\/it\/wp-json\/wp\/v2\/product_tag?post=16209"}],"curies":[{"name":"wp","href":"https:\/\/api.w.org\/{rel}","templated":true}]}}