{"id":16191,"date":"2025-10-29T15:05:07","date_gmt":"2025-10-29T07:05:07","guid":{"rendered":"https:\/\/ulpmat.com\/product\/boruro-di-bario\/"},"modified":"2025-10-29T15:05:07","modified_gmt":"2025-10-29T07:05:07","slug":"boruro-di-bario","status":"publish","type":"product","link":"https:\/\/ulpmat.com\/it\/prodotto\/boruro-di-bario\/","title":{"rendered":"Boruro di bario"},"content":{"rendered":"<h2><span style=\"font-family: georgia, palatino, serif; font-size: 14pt;\">Panoramica della polvere di boruro di bario<\/span><\/h2>\n<p><span style=\"font-family: georgia, palatino, serif;\"><span style=\"color: #0000ff;\"><a style=\"color: #0000ff;\" href=\"https:\/\/ulpmat.com\/it\/ricerca\/?type=name&#038;keyword=Barium+Boride\">Il boruro di bario<\/a><\/span> \u00e8 una polvere di elevata purezza progettata specificamente per la preparazione di materiali ad alte prestazioni e rivestimenti funzionali. Con una purezza del 99,9%, particelle uniformi e dense, offre un&#8217;eccellente stabilit\u00e0 termica e conduttivit\u00e0 elettrica, garantendo prestazioni superiori in una variet\u00e0 di applicazioni di alto livello.<\/span><\/p>\n<p><span style=\"font-family: georgia, palatino, serif;\">Offriamo una variet\u00e0 di specifiche di polvere di boruro di bario e possiamo personalizzarle per soddisfare le vostre esigenze specifiche. Forniamo inoltre un supporto tecnico completo e un servizio post-vendita. Se avete domande durante l&#8217;uso, non esitate a contattarci <span style=\"color: #0000ff;\"><a style=\"color: #0000ff;\" href=\"https:\/\/ulpmat.com\/it\/contatti\/\">contattarci.<\/a><\/span><\/span><\/p>\n<h2><span style=\"font-family: georgia, palatino, serif; font-size: 14pt;\">Caratteristiche del prodotto<\/span><\/h2>\n<p><span style=\"font-family: georgia, palatino, serif;\">Purezza: 99,9%<\/span><br \/>\n<span style=\"font-family: georgia, palatino, serif;\">Particelle uniformi e dense con eccellente stabilit\u00e0 termica<\/span><br \/>\n<span style=\"font-family: georgia, palatino, serif;\">Eccellente conducibilit\u00e0 elettrica e propriet\u00e0 meccaniche<\/span><br \/>\n<span style=\"font-family: georgia, palatino, serif;\"><span style=\"color: #0000ff;\"><a style=\"color: #0000ff;\" href=\"https:\/\/ulpmat.com\/it\/servizio\/personalizzazione\/\">Dimensioni delle particelle e specifiche di confezionamento personalizzabili<\/a><\/span> dimensioni delle particelle e specifiche di confezionamento personalizzabili per soddisfare i diversi requisiti di processo<\/span><\/p>\n<h2><span style=\"font-family: georgia, palatino, serif; font-size: 14pt;\">Applicazioni di Buy Barium Carbonate Powder<\/span><\/h2>\n<p><span style=\"font-family: georgia, palatino, serif;\">Materiali elettronici: Utilizzato nella preparazione di dispositivi elettronici e materiali conduttivi<\/span><br \/>\n<span style=\"font-family: georgia, palatino, serif;\">Rivestimenti funzionali: Una materia prima fondamentale per rivestimenti resistenti all&#8217;usura e alla corrosione<\/span><br \/>\n<span style=\"font-family: georgia, palatino, serif;\">Materiali per alte temperature: Adatti per componenti strutturali ad alta temperatura e per la preparazione di ceramiche specializzate<\/span><br \/>\n<span style=\"font-family: georgia, palatino, serif;\">Materiali magnetici: Utilizzati nella produzione di alcuni compositi magnetici<\/span><\/p>\n<h2><span style=\"font-family: georgia, palatino, serif; font-size: 14pt;\">Rapporti<\/span><\/h2>\n<p><span style=\"font-family: georgia, palatino, serif;\">Forniamo un dettagliato<span style=\"color: #0000ff;\"><a style=\"color: #0000ff;\" href=\"https:\/\/ulpmat.com\/it\/servizio\/analisi-chimica\/\"> Certificato di analisi (COA<\/a><\/span>), la scheda di sicurezza dei materiali (MSDS) e altri rapporti di test pertinenti con ogni lotto di polvere di BaB\u2086. Supportiamo test di terze parti per garantire una qualit\u00e0 del prodotto costante e affidabile.<\/span><\/p>\n","protected":false},"excerpt":{"rendered":"<p>Panoramica della polvere di boruro di bario Il boruro di bario \u00e8 una polvere di elevata purezza progettata specificamente per la preparazione di materiali ad alte prestazioni e rivestimenti funzionali. Con una purezza del 99,9%, particelle uniformi e dense, offre un&#8217;eccellente stabilit\u00e0 termica e conduttivit\u00e0 elettrica, garantendo prestazioni superiori in una variet\u00e0 di applicazioni di [&hellip;]<\/p>\n","protected":false},"featured_media":16192,"template":"","meta":{"_acf_changed":false},"product_brand":[132],"product_cat":[714],"product_tag":[],"class_list":{"0":"post-16191","1":"product","2":"type-product","3":"status-publish","4":"has-post-thumbnail","6":"product_brand-ulpmat","7":"product_cat-materiali-refrattari","9":"first","10":"instock","11":"shipping-taxable","12":"product-type-variable"},"acf":[],"_links":{"self":[{"href":"https:\/\/ulpmat.com\/it\/wp-json\/wp\/v2\/product\/16191","targetHints":{"allow":["GET"]}}],"collection":[{"href":"https:\/\/ulpmat.com\/it\/wp-json\/wp\/v2\/product"}],"about":[{"href":"https:\/\/ulpmat.com\/it\/wp-json\/wp\/v2\/types\/product"}],"wp:featuredmedia":[{"embeddable":true,"href":"https:\/\/ulpmat.com\/it\/wp-json\/wp\/v2\/media\/16192"}],"wp:attachment":[{"href":"https:\/\/ulpmat.com\/it\/wp-json\/wp\/v2\/media?parent=16191"}],"wp:term":[{"taxonomy":"product_brand","embeddable":true,"href":"https:\/\/ulpmat.com\/it\/wp-json\/wp\/v2\/product_brand?post=16191"},{"taxonomy":"product_cat","embeddable":true,"href":"https:\/\/ulpmat.com\/it\/wp-json\/wp\/v2\/product_cat?post=16191"},{"taxonomy":"product_tag","embeddable":true,"href":"https:\/\/ulpmat.com\/it\/wp-json\/wp\/v2\/product_tag?post=16191"}],"curies":[{"name":"wp","href":"https:\/\/api.w.org\/{rel}","templated":true}]}}