{"id":16065,"date":"2025-10-29T15:05:09","date_gmt":"2025-10-29T07:05:09","guid":{"rendered":"https:\/\/ulpmat.com\/product\/fluoruro-di-bario\/"},"modified":"2025-10-29T15:05:09","modified_gmt":"2025-10-29T07:05:09","slug":"fluoruro-di-bario","status":"publish","type":"product","link":"https:\/\/ulpmat.com\/it\/prodotto\/fluoruro-di-bario\/","title":{"rendered":"Fluoruro di bario"},"content":{"rendered":"<h2><span style=\"font-family: georgia, palatino, serif; font-size: 14pt;\">Obiettivi per lo sputtering al fluoruro di bario Panoramica<\/span><\/h2>\n<p><span style=\"font-family: georgia, palatino, serif;\"><span style=\"color: #0000ff;\"><a style=\"color: #0000ff;\" href=\"https:\/\/ulpmat.com\/it\/ricerca\/?type=name&#038;keyword=Barium+Fluoride\">I target di fluoruro di bario<\/a><\/span> sono materiali ad alte prestazioni progettati specificamente per la deposizione di film sottili ottici e rivestimenti funzionali. Con una purezza fino al 99,99%, offrono densit\u00e0 e stabilit\u00e0 termica eccellenti, garantendo una struttura uniforme e propriet\u00e0 ottiche superiori nei film depositati.<\/span><\/p>\n<p><span style=\"font-family: georgia, palatino, serif;\">Offriamo bersagli per sputtering al fluoruro di bario in una variet\u00e0 di forme e dimensioni, tra cui forme rotonde e rettangolari, e possiamo personalizzarli in base alle vostre specifiche esigenze. Forniamo inoltre un&#8217;assistenza tecnica completa post-vendita: in caso di domande durante l&#8217;utilizzo, non esitate a <span style=\"color: #0000ff;\"><a style=\"color: #0000ff;\" href=\"https:\/\/ulpmat.com\/it\/contatti\/\">contattateci<\/a><\/span>.<\/span><\/p>\n<h2><span style=\"font-family: georgia, palatino, serif; font-size: 14pt;\">Caratteristiche del prodotto<\/span><\/h2>\n<p><span style=\"font-family: georgia, palatino, serif;\">Purezza: dal 99,9% al 99,99%<\/span><br \/>\n<span style=\"font-family: georgia, palatino, serif;\">L&#8217;alta densit\u00e0 garantisce una deposizione uniforme del film sottile<\/span><br \/>\n<span style=\"font-family: georgia, palatino, serif;\">Eccellente trasparenza ottica e stabilit\u00e0 termica<\/span><br \/>\n<span style=\"font-family: georgia, palatino, serif;\"><span style=\"color: #0000ff;\"><a style=\"color: #0000ff;\" href=\"https:\/\/ulpmat.com\/it\/servizio\/legame-con-lobiettivo\/\">Incollaggio del target<\/a> <\/span>disponibile<\/span><br \/>\n<span style=\"font-family: georgia, palatino, serif;\">Dimensioni e forma personalizzabili per soddisfare i diversi requisiti di processo<\/span><\/p>\n<h2><span style=\"font-family: georgia, palatino, serif; font-size: 14pt;\">Applicazioni del target di sputtering al fluoruro di bario<\/span><\/h2>\n<p><span style=\"font-family: georgia, palatino, serif;\"><span style=\"color: #0000ff;\"><a style=\"color: #0000ff;\" href=\"https:\/\/ulpmat.com\/it\/applicazione\/materiali-ottici\/\">Film sottili ottici:<\/a><\/span> Utilizzati per il rivestimento di lenti, finestre e componenti laser nella gamma da UV a IR<\/span><br \/>\n<span style=\"font-family: georgia, palatino, serif;\">Dispositivi ottici a infrarossi: Utilizzati per la produzione di lenti e finestre ottiche a infrarossi con eccellenti prestazioni ottiche<\/span><br \/>\n<span style=\"font-family: georgia, palatino, serif;\">Celle solari a film sottile: Utilizzato come materiale funzionale a film sottile per migliorare l&#8217;efficienza di conversione fotoelettrica<\/span><br \/>\n<span style=\"font-family: georgia, palatino, serif;\">Rivestimenti speciali: Utilizzato per la preparazione di rivestimenti funzionali resistenti all&#8217;usura e alla corrosione<\/span><\/p>\n<h2><span style=\"font-family: georgia, palatino, serif; font-size: 14pt;\">Rapporti<\/span><\/h2>\n<p><span style=\"font-family: georgia, palatino, serif;\">Forniamo un dettagliato <span style=\"color: #0000ff;\"><a style=\"color: #0000ff;\" href=\"https:\/\/ulpmat.com\/it\/servizio\/analisi-chimica\/\">Certificato di analisi (COA),<\/a><\/span> Scheda di sicurezza dei materiali (MSDS) e altri rapporti di prova pertinenti per ogni lotto di target di sputtering BaF\u2082. Supportiamo test di terze parti per garantire la qualit\u00e0 e l&#8217;affidabilit\u00e0 del prodotto.<\/span><\/p>\n","protected":false},"excerpt":{"rendered":"<p>Obiettivi per lo sputtering al fluoruro di bario Panoramica I target di fluoruro di bario sono materiali ad alte prestazioni progettati specificamente per la deposizione di film sottili ottici e rivestimenti funzionali. Con una purezza fino al 99,99%, offrono densit\u00e0 e stabilit\u00e0 termica eccellenti, garantendo una struttura uniforme e propriet\u00e0 ottiche superiori nei film depositati. [&hellip;]<\/p>\n","protected":false},"featured_media":16066,"template":"","meta":{"_acf_changed":false},"product_brand":[132],"product_cat":[453],"product_tag":[],"class_list":{"0":"post-16065","1":"product","2":"type-product","3":"status-publish","4":"has-post-thumbnail","6":"product_brand-ulpmat","7":"product_cat-target-di-sputtering-in-ceramica","9":"first","10":"instock","11":"shipping-taxable","12":"product-type-variable"},"acf":[],"_links":{"self":[{"href":"https:\/\/ulpmat.com\/it\/wp-json\/wp\/v2\/product\/16065","targetHints":{"allow":["GET"]}}],"collection":[{"href":"https:\/\/ulpmat.com\/it\/wp-json\/wp\/v2\/product"}],"about":[{"href":"https:\/\/ulpmat.com\/it\/wp-json\/wp\/v2\/types\/product"}],"wp:featuredmedia":[{"embeddable":true,"href":"https:\/\/ulpmat.com\/it\/wp-json\/wp\/v2\/media\/16066"}],"wp:attachment":[{"href":"https:\/\/ulpmat.com\/it\/wp-json\/wp\/v2\/media?parent=16065"}],"wp:term":[{"taxonomy":"product_brand","embeddable":true,"href":"https:\/\/ulpmat.com\/it\/wp-json\/wp\/v2\/product_brand?post=16065"},{"taxonomy":"product_cat","embeddable":true,"href":"https:\/\/ulpmat.com\/it\/wp-json\/wp\/v2\/product_cat?post=16065"},{"taxonomy":"product_tag","embeddable":true,"href":"https:\/\/ulpmat.com\/it\/wp-json\/wp\/v2\/product_tag?post=16065"}],"curies":[{"name":"wp","href":"https:\/\/api.w.org\/{rel}","templated":true}]}}