{"id":15929,"date":"2025-10-29T15:05:11","date_gmt":"2025-10-29T07:05:11","guid":{"rendered":"https:\/\/ulpmat.com\/product\/ossido-di-bario\/"},"modified":"2025-10-29T15:05:11","modified_gmt":"2025-10-29T07:05:11","slug":"ossido-di-bario","status":"publish","type":"product","link":"https:\/\/ulpmat.com\/it\/prodotto\/ossido-di-bario\/","title":{"rendered":"Ossido di bario"},"content":{"rendered":"<h2><span style=\"font-family: georgia, palatino, serif; font-size: 14pt;\">Obiettivi di sputtering all&#8217;ossido di bario Panoramica<\/span><\/h2>\n<p><span style=\"font-family: georgia, palatino, serif;\"><span style=\"color: #0000ff;\"><a style=\"color: #0000ff;\" href=\"https:\/\/ulpmat.com\/it\/ricerca\/?type=name&#038;keyword=Barium+Oxide\"> Ossido di bario<\/a><\/span> sono materiali ceramici ad alte prestazioni progettati specificamente per i processi di deposizione di film sottili. Con una purezza del 99,9%, offrono densit\u00e0 e stabilit\u00e0 eccellenti, assicurando una formazione uniforme del film, una buona adesione e impurit\u00e0 minime.<\/span><\/p>\n<p><span style=\"font-family: georgia, palatino, serif;\">Offriamo target di ossido di bario per sputtering in una variet\u00e0 di forme e dimensioni, tra cui forme rotonde e rettangolari, e possiamo personalizzarli per soddisfare le vostre esigenze specifiche. Forniamo inoltre un&#8217;assistenza tecnica completa post-vendita. Se avete domande durante l&#8217;uso, non esitate a contattarci <span style=\"color: #0000ff;\"><a style=\"color: #0000ff;\" href=\"https:\/\/ulpmat.com\/it\/contatti\/\">contattarci.<\/a><\/span><\/span><\/p>\n<h2><span style=\"font-family: georgia, palatino, serif; font-size: 14pt;\">Caratteristiche del prodotto<\/span><\/h2>\n<p><span style=\"font-family: georgia, palatino, serif;\">Purezza: 99,9%<\/span><br \/>\n<span style=\"font-family: georgia, palatino, serif;\">L&#8217;alta densit\u00e0 garantisce film sottili uniformi e stabili<\/span><br \/>\n<span style=\"font-family: georgia, palatino, serif;\">Dimensioni e forma personalizzabili per soddisfare i diversi requisiti di processo<\/span><br \/>\n<span style=\"font-family: georgia, palatino, serif;\"><span style=\"color: #0000ff;\"><a style=\"color: #0000ff;\" href=\"https:\/\/ulpmat.com\/it\/servizio\/legame-con-lobiettivo\/\">Incollaggio mirato<\/a><\/span> servizi disponibili<\/span><br \/>\n<span style=\"font-family: georgia, palatino, serif;\">Eccellente stabilit\u00e0 chimica e resistenza alle alte temperature, adatto per ambienti sotto vuoto e ad alta temperatura<\/span><\/p>\n<h2><span style=\"font-family: georgia, palatino, serif; font-size: 14pt;\">Applicazioni del target di ossido di bario per sputtering<\/span><\/h2>\n<p><span style=\"font-family: georgia, palatino, serif;\">Dispositivi optoelettronici: Utilizzato nella fabbricazione di film sottili per diodi a emissione luminosa (LED), laser e altre applicazioni, per migliorare le prestazioni dei dispositivi<\/span><br \/>\n<span style=\"font-family: georgia, palatino, serif;\">Film sottili ottici: Utilizzati come strati riflettenti e rivestimenti funzionali per migliorare le prestazioni e la durata dei componenti ottici<\/span><br \/>\n<span style=\"font-family: georgia, palatino, serif;\"><span style=\"color: #0000ff;\"><a style=\"color: #0000ff;\" href=\"https:\/\/ulpmat.com\/it\/applicazione\/materiali-per-semiconduttori\/\">Dispositivi a semiconduttore<\/a> <\/span>dispositivi a semiconduttore: Utilizzati come materiali dielettrici o altri strati funzionali in processi specifici<\/span><br \/>\n<span style=\"font-family: georgia, palatino, serif;\">Sensori e dispositivi energetici: Utilizzati per la deposizione di film sottili in sensori di gas, celle a combustibile e altre applicazioni<\/span><\/p>\n<h2><span style=\"font-family: georgia, palatino, serif; font-size: 14pt;\">Rapporti<\/span><\/h2>\n<p><span style=\"font-family: georgia, palatino, serif;\">Forniamo un dettagliato <span style=\"color: #0000ff;\"><a style=\"color: #0000ff;\" href=\"https:\/\/ulpmat.com\/it\/servizio\/analisi-chimica\/\">Certificato di analisi (COA),<\/a><\/span> Scheda di sicurezza dei materiali (MSDS) e altri rapporti di prova pertinenti per ogni lotto di target di sputtering BaO. Supportiamo test di terze parti per garantire la qualit\u00e0 e l&#8217;affidabilit\u00e0 del prodotto.<\/span><\/p>\n","protected":false},"excerpt":{"rendered":"<p>Obiettivi di sputtering all&#8217;ossido di bario Panoramica Ossido di bario sono materiali ceramici ad alte prestazioni progettati specificamente per i processi di deposizione di film sottili. Con una purezza del 99,9%, offrono densit\u00e0 e stabilit\u00e0 eccellenti, assicurando una formazione uniforme del film, una buona adesione e impurit\u00e0 minime. Offriamo target di ossido di bario per [&hellip;]<\/p>\n","protected":false},"featured_media":15930,"template":"","meta":{"_acf_changed":false},"product_brand":[132],"product_cat":[453],"product_tag":[],"class_list":{"0":"post-15929","1":"product","2":"type-product","3":"status-publish","4":"has-post-thumbnail","6":"product_brand-ulpmat","7":"product_cat-target-di-sputtering-in-ceramica","9":"first","10":"instock","11":"shipping-taxable","12":"product-type-variable"},"acf":[],"_links":{"self":[{"href":"https:\/\/ulpmat.com\/it\/wp-json\/wp\/v2\/product\/15929","targetHints":{"allow":["GET"]}}],"collection":[{"href":"https:\/\/ulpmat.com\/it\/wp-json\/wp\/v2\/product"}],"about":[{"href":"https:\/\/ulpmat.com\/it\/wp-json\/wp\/v2\/types\/product"}],"wp:featuredmedia":[{"embeddable":true,"href":"https:\/\/ulpmat.com\/it\/wp-json\/wp\/v2\/media\/15930"}],"wp:attachment":[{"href":"https:\/\/ulpmat.com\/it\/wp-json\/wp\/v2\/media?parent=15929"}],"wp:term":[{"taxonomy":"product_brand","embeddable":true,"href":"https:\/\/ulpmat.com\/it\/wp-json\/wp\/v2\/product_brand?post=15929"},{"taxonomy":"product_cat","embeddable":true,"href":"https:\/\/ulpmat.com\/it\/wp-json\/wp\/v2\/product_cat?post=15929"},{"taxonomy":"product_tag","embeddable":true,"href":"https:\/\/ulpmat.com\/it\/wp-json\/wp\/v2\/product_tag?post=15929"}],"curies":[{"name":"wp","href":"https:\/\/api.w.org\/{rel}","templated":true}]}}