{"id":15633,"date":"2025-10-29T15:05:14","date_gmt":"2025-10-29T07:05:14","guid":{"rendered":"https:\/\/ulpmat.com\/product\/ossido-di-bario-e-vanadio\/"},"modified":"2025-10-29T15:05:14","modified_gmt":"2025-10-29T07:05:14","slug":"ossido-di-bario-e-vanadio","status":"publish","type":"product","link":"https:\/\/ulpmat.com\/it\/prodotto\/ossido-di-bario-e-vanadio\/","title":{"rendered":"Ossido di bario e vanadio"},"content":{"rendered":"<h2><span style=\"font-family: georgia, palatino, serif; font-size: 14pt;\">Obiettivi di sputtering all&#8217;ossido di bario vanadio Panoramica<\/span><\/h2>\n<p><span style=\"font-family: georgia, palatino, serif;\"><span style=\"color: #0000ff;\"><a style=\"color: #0000ff;\" href=\"https:\/\/ulpmat.com\/it\/ricerca\/?type=name&#038;keyword=Barium+Vanadium+Oxide\">L&#8217;ossido di bario e vanadio<\/a><\/span> sono progettati specificamente per i processi di deposizione di film sottili. Sono caratterizzati da un&#8217;elevata purezza e da un&#8217;eccellente densit\u00e0, che assicurano una formazione uniforme e una qualit\u00e0 costante del film. Con una purezza fino al 99,99% e livelli di impurit\u00e0 estremamente bassi, eccellono nella fabbricazione di film sottili ceramici funzionali e dispositivi elettronici.<\/span><\/p>\n<p><span style=\"font-family: georgia, palatino, serif;\">Offriamo target di sputtering all&#8217;ossido di bario e vanadio in una variet\u00e0 di forme e dimensioni, tra cui forme rotonde e rettangolari, che possono essere personalizzate per soddisfare le esigenze dei clienti. Forniamo anche un&#8217;assistenza post-vendita completa; sentitevi liberi di <span style=\"color: #0000ff;\"><a style=\"color: #0000ff;\" href=\"https:\/\/ulpmat.com\/it\/contatti\/\">contattarci<\/a> <\/span>per qualsiasi domanda.<\/span><\/p>\n<h2><span style=\"font-family: georgia, palatino, serif; font-size: 14pt;\">Caratteristiche del prodotto<\/span><\/h2>\n<p><span style=\"font-family: georgia, palatino, serif;\">Purezza: dal 99,9% al 99,99<\/span><br \/>\n<span style=\"font-family: georgia, palatino, serif;\">L&#8217;alta densit\u00e0 garantisce una crescita uniforme del film sottile<\/span><br \/>\n<span style=\"font-family: georgia, palatino, serif;\">Dimensioni e forma personalizzabili<\/span><br \/>\n<span style=\"font-family: georgia, palatino, serif;\"><span style=\"color: #0000ff;\"><a style=\"color: #0000ff;\" href=\"https:\/\/ulpmat.com\/it\/servizio\/legame-con-lobiettivo\/\">Incollaggio mirato<\/a> <\/span>servizio disponibile<\/span><br \/>\n<span style=\"font-family: georgia, palatino, serif;\">Eccellente stabilit\u00e0 chimica e propriet\u00e0 meccaniche<\/span><\/p>\n<h2><span style=\"font-family: georgia, palatino, serif; font-size: 14pt;\">Applicazioni del target di sputtering in ossido di bario e vanadio<\/span><\/h2>\n<p><span style=\"font-family: georgia, palatino, serif;\">Film sottili ceramici funzionali: Utilizzato per la produzione di film sottili di ossido di perovskite ad alte prestazioni per sensori, dispositivi ferroelettrici e altro.<\/span><br \/>\n<span style=\"font-family: georgia, palatino, serif;\">Dispositivi elettronici: Prestazioni eccellenti in applicazioni semiconduttive ed elettrocatalitiche, adatte alla fabbricazione di transistor ed elettrodi a film sottile ad alte prestazioni.<\/span><br \/>\n<span style=\"font-family: georgia, palatino, serif;\">Materiali optoelettronici multifunzionali: Utilizzati nei film sottili fotovoltaici e ottici per migliorare l&#8217;efficienza e la stabilit\u00e0 dei dispositivi.<\/span><\/p>\n<h2><span style=\"font-family: georgia, palatino, serif; font-size: 14pt;\">Rapporti<\/span><\/h2>\n<p><span style=\"font-family: georgia, palatino, serif;\">Ogni lotto di target di sputtering BaVO\u2083 viene fornito con un <span style=\"color: #0000ff;\"><a style=\"color: #0000ff;\" href=\"https:\/\/ulpmat.com\/it\/servizio\/analisi-chimica\/\">Certificato di analisi (COA)<\/a><\/span>, una scheda di sicurezza dei materiali (MSDS) e i relativi rapporti di qualit\u00e0. Offriamo anche servizi di test di terze parti per garantire che la qualit\u00e0 del prodotto sia conforme agli standard del cliente.<\/span><\/p>\n","protected":false},"excerpt":{"rendered":"<p>Obiettivi di sputtering all&#8217;ossido di bario vanadio Panoramica L&#8217;ossido di bario e vanadio sono progettati specificamente per i processi di deposizione di film sottili. Sono caratterizzati da un&#8217;elevata purezza e da un&#8217;eccellente densit\u00e0, che assicurano una formazione uniforme e una qualit\u00e0 costante del film. Con una purezza fino al 99,99% e livelli di impurit\u00e0 estremamente [&hellip;]<\/p>\n","protected":false},"featured_media":15634,"template":"","meta":{"_acf_changed":false},"product_brand":[132],"product_cat":[453],"product_tag":[],"class_list":{"0":"post-15633","1":"product","2":"type-product","3":"status-publish","4":"has-post-thumbnail","6":"product_brand-ulpmat","7":"product_cat-target-di-sputtering-in-ceramica","9":"first","10":"instock","11":"shipping-taxable","12":"product-type-variable"},"acf":[],"_links":{"self":[{"href":"https:\/\/ulpmat.com\/it\/wp-json\/wp\/v2\/product\/15633","targetHints":{"allow":["GET"]}}],"collection":[{"href":"https:\/\/ulpmat.com\/it\/wp-json\/wp\/v2\/product"}],"about":[{"href":"https:\/\/ulpmat.com\/it\/wp-json\/wp\/v2\/types\/product"}],"wp:featuredmedia":[{"embeddable":true,"href":"https:\/\/ulpmat.com\/it\/wp-json\/wp\/v2\/media\/15634"}],"wp:attachment":[{"href":"https:\/\/ulpmat.com\/it\/wp-json\/wp\/v2\/media?parent=15633"}],"wp:term":[{"taxonomy":"product_brand","embeddable":true,"href":"https:\/\/ulpmat.com\/it\/wp-json\/wp\/v2\/product_brand?post=15633"},{"taxonomy":"product_cat","embeddable":true,"href":"https:\/\/ulpmat.com\/it\/wp-json\/wp\/v2\/product_cat?post=15633"},{"taxonomy":"product_tag","embeddable":true,"href":"https:\/\/ulpmat.com\/it\/wp-json\/wp\/v2\/product_tag?post=15633"}],"curies":[{"name":"wp","href":"https:\/\/api.w.org\/{rel}","templated":true}]}}