{"id":15527,"date":"2025-10-30T11:35:48","date_gmt":"2025-10-30T03:35:48","guid":{"rendered":"https:\/\/ulpmat.com\/product\/carbonato-di-cesio\/"},"modified":"2025-10-30T11:35:48","modified_gmt":"2025-10-30T03:35:48","slug":"carbonato-di-cesio","status":"publish","type":"product","link":"https:\/\/ulpmat.com\/it\/prodotto\/carbonato-di-cesio\/","title":{"rendered":"Carbonato di cesio"},"content":{"rendered":"<h2><span style=\"font-family: georgia, palatino, serif; font-size: 14pt;\">Panoramica della polvere di carbonato di cesio<\/span><\/h2>\n<p><span style=\"font-family: georgia, palatino, serif;\"><span style=\"color: #0000ff;\"><a style=\"color: #0000ff;\" href=\"https:\/\/ulpmat.com\/it\/ricerca\/?type=name&#038;keyword=Cesium+carbonate\">Il carbonato di cesio<\/a><\/span> \u00e8 un sale inorganico di elevata purezza con eccellenti caratteristiche di alcalinit\u00e0, solubilit\u00e0 e reattivit\u00e0. \u00c8 ampiamente utilizzato nella sintesi organica, nella catalisi, nei materiali elettronici e nella preparazione di vetri funzionali. La sua purezza pu\u00f2 raggiungere il 99,99%, rendendolo adatto alle applicazioni scientifiche e industriali pi\u00f9 esigenti.<\/span><\/p>\n<p><span style=\"font-family: georgia, palatino, serif;\">Offriamo polvere di carbonato di cesio in varie dimensioni di particelle, che offrono uniformit\u00e0 ed eccellente fluidit\u00e0. Il confezionamento personalizzato pu\u00f2 essere adattato alle vostre specifiche esigenze di processo. Forniamo inoltre un&#8217;assistenza tecnica completa e un servizio post-vendita: non esitate a <span style=\"color: #0000ff;\"><a style=\"color: #0000ff;\" href=\"https:\/\/ulpmat.com\/it\/contatti\/\">contattateci<\/a><\/span> per qualsiasi domanda.<\/span><\/p>\n<h2><span style=\"font-family: georgia, palatino, serif; font-size: 14pt;\">Caratteristiche principali del prodotto<\/span><\/h2>\n<p><span style=\"font-family: georgia, palatino, serif;\">Purezza: dal 99,9% al 99,99<\/span><br \/>\n<span style=\"font-family: georgia, palatino, serif;\">Contenuto di impurit\u00e0 estremamente basso, adatto per applicazioni di fascia alta<\/span><br \/>\n<span style=\"font-family: georgia, palatino, serif;\"><span style=\"color: #0000ff;\"><a style=\"color: #0000ff;\" href=\"https:\/\/ulpmat.com\/it\/servizio\/personalizzazione\/\">Personalizzabile<\/a><\/span> dimensioni delle particelle e specifiche di confezionamento<\/span><br \/>\n<span style=\"font-family: georgia, palatino, serif;\">Elevata reattivit\u00e0, adatta a reazioni di sintesi sia organiche che inorganiche<\/span><\/p>\n<h2><span style=\"font-family: georgia, palatino, serif;\"><span style=\"font-size: 14pt;\">Applicazioni del carbonato di cesio in polvere<\/span> <\/span><\/h2>\n<p><span style=\"font-family: georgia, palatino, serif;\">Sintesi organica: Comunemente utilizzato come reagente di base forte o catalizzatore di trasferimento di fase in reazioni quali carbossilazione, alchilazione e transesterificazione.<\/span><br \/>\n<span style=\"font-family: georgia, palatino, serif;\">Materiali elettronici: Utilizzato come materiale per l&#8217;iniezione\/trasporto di elettroni nelle celle solari a perovskite e negli strati di emissione luminosa OLED.<\/span><br \/>\n<span style=\"font-family: georgia, palatino, serif;\">Vetro funzionale: Utilizzato per preparare vetri al cesio con un elevato indice di rifrazione e propriet\u00e0 specifiche. Preparazione di catalizzatori: \u00c8 una materia prima fondamentale nella catalisi eterogenea e nei sistemi di catalisi alcalina.<\/span><br \/>\n<span style=\"font-family: georgia, palatino, serif;\">Reagenti di laboratorio: I gradi di elevata purezza sono adatti al controllo preciso delle condizioni alcaline in vari esperimenti di ricerca scientifica.<\/span><\/p>\n<h2><span style=\"font-family: georgia, palatino, serif; font-size: 14pt;\">Rapporti<\/span><\/h2>\n<p><span style=\"font-family: georgia, palatino, serif;\">Forniamo un completo <span style=\"color: #0000ff;\"><a style=\"color: #0000ff;\" href=\"https:\/\/ulpmat.com\/it\/servizio\/analisi-chimica\/\">Certificato di analisi (COA)<\/a><\/span>, scheda di sicurezza dei materiali (MSDS) e altri rapporti di conformit\u00e0 per ogni lotto di polvere di Cs\u2082CO\u2083. Supportiamo anche test di terze parti specificati dal cliente per garantire il controllo di qualit\u00e0 e l&#8217;affidabilit\u00e0 dei dati.<\/span><\/p>\n","protected":false},"excerpt":{"rendered":"<p>Panoramica della polvere di carbonato di cesio Il carbonato di cesio \u00e8 un sale inorganico di elevata purezza con eccellenti caratteristiche di alcalinit\u00e0, solubilit\u00e0 e reattivit\u00e0. \u00c8 ampiamente utilizzato nella sintesi organica, nella catalisi, nei materiali elettronici e nella preparazione di vetri funzionali. La sua purezza pu\u00f2 raggiungere il 99,99%, rendendolo adatto alle applicazioni scientifiche [&hellip;]<\/p>\n","protected":false},"featured_media":15528,"template":"","meta":{"_acf_changed":false},"product_brand":[132],"product_cat":[1186],"product_tag":[],"class_list":{"0":"post-15527","1":"product","2":"type-product","3":"status-publish","4":"has-post-thumbnail","6":"product_brand-ulpmat","7":"product_cat-altri-acidi","9":"first","10":"instock","11":"shipping-taxable","12":"product-type-variable"},"acf":[],"_links":{"self":[{"href":"https:\/\/ulpmat.com\/it\/wp-json\/wp\/v2\/product\/15527","targetHints":{"allow":["GET"]}}],"collection":[{"href":"https:\/\/ulpmat.com\/it\/wp-json\/wp\/v2\/product"}],"about":[{"href":"https:\/\/ulpmat.com\/it\/wp-json\/wp\/v2\/types\/product"}],"wp:featuredmedia":[{"embeddable":true,"href":"https:\/\/ulpmat.com\/it\/wp-json\/wp\/v2\/media\/15528"}],"wp:attachment":[{"href":"https:\/\/ulpmat.com\/it\/wp-json\/wp\/v2\/media?parent=15527"}],"wp:term":[{"taxonomy":"product_brand","embeddable":true,"href":"https:\/\/ulpmat.com\/it\/wp-json\/wp\/v2\/product_brand?post=15527"},{"taxonomy":"product_cat","embeddable":true,"href":"https:\/\/ulpmat.com\/it\/wp-json\/wp\/v2\/product_cat?post=15527"},{"taxonomy":"product_tag","embeddable":true,"href":"https:\/\/ulpmat.com\/it\/wp-json\/wp\/v2\/product_tag?post=15527"}],"curies":[{"name":"wp","href":"https:\/\/api.w.org\/{rel}","templated":true}]}}