{"id":15446,"date":"2025-10-30T11:35:50","date_gmt":"2025-10-30T03:35:50","guid":{"rendered":"https:\/\/ulpmat.com\/product\/fluoruro-di-cesio\/"},"modified":"2025-10-30T11:35:50","modified_gmt":"2025-10-30T03:35:50","slug":"fluoruro-di-cesio","status":"publish","type":"product","link":"https:\/\/ulpmat.com\/it\/prodotto\/fluoruro-di-cesio\/","title":{"rendered":"Fluoruro di cesio"},"content":{"rendered":"<h2><span style=\"font-family: georgia, palatino, serif; font-size: 14pt;\">Panoramica della polvere di fluoruro di cesio<\/span><\/h2>\n<p><span style=\"font-family: georgia, palatino, serif;\"><span style=\"color: #0000ff;\"><a style=\"color: #0000ff;\" href=\"https:\/\/ulpmat.com\/it\/ricerca\/?type=name&#038;keyword=Cesium+fluoride\">Il fluoruro di cesio<\/a><\/span> \u00e8 un importante fluoruro inorganico con un&#8217;eccellente conduttivit\u00e0 ionica, un&#8217;elevata stabilit\u00e0 termica e un&#8217;eccezionale purezza chimica. \u00c8 ampiamente utilizzato in optoelettronica, elettronica, energia nucleare e chimica di sintesi.<\/span><\/p>\n<p><span style=\"font-family: georgia, palatino, serif;\">Offriamo polvere di fluoruro di cesio al 99% con impurit\u00e0 estremamente ridotte. Possiamo personalizzare la distribuzione granulometrica per soddisfare le esigenze dei clienti, garantendo prestazioni ottimali in una variet\u00e0 di applicazioni di alto livello. Forniamo inoltre un servizio completo <span style=\"color: #0000ff;\"><a style=\"color: #0000ff;\" href=\"https:\/\/ulpmat.com\/it\/servizio\/servizio-post-vendita\/\">assistenza post-vendita<\/a> <\/span>per rispondere alle vostre esigenze.<\/span><\/p>\n<h2><span style=\"font-family: georgia, palatino, serif; font-size: 14pt;\">Caratteristiche principali del prodotto<\/span><\/h2>\n<p><span style=\"font-family: georgia, palatino, serif;\">Purezza: 99%<\/span><br \/>\n<span style=\"font-family: georgia, palatino, serif;\">Dimensione delle particelle: Personalizzabile<\/span><br \/>\n<span style=\"font-family: georgia, palatino, serif;\">Imballaggio: Personalizzabile<\/span><br \/>\n<span style=\"font-family: georgia, palatino, serif;\">Stabilit\u00e0 eccellente<\/span><\/p>\n<h2><span style=\"font-family: georgia, palatino, serif; font-size: 14pt;\">Applicazioni della polvere di fluoruro di cesio<\/span><\/h2>\n<p><span style=\"font-family: georgia, palatino, serif;\">Materiali elettronici\/ptoelettronici: Serve come materiale funzionale nei conduttori di ioni, nei rivestimenti ottici e nell&#8217;elettronica del vuoto.<\/span><br \/>\n<span style=\"font-family: georgia, palatino, serif;\">Chimica sintetica: Serve come fonte di fluoro nelle reazioni di fluorurazione organica, come le reazioni di sostituzione nucleofila dei composti aromatici.<\/span><br \/>\n<span style=\"font-family: georgia, palatino, serif;\">Industria nucleare: Il CsF \u00e8 utilizzato come componente del sale fuso nei reattori a sali fusi, partecipando alla conduzione del calore e al controllo della reazione neutronica.<\/span><br \/>\n<span style=\"font-family: georgia, palatino, serif;\">Applicazioni di ricerca: Utilizzato nello sviluppo di nuovi materiali, film sottili funzionali e sistemi elettrolitici per batterie.<\/span><\/p>\n<h2><span style=\"font-family: georgia, palatino, serif; font-size: 14pt;\">Rapporti<\/span><\/h2>\n<p><span style=\"font-family: georgia, palatino, serif;\">Forniamo un <span style=\"color: #0000ff;\"><a style=\"color: #0000ff;\" href=\"https:\/\/ulpmat.com\/it\/servizio\/analisi-chimica\/\">Certificato di analisi (COA),<\/a><\/span> Scheda di sicurezza dei materiali (MSDS) e altri rapporti pertinenti con ogni spedizione. Supportiamo anche test di terze parti per una maggiore garanzia di qualit\u00e0.<\/span><\/p>\n","protected":false},"excerpt":{"rendered":"<p>Panoramica della polvere di fluoruro di cesio Il fluoruro di cesio \u00e8 un importante fluoruro inorganico con un&#8217;eccellente conduttivit\u00e0 ionica, un&#8217;elevata stabilit\u00e0 termica e un&#8217;eccezionale purezza chimica. \u00c8 ampiamente utilizzato in optoelettronica, elettronica, energia nucleare e chimica di sintesi. Offriamo polvere di fluoruro di cesio al 99% con impurit\u00e0 estremamente ridotte. Possiamo personalizzare la distribuzione [&hellip;]<\/p>\n","protected":false},"featured_media":15447,"template":"","meta":{"_acf_changed":false},"product_brand":[132],"product_cat":[323],"product_tag":[],"class_list":{"0":"post-15446","1":"product","2":"type-product","3":"status-publish","4":"has-post-thumbnail","6":"product_brand-ulpmat","7":"product_cat-materiali-alogenuri","9":"first","10":"instock","11":"shipping-taxable","12":"product-type-variable"},"acf":[],"_links":{"self":[{"href":"https:\/\/ulpmat.com\/it\/wp-json\/wp\/v2\/product\/15446","targetHints":{"allow":["GET"]}}],"collection":[{"href":"https:\/\/ulpmat.com\/it\/wp-json\/wp\/v2\/product"}],"about":[{"href":"https:\/\/ulpmat.com\/it\/wp-json\/wp\/v2\/types\/product"}],"wp:featuredmedia":[{"embeddable":true,"href":"https:\/\/ulpmat.com\/it\/wp-json\/wp\/v2\/media\/15447"}],"wp:attachment":[{"href":"https:\/\/ulpmat.com\/it\/wp-json\/wp\/v2\/media?parent=15446"}],"wp:term":[{"taxonomy":"product_brand","embeddable":true,"href":"https:\/\/ulpmat.com\/it\/wp-json\/wp\/v2\/product_brand?post=15446"},{"taxonomy":"product_cat","embeddable":true,"href":"https:\/\/ulpmat.com\/it\/wp-json\/wp\/v2\/product_cat?post=15446"},{"taxonomy":"product_tag","embeddable":true,"href":"https:\/\/ulpmat.com\/it\/wp-json\/wp\/v2\/product_tag?post=15446"}],"curies":[{"name":"wp","href":"https:\/\/api.w.org\/{rel}","templated":true}]}}