{"id":15378,"date":"2025-10-30T11:35:51","date_gmt":"2025-10-30T03:35:51","guid":{"rendered":"https:\/\/ulpmat.com\/product\/idrossido-di-cesio-idrato\/"},"modified":"2025-10-30T11:35:51","modified_gmt":"2025-10-30T03:35:51","slug":"idrossido-di-cesio-idrato","status":"publish","type":"product","link":"https:\/\/ulpmat.com\/it\/prodotto\/idrossido-di-cesio-idrato\/","title":{"rendered":"Idrossido di cesio idrato"},"content":{"rendered":"<h2><span style=\"font-family: georgia, palatino, serif; font-size: 14pt;\">Panoramica della polvere di idrossido di cesio idrato<\/span><\/h2>\n<p><span style=\"font-family: georgia, palatino, serif;\"><span style=\"color: #0000ff;\"><a style=\"color: #0000ff;\" href=\"https:\/\/ulpmat.com\/it\/ricerca\/?type=name&#038;keyword=Cesium+hydroxide+hydrate\">L&#8217;idrossido di cesio idrato<\/a> <\/span>\u00e8 un composto inorganico di elevata purezza comunemente utilizzato in applicazioni avanzate come la sintesi, la catalisi e la ricerca sugli elettroliti. La nostra polvere di idrato di cesio presenta livelli di impurit\u00e0 estremamente bassi e un&#8217;eccellente stabilit\u00e0, soddisfacendo le esigenze degli utenti scientifici e industriali in una variet\u00e0 di ambienti estremi.<\/span><\/p>\n<p><span style=\"font-family: georgia, palatino, serif;\">Offriamo diversi gradi di polvere di CsOH-H\u2082O e possiamo personalizzare le specifiche di imballaggio per soddisfare le esigenze dei clienti. Tutti i prodotti sono corredati dai relativi rapporti di ispezione della qualit\u00e0 per garantire la tracciabilit\u00e0 e la stabilit\u00e0.<\/span><\/p>\n<h2><span style=\"font-family: georgia, palatino, serif; font-size: 14pt;\">Caratteristiche principali del prodotto<\/span><\/h2>\n<p><span style=\"font-family: georgia, palatino, serif;\">Purezza: 99,9%<\/span><br \/>\n<span style=\"font-family: georgia, palatino, serif;\">Idrossido di cesio contenente un idrato di cristallizzazione<\/span><br \/>\n<span style=\"font-family: georgia, palatino, serif;\">Altamente igroscopico e altamente reattivo<\/span><br \/>\n<span style=\"font-family: georgia, palatino, serif;\">Imballaggio personalizzabile<\/span><br \/>\n<span style=\"font-family: georgia, palatino, serif;\">Fornisce un prodotto stabile e a bassa impurit\u00e0.<\/span><\/p>\n<h2><span style=\"font-family: georgia, palatino, serif; font-size: 14pt;\">Applicazioni della polvere di idrossido di cesio idrato<\/span><\/h2>\n<p><span style=\"font-family: georgia, palatino, serif;\">Sintesi inorganica e preparazione di catalizzatori: Utilizzato nella sintesi di composti a base di cesio e di catalizzatori di metalli di transizione.<\/span><br \/>\n<span style=\"font-family: georgia, palatino, serif;\">Elettrochimica e materiali per l&#8217;accumulo di energia: Utilizzato nello sviluppo di elettroliti per batterie alcaline e di nuove batterie agli ioni di sodio\/cesio.<\/span><br \/>\n<span style=\"font-family: georgia, palatino, serif;\">Chimica analitica e reagenti di laboratorio: Il CsOH-H\u2082O di elevata purezza \u00e8 molto efficace nell&#8217;analisi degli elementi in traccia e nella separazione e purificazione. Modifica dei materiali: Utilizzato per manipolare le propriet\u00e0 di alcuni materiali ceramici e di vetro, migliorandone le caratteristiche termiche ed elettriche.<\/span><\/p>\n<h2><span style=\"font-family: georgia, palatino, serif; font-size: 14pt;\">Rapporti<\/span><\/h2>\n<p><span style=\"font-family: georgia, palatino, serif;\">Forniamo un <span style=\"color: #0000ff;\"><a style=\"color: #0000ff;\" href=\"https:\/\/ulpmat.com\/it\/servizio\/analisi-chimica\/\">Certificato di analisi (COA),<\/a><\/span> Scheda di sicurezza dei materiali (MSDS) e rapporti pertinenti, come le dimensioni delle particelle e i modelli XRD per ogni lotto di polvere di CsOH-H\u2082O. Supportiamo anche le richieste di test di terze parti commissionati dai nostri clienti per rafforzare ulteriormente il controllo di qualit\u00e0 del prodotto.<\/span><\/p>\n","protected":false},"excerpt":{"rendered":"<p>Panoramica della polvere di idrossido di cesio idrato L&#8217;idrossido di cesio idrato \u00e8 un composto inorganico di elevata purezza comunemente utilizzato in applicazioni avanzate come la sintesi, la catalisi e la ricerca sugli elettroliti. La nostra polvere di idrato di cesio presenta livelli di impurit\u00e0 estremamente bassi e un&#8217;eccellente stabilit\u00e0, soddisfacendo le esigenze degli utenti [&hellip;]<\/p>\n","protected":false},"featured_media":15379,"template":"","meta":{"_acf_changed":false},"product_brand":[132],"product_cat":[436],"product_tag":[],"class_list":{"0":"post-15378","1":"product","2":"type-product","3":"status-publish","4":"has-post-thumbnail","6":"product_brand-ulpmat","7":"product_cat-ossidi","9":"first","10":"instock","11":"shipping-taxable","12":"product-type-variable"},"acf":[],"_links":{"self":[{"href":"https:\/\/ulpmat.com\/it\/wp-json\/wp\/v2\/product\/15378","targetHints":{"allow":["GET"]}}],"collection":[{"href":"https:\/\/ulpmat.com\/it\/wp-json\/wp\/v2\/product"}],"about":[{"href":"https:\/\/ulpmat.com\/it\/wp-json\/wp\/v2\/types\/product"}],"wp:featuredmedia":[{"embeddable":true,"href":"https:\/\/ulpmat.com\/it\/wp-json\/wp\/v2\/media\/15379"}],"wp:attachment":[{"href":"https:\/\/ulpmat.com\/it\/wp-json\/wp\/v2\/media?parent=15378"}],"wp:term":[{"taxonomy":"product_brand","embeddable":true,"href":"https:\/\/ulpmat.com\/it\/wp-json\/wp\/v2\/product_brand?post=15378"},{"taxonomy":"product_cat","embeddable":true,"href":"https:\/\/ulpmat.com\/it\/wp-json\/wp\/v2\/product_cat?post=15378"},{"taxonomy":"product_tag","embeddable":true,"href":"https:\/\/ulpmat.com\/it\/wp-json\/wp\/v2\/product_tag?post=15378"}],"curies":[{"name":"wp","href":"https:\/\/api.w.org\/{rel}","templated":true}]}}