{"id":12805,"date":"2025-07-18T17:14:38","date_gmt":"2025-07-18T09:14:38","guid":{"rendered":"https:\/\/ulpmat.com\/product\/lega-di-alluminio-cromo-e-silicio\/"},"modified":"2025-07-18T17:14:38","modified_gmt":"2025-07-18T09:14:38","slug":"lega-di-alluminio-cromo-e-silicio","status":"publish","type":"product","link":"https:\/\/ulpmat.com\/it\/prodotto\/lega-di-alluminio-cromo-e-silicio\/","title":{"rendered":"Lega di alluminio, cromo e silicio"},"content":{"rendered":"<h2><span style=\"font-size: 14pt;\">Panoramica della lega alluminio-cromo-silicio<\/span><\/h2>\n<p><strong><span style=\"color: #3366ff;\"><a style=\"color: #3366ff;\" href=\"https:\/\/ulpmat.com\/it\/ricerca\/?type=element&#038;keyword=ALCRSI\">Alluminio Cromo Silicio<\/a><\/span><\/strong> I granuli di lega sono materiali ad alte prestazioni progettati per una serie di applicazioni avanzate, tra cui la deposizione di film sottili e l&#8217;ingegneria delle superfici. La presenza di silicio aumenta la resistenza del materiale all&#8217;ossidazione, mentre l&#8217;alluminio garantisce leggerezza e resistenza meccanica. Il cromo contribuisce ad aumentare la resistenza alla corrosione e a migliorare la durezza.<\/p>\n<p>Offriamo composizioni e dimensioni personalizzabili per soddisfare esigenze specifiche, oltre a un&#8217;assistenza post-vendita completa <span style=\"color: #3366ff;\"><a style=\"color: #3366ff;\" href=\"https:\/\/ulpmat.com\/it\/contatti\/\">contattateci<\/a><\/span> se avete domande sul suo utilizzo.<\/p>\n<h2><span style=\"font-size: 14pt;\">Caratteristiche principali del prodotto:<\/span><\/h2>\n<p>Eccezionale durezza e resistenza all&#8217;usura<br \/>\nElevata resistenza alla corrosione e all&#8217;ossidazione<br \/>\nMigliore conducibilit\u00e0 termica ed elettrica<br \/>\nIdeale per la deposizione di film sottili e rivestimenti superficiali<br \/>\nDimensioni e forme personalizzabili per soddisfare esigenze specifiche<\/p>\n<h2><span style=\"font-size: 14pt;\">Applicazioni dei granuli di AlCrSi<\/span><\/h2>\n<p>Semiconduttori: Utilizzati nella deposizione di film sottili per interconnessioni, contatti e altri strati conduttivi nei dispositivi a semiconduttore.<br \/>\nAerospaziale e automobilistico: Applicato in rivestimenti superficiali e strati resistenti all&#8217;usura per componenti aerospaziali e automobilistici esposti a forti sollecitazioni.<br \/>\nRivestimenti ottici: Utilizzati nella deposizione di rivestimenti per componenti ottici, che offrono un&#8217;elevata durata e resistenza alla corrosione.<br \/>\nEnergia: ideale per applicazioni energetiche come rivestimenti ad alte prestazioni per batterie, celle a combustibile e dispositivi di accumulo di energia.<\/p>\n<h2><span style=\"font-size: 14pt;\">Rapporti<\/span><\/h2>\n<p>Ogni spedizione dei nostri granuli di AlCrSi \u00e8 accompagnata da un certificato di analisi (COA), da una scheda di sicurezza dei materiali (MSDS) e da altri rapporti sulla qualit\u00e0 per garantire che il prodotto soddisfi gli standard pi\u00f9 severi. Supportiamo anche test di terze parti per un&#8217;ulteriore garanzia di qualit\u00e0.<\/p>\n","protected":false},"excerpt":{"rendered":"<p>Panoramica della lega alluminio-cromo-silicio Alluminio Cromo Silicio I granuli di lega sono materiali ad alte prestazioni progettati per una serie di applicazioni avanzate, tra cui la deposizione di film sottili e l&#8217;ingegneria delle superfici. La presenza di silicio aumenta la resistenza del materiale all&#8217;ossidazione, mentre l&#8217;alluminio garantisce leggerezza e resistenza meccanica. Il cromo contribuisce ad [&hellip;]<\/p>\n","protected":false},"featured_media":6628,"template":"","meta":{"_acf_changed":false},"product_brand":[132],"product_cat":[293],"product_tag":[1146],"class_list":{"0":"post-12805","1":"product","2":"type-product","3":"status-publish","4":"has-post-thumbnail","6":"product_brand-ulpmat","7":"product_cat-materiali-per-levaporazione","8":"product_tag-lega-di-alluminio","10":"first","11":"instock","12":"shipping-taxable","13":"product-type-variable"},"acf":[],"_links":{"self":[{"href":"https:\/\/ulpmat.com\/it\/wp-json\/wp\/v2\/product\/12805","targetHints":{"allow":["GET"]}}],"collection":[{"href":"https:\/\/ulpmat.com\/it\/wp-json\/wp\/v2\/product"}],"about":[{"href":"https:\/\/ulpmat.com\/it\/wp-json\/wp\/v2\/types\/product"}],"wp:featuredmedia":[{"embeddable":true,"href":"https:\/\/ulpmat.com\/it\/wp-json\/wp\/v2\/media\/6628"}],"wp:attachment":[{"href":"https:\/\/ulpmat.com\/it\/wp-json\/wp\/v2\/media?parent=12805"}],"wp:term":[{"taxonomy":"product_brand","embeddable":true,"href":"https:\/\/ulpmat.com\/it\/wp-json\/wp\/v2\/product_brand?post=12805"},{"taxonomy":"product_cat","embeddable":true,"href":"https:\/\/ulpmat.com\/it\/wp-json\/wp\/v2\/product_cat?post=12805"},{"taxonomy":"product_tag","embeddable":true,"href":"https:\/\/ulpmat.com\/it\/wp-json\/wp\/v2\/product_tag?post=12805"}],"curies":[{"name":"wp","href":"https:\/\/api.w.org\/{rel}","templated":true}]}}