{"id":12759,"date":"2025-07-18T17:14:39","date_gmt":"2025-07-18T09:14:39","guid":{"rendered":"https:\/\/ulpmat.com\/product\/alluminio-rame-ferro-lega\/"},"modified":"2025-07-18T17:14:39","modified_gmt":"2025-07-18T09:14:39","slug":"alluminio-rame-ferro-lega","status":"publish","type":"product","link":"https:\/\/ulpmat.com\/it\/prodotto\/alluminio-rame-ferro-lega\/","title":{"rendered":"Alluminio Rame Ferro Lega"},"content":{"rendered":"<h2><span style=\"font-size: 14pt;\">Panoramica delle leghe di alluminio, rame e ferro<\/span><\/h2>\n<p><strong><span style=\"color: #3366ff;\"><a style=\"color: #3366ff;\" href=\"https:\/\/ulpmat.com\/it\/ricerca\/?type=element&#038;keyword=alcufe\">Alluminio Rame Ferro<\/a><\/span><\/strong> I target di sputtering in lega sono materiali funzionali avanzati progettati per l&#8217;uso nei processi di deposizione di film sottili, in particolare quando si desiderano film di lega complessi o strutture quasicristalline. Offriamo composizioni e dimensioni personalizzabili per soddisfare esigenze specifiche, oltre a un&#8217;assistenza post-vendita completa: non esitate a contattarci per qualsiasi domanda sul suo utilizzo.<\/p>\n<p>L&#8217;AlCuFe si distingue per la sua capacit\u00e0 di formare fasi quasicristalline stabili, che presentano propriet\u00e0 uniche come bassa conduttivit\u00e0 termica, elevata durezza ed eccellente resistenza all&#8217;ossidazione. Queste caratteristiche rendono gli obiettivi AlCuFe particolarmente adatti per la ricerca e lo sviluppo all&#8217;avanguardia e per le applicazioni di alto valore che richiedono prestazioni elettroniche, termiche o strutturali insolite.<\/p>\n<h2><span style=\"font-size: 14pt;\">Caratteristiche principali del prodotto<\/span><\/h2>\n<p>Purezza: \u226599,5%<br \/>\nDisponibile in rapporti Al\/Cu\/Fe standard e personalizzati<br \/>\nSupporta la formazione di film sottili quasicristallini<br \/>\nEccellente durezza e resistenza all&#8217;usura<br \/>\nBuona stabilit\u00e0 termica e chimica<br \/>\nElevata uniformit\u00e0 di sputtering e basso contenuto di impurit\u00e0<br \/>\nPersonalizzabile per dimensioni, forma e composizione<\/p>\n<h2><span style=\"font-size: 14pt;\">Applicazioni dei target sputtering AlCuFe<\/span><\/h2>\n<p>Rivestimenti quasicristallini: Utilizzati per depositare film sottili con basso attrito, elevata durezza e buona resistenza all&#8217;ossidazione<br \/>\nIngegneria delle superfici: Forma strati duri e resistenti all&#8217;usura su utensili da taglio, stampi e parti di macchine<br \/>\nRivestimenti a barriera termica: Ideali per i componenti esposti a sollecitazioni termiche grazie alla bassa conduttivit\u00e0 termica<br \/>\nRivestimenti decorativi e funzionali: Applicati per creare finiture metalliche durevoli con propriet\u00e0 ottiche\/elettriche uniche<br \/>\nElettronica avanzata: Supporta lo sviluppo sperimentale di film in lega a bassa perdita o termicamente stabili<\/p>\n<h2><span style=\"font-size: 14pt;\">Rapporti<\/span><\/h2>\n<p>Certificato di analisi (COA)<br \/>\nScheda di sicurezza dei materiali (MSDS)<br \/>\nAnalisi della struttura di fase o XRD (su richiesta)<br \/>\nTest di terze parti disponibili su richiesta del cliente<\/p>\n","protected":false},"excerpt":{"rendered":"<p>Panoramica delle leghe di alluminio, rame e ferro Alluminio Rame Ferro I target di sputtering in lega sono materiali funzionali avanzati progettati per l&#8217;uso nei processi di deposizione di film sottili, in particolare quando si desiderano film di lega complessi o strutture quasicristalline. Offriamo composizioni e dimensioni personalizzabili per soddisfare esigenze specifiche, oltre a un&#8217;assistenza [&hellip;]<\/p>\n","protected":false},"featured_media":6652,"template":"","meta":{"_acf_changed":false},"product_brand":[132],"product_cat":[564],"product_tag":[1146],"class_list":{"0":"post-12759","1":"product","2":"type-product","3":"status-publish","4":"has-post-thumbnail","6":"product_brand-ulpmat","7":"product_cat-target-di-sputtering-in-lega","8":"product_tag-lega-di-alluminio","10":"first","11":"instock","12":"shipping-taxable","13":"product-type-variable"},"acf":[],"_links":{"self":[{"href":"https:\/\/ulpmat.com\/it\/wp-json\/wp\/v2\/product\/12759","targetHints":{"allow":["GET"]}}],"collection":[{"href":"https:\/\/ulpmat.com\/it\/wp-json\/wp\/v2\/product"}],"about":[{"href":"https:\/\/ulpmat.com\/it\/wp-json\/wp\/v2\/types\/product"}],"wp:featuredmedia":[{"embeddable":true,"href":"https:\/\/ulpmat.com\/it\/wp-json\/wp\/v2\/media\/6652"}],"wp:attachment":[{"href":"https:\/\/ulpmat.com\/it\/wp-json\/wp\/v2\/media?parent=12759"}],"wp:term":[{"taxonomy":"product_brand","embeddable":true,"href":"https:\/\/ulpmat.com\/it\/wp-json\/wp\/v2\/product_brand?post=12759"},{"taxonomy":"product_cat","embeddable":true,"href":"https:\/\/ulpmat.com\/it\/wp-json\/wp\/v2\/product_cat?post=12759"},{"taxonomy":"product_tag","embeddable":true,"href":"https:\/\/ulpmat.com\/it\/wp-json\/wp\/v2\/product_tag?post=12759"}],"curies":[{"name":"wp","href":"https:\/\/api.w.org\/{rel}","templated":true}]}}