{"id":12632,"date":"2025-07-18T17:14:45","date_gmt":"2025-07-18T09:14:45","guid":{"rendered":"https:\/\/ulpmat.com\/product\/a14130-lega-di-alluminio\/"},"modified":"2025-07-18T17:14:45","modified_gmt":"2025-07-18T09:14:45","slug":"a14130-lega-di-alluminio","status":"publish","type":"product","link":"https:\/\/ulpmat.com\/it\/prodotto\/a14130-lega-di-alluminio\/","title":{"rendered":"A14130 Lega di alluminio"},"content":{"rendered":"<h2><span style=\"font-size: 14pt;\">Panoramica della polvere sferica AlSi12<\/span><\/h2>\n<p><strong><span style=\"color: #3366ff;\"><a style=\"color: #3366ff;\" href=\"https:\/\/ulpmat.com\/it\/ricerca\/?type=name&#038;keyword=alsi12\">AlSi12<\/a><\/span><\/strong> Spherical Powder \u00e8 una polvere di lega di alluminio e silicio di alta qualit\u00e0, appositamente progettata per applicazioni avanzate di fabbricazione additiva e metallurgia delle polveri. Con una composizione tipica del 12% di silicio, questa polvere sferica offre un&#8217;eccellente fluidit\u00e0, un&#8217;elevata densit\u00e0 di impaccamento e propriet\u00e0 meccaniche superiori, che la rendono ideale per la produzione di componenti leggeri, resistenti all&#8217;usura e termicamente stabili.<\/p>\n<p>Prodotta con tecniche di atomizzazione avanzate, la nostra polvere sferica AlSi12 garantisce una distribuzione uniforme delle dimensioni delle particelle, una formazione minima di satelliti e una composizione chimica coerente. Offriamo dimensioni delle particelle personalizzabili per soddisfare esigenze specifiche e un&#8217;assistenza post-vendita completa <span style=\"color: #3366ff;\"><a style=\"color: #3366ff;\" href=\"https:\/\/ulpmat.com\/it\/contatti\/\">contattateci<\/a><\/span> per qualsiasi domanda.<\/p>\n<h2><span style=\"font-size: 14pt;\">Caratteristiche del prodotto<\/span><\/h2>\n<p>Purezza: \u226599,9%<br \/>\nComposizione: Al-12wt%Si<br \/>\nMorfologia sferica delle particelle per un&#8217;eccellente scorrevolezza<br \/>\nDistribuzione uniforme delle dimensioni delle particelle<br \/>\nAlta densit\u00e0 di impaccamento per una migliore densit\u00e0 dei pezzi<br \/>\nMaggiore resistenza all&#8217;usura e stabilit\u00e0 termica<br \/>\nIdeale per la produzione additiva e la metallurgia delle polveri<\/p>\n<h2><span style=\"font-size: 14pt;\">Applicazioni della polvere sferica AlSi12<\/span><\/h2>\n<p>Produzione additiva: Fusione laser a letto di polvere (LPBF) e sinterizzazione laser diretta di metalli (DMLS) per i settori aerospaziale, automobilistico e degli utensili<br \/>\nMetallurgia delle polveri: Produzione di componenti in lega di alluminio leggeri e resistenti all&#8217;usura<br \/>\nPrototipazione rapida: Realizzazione di prototipi funzionali con eccellenti propriet\u00e0 meccaniche<br \/>\nGestione termica: Componenti che richiedono una buona stabilit\u00e0 e conducibilit\u00e0 termica<\/p>\n<h2><span style=\"font-size: 14pt;\">Rapporti<\/span><\/h2>\n<p>Certificato di analisi (COA)<br \/>\nScheda di sicurezza dei materiali (MSDS)<br \/>\nTest di terze parti disponibili su richiesta<\/p>\n","protected":false},"excerpt":{"rendered":"<p>Panoramica della polvere sferica AlSi12 AlSi12 Spherical Powder \u00e8 una polvere di lega di alluminio e silicio di alta qualit\u00e0, appositamente progettata per applicazioni avanzate di fabbricazione additiva e metallurgia delle polveri. Con una composizione tipica del 12% di silicio, questa polvere sferica offre un&#8217;eccellente fluidit\u00e0, un&#8217;elevata densit\u00e0 di impaccamento e propriet\u00e0 meccaniche superiori, che [&hellip;]<\/p>\n","protected":false},"featured_media":6694,"template":"","meta":{"_acf_changed":false},"product_brand":[132],"product_cat":[1145],"product_tag":[1146],"class_list":{"0":"post-12632","1":"product","2":"type-product","3":"status-publish","4":"has-post-thumbnail","6":"product_brand-ulpmat","7":"product_cat-stampa-3d-di-polvere-sferica","8":"product_tag-lega-di-alluminio","10":"first","11":"instock","12":"shipping-taxable","13":"product-type-variable"},"acf":[],"_links":{"self":[{"href":"https:\/\/ulpmat.com\/it\/wp-json\/wp\/v2\/product\/12632","targetHints":{"allow":["GET"]}}],"collection":[{"href":"https:\/\/ulpmat.com\/it\/wp-json\/wp\/v2\/product"}],"about":[{"href":"https:\/\/ulpmat.com\/it\/wp-json\/wp\/v2\/types\/product"}],"wp:featuredmedia":[{"embeddable":true,"href":"https:\/\/ulpmat.com\/it\/wp-json\/wp\/v2\/media\/6694"}],"wp:attachment":[{"href":"https:\/\/ulpmat.com\/it\/wp-json\/wp\/v2\/media?parent=12632"}],"wp:term":[{"taxonomy":"product_brand","embeddable":true,"href":"https:\/\/ulpmat.com\/it\/wp-json\/wp\/v2\/product_brand?post=12632"},{"taxonomy":"product_cat","embeddable":true,"href":"https:\/\/ulpmat.com\/it\/wp-json\/wp\/v2\/product_cat?post=12632"},{"taxonomy":"product_tag","embeddable":true,"href":"https:\/\/ulpmat.com\/it\/wp-json\/wp\/v2\/product_tag?post=12632"}],"curies":[{"name":"wp","href":"https:\/\/api.w.org\/{rel}","templated":true}]}}