{"id":12624,"date":"2025-07-18T17:14:46","date_gmt":"2025-07-18T09:14:46","guid":{"rendered":"https:\/\/ulpmat.com\/product\/lega-alluminio-silicio-rame\/"},"modified":"2025-07-18T17:14:46","modified_gmt":"2025-07-18T09:14:46","slug":"lega-alluminio-silicio-rame","status":"publish","type":"product","link":"https:\/\/ulpmat.com\/it\/prodotto\/lega-alluminio-silicio-rame\/","title":{"rendered":"Lega alluminio-silicio-rame"},"content":{"rendered":"<p><strong><span style=\"color: #3366ff;\"><a style=\"color: #3366ff;\" href=\"https:\/\/ulpmat.com\/it\/ricerca\/?type=name&#038;keyword=alsi9cu3\">AlSi9Cu3<\/a><\/span><\/strong> Spherical Powder \u00e8 una polvere di lega di alluminio ad alte prestazioni progettata per la produzione additiva e la metallurgia delle polveri avanzata. Con una composizione tipica del 9 % in peso di silicio e del 3 % in peso di rame, questa polvere sferica combina un&#8217;eccellente resistenza meccanica, resistenza all&#8217;usura e stabilit\u00e0 termica.<\/p>\n<p>Prodotta mediante atomizzazione a gas all&#8217;avanguardia, la nostra polvere di AlSi9Cu3 presenta una distribuzione granulometrica uniforme, un&#8217;eccellente fluidit\u00e0 e un basso contenuto di ossigeno, garantendo una lavorazione e una qualit\u00e0 dei pezzi superiori. Offriamo anche un&#8217;assistenza post-vendita completa: sentitevi liberi di <span style=\"color: #3366ff;\"><a style=\"color: #3366ff;\" href=\"https:\/\/ulpmat.com\/it\/contatti\/\">contattarci<\/a><\/span> per qualsiasi domanda.<\/p>\n<h2><span style=\"font-size: 14pt;\">Caratteristiche del prodotto<\/span><\/h2>\n<p>Purezza: \u226599,9%<br \/>\nComposizione: Al-9wt%Si-3wt%Cu<br \/>\nMorfologia sferica per una fluidit\u00e0 ottimale<br \/>\nDistribuzione granulometrica coerente<br \/>\nElevata densit\u00e0 di impaccamento per una migliore sinterizzazione e fusione<br \/>\nMaggiore resistenza meccanica e all&#8217;usura<br \/>\nAdatto per la produzione additiva e la metallurgia delle polveri<\/p>\n<h2><span style=\"font-size: 14pt;\">Applicazioni della polvere sferica AlSi9Cu3<\/span><\/h2>\n<p>Produzione additiva: Ideale per la fusione laser a letto di polvere (LPBF) e per la sinterizzazione laser diretta dei metalli (DMLS)<br \/>\nMetallurgia delle polveri: Utilizzata per la produzione di componenti in lega di alluminio ad alta resistenza<br \/>\nSettore automobilistico e aerospaziale: Produzione di componenti leggeri e ad alta resistenza<br \/>\nComponenti industriali: Produzione di componenti resistenti all&#8217;usura e termicamente stabili<\/p>\n<h2><span style=\"font-size: 14pt;\">Rapporti<\/span><\/h2>\n<p>Certificato di analisi (COA)<br \/>\nScheda di sicurezza dei materiali (MSDS)<br \/>\nTest di terze parti disponibili su richiesta<\/p>\n<h2><span style=\"font-size: 14pt;\">Perch\u00e9 scegliere noi?<\/span><\/h2>\n<p>In qualit\u00e0 di <strong>fornitore<\/strong> di fiducia <strong>di polvere di AlSi9Cu3<\/strong>, forniamo polvere di lega di alta qualit\u00e0 con dimensioni uniformi delle particelle, eccellente fluidit\u00e0 e composizione coerente. Grazie alle specifiche personalizzabili, al rigoroso controllo di qualit\u00e0 e all&#8217;affidabilit\u00e0 delle consegne globali, forniamo soluzioni affidabili per la produzione additiva, la fusione e le applicazioni di ingegneria avanzata.<\/p>\n","protected":false},"excerpt":{"rendered":"<p>AlSi9Cu3 Spherical Powder \u00e8 una polvere di lega di alluminio ad alte prestazioni progettata per la produzione additiva e la metallurgia delle polveri avanzata. Con una composizione tipica del 9 % in peso di silicio e del 3 % in peso di rame, questa polvere sferica combina un&#8217;eccellente resistenza meccanica, resistenza all&#8217;usura e stabilit\u00e0 termica. [&hellip;]<\/p>\n","protected":false},"featured_media":6706,"template":"","meta":{"_acf_changed":false},"product_brand":[132],"product_cat":[1145],"product_tag":[1146],"class_list":{"0":"post-12624","1":"product","2":"type-product","3":"status-publish","4":"has-post-thumbnail","6":"product_brand-ulpmat","7":"product_cat-stampa-3d-di-polvere-sferica","8":"product_tag-lega-di-alluminio","10":"first","11":"instock","12":"shipping-taxable","13":"product-type-variable"},"acf":[],"_links":{"self":[{"href":"https:\/\/ulpmat.com\/it\/wp-json\/wp\/v2\/product\/12624","targetHints":{"allow":["GET"]}}],"collection":[{"href":"https:\/\/ulpmat.com\/it\/wp-json\/wp\/v2\/product"}],"about":[{"href":"https:\/\/ulpmat.com\/it\/wp-json\/wp\/v2\/types\/product"}],"wp:featuredmedia":[{"embeddable":true,"href":"https:\/\/ulpmat.com\/it\/wp-json\/wp\/v2\/media\/6706"}],"wp:attachment":[{"href":"https:\/\/ulpmat.com\/it\/wp-json\/wp\/v2\/media?parent=12624"}],"wp:term":[{"taxonomy":"product_brand","embeddable":true,"href":"https:\/\/ulpmat.com\/it\/wp-json\/wp\/v2\/product_brand?post=12624"},{"taxonomy":"product_cat","embeddable":true,"href":"https:\/\/ulpmat.com\/it\/wp-json\/wp\/v2\/product_cat?post=12624"},{"taxonomy":"product_tag","embeddable":true,"href":"https:\/\/ulpmat.com\/it\/wp-json\/wp\/v2\/product_tag?post=12624"}],"curies":[{"name":"wp","href":"https:\/\/api.w.org\/{rel}","templated":true}]}}