{"id":12608,"date":"2025-07-18T17:14:46","date_gmt":"2025-07-18T09:14:46","guid":{"rendered":"https:\/\/ulpmat.com\/product\/lega-di-alluminio-silicio-magnesio\/"},"modified":"2025-07-18T17:14:46","modified_gmt":"2025-07-18T09:14:46","slug":"lega-di-alluminio-silicio-magnesio","status":"publish","type":"product","link":"https:\/\/ulpmat.com\/it\/prodotto\/lega-di-alluminio-silicio-magnesio\/","title":{"rendered":"Lega di alluminio silicio magnesio"},"content":{"rendered":"<h2><span style=\"font-size: 14pt;\">Panoramica della polvere sferica AlSi10Mg<\/span><\/h2>\n<p><strong><span style=\"color: #3366ff;\"><a style=\"color: #3366ff;\" href=\"https:\/\/ulpmat.com\/it\/ricerca\/?type=element&#038;keyword=Al%2CSi%2CMg\">AlSi10Mg<\/a><\/span><\/strong> Spherical Powder \u00e8 una polvere di lega di alluminio di qualit\u00e0 superiore ottimizzata per la produzione additiva e le applicazioni di metallurgia delle polveri. Con un contenuto di silicio e magnesio pari a circa il 10 % in peso, questa polvere sferica offre un&#8217;eccellente resistenza meccanica, resistenza alla corrosione e stabilit\u00e0 termica.<\/p>\n<p>Prodotta con un&#8217;avanzata tecnologia di atomizzazione a gas, la nostra polvere di AlSi10Mg offre un basso contenuto di ossigeno, un&#8217;elevata sfericit\u00e0 e una composizione chimica coerente per garantire un&#8217;eccezionale lavorabilit\u00e0 e qualit\u00e0 del pezzo finale. Offriamo anche un&#8217;assistenza post-vendita completa: sentitevi liberi di <span style=\"color: #3366ff;\"><a style=\"color: #3366ff;\" href=\"https:\/\/ulpmat.com\/it\/contatti\/\">contattateci<\/a><\/span> per qualsiasi domanda.<\/p>\n<h2><span style=\"font-size: 14pt;\">Caratteristiche del prodotto<\/span><\/h2>\n<p>Purezza: \u226599,9%<br \/>\nComposizione (wt.%): Si: 9,0-11,0 Ti\u22640,15Mg\uff1a0,2-0,45 Zn\u22640,1Mn\u22640,45 Al\uff1aBal Fe\u22640,55<br \/>\nContenuto di ossigeno: 300 ppm<br \/>\nMorfologia sferica per un&#8217;eccellente fluidit\u00e0<br \/>\nDistribuzione uniforme delle dimensioni delle particelle<br \/>\nAlta densit\u00e0 di impaccamento per una fusione e una sinterizzazione efficienti<br \/>\nMigliori propriet\u00e0 meccaniche e resistenza alla corrosione<br \/>\nAdatto per la produzione additiva e la metallurgia delle polveri<\/p>\n<h2><span style=\"font-size: 14pt;\">Applicazioni della polvere sferica AlSi10Mg<\/span><\/h2>\n<p>Produzione additiva: Fusione laser a letto di polvere (LPBF) e relative tecniche di stampa 3D<br \/>\nMetallurgia delle polveri: Fabbricazione di componenti leggeri e ad alta resistenza in lega di alluminio<br \/>\nAerospaziale e automobilistico: Produzione di componenti durevoli e resistenti alla corrosione<br \/>\nApplicazioni industriali: Componenti che richiedono eccellenti prestazioni termiche e meccaniche<\/p>\n<h2><span style=\"font-size: 14pt;\">Rapporti<\/span><\/h2>\n<p>Certificato di analisi (COA)<br \/>\nScheda di sicurezza dei materiali (MSDS)<br \/>\nTest di terze parti disponibili su richiesta<\/p>\n","protected":false},"excerpt":{"rendered":"<p>Panoramica della polvere sferica AlSi10Mg AlSi10Mg Spherical Powder \u00e8 una polvere di lega di alluminio di qualit\u00e0 superiore ottimizzata per la produzione additiva e le applicazioni di metallurgia delle polveri. Con un contenuto di silicio e magnesio pari a circa il 10 % in peso, questa polvere sferica offre un&#8217;eccellente resistenza meccanica, resistenza alla corrosione [&hellip;]<\/p>\n","protected":false},"featured_media":6718,"template":"","meta":{"_acf_changed":false},"product_brand":[132],"product_cat":[1145],"product_tag":[1146],"class_list":{"0":"post-12608","1":"product","2":"type-product","3":"status-publish","4":"has-post-thumbnail","6":"product_brand-ulpmat","7":"product_cat-stampa-3d-di-polvere-sferica","8":"product_tag-lega-di-alluminio","10":"first","11":"instock","12":"shipping-taxable","13":"product-type-variable"},"acf":[],"_links":{"self":[{"href":"https:\/\/ulpmat.com\/it\/wp-json\/wp\/v2\/product\/12608","targetHints":{"allow":["GET"]}}],"collection":[{"href":"https:\/\/ulpmat.com\/it\/wp-json\/wp\/v2\/product"}],"about":[{"href":"https:\/\/ulpmat.com\/it\/wp-json\/wp\/v2\/types\/product"}],"wp:featuredmedia":[{"embeddable":true,"href":"https:\/\/ulpmat.com\/it\/wp-json\/wp\/v2\/media\/6718"}],"wp:attachment":[{"href":"https:\/\/ulpmat.com\/it\/wp-json\/wp\/v2\/media?parent=12608"}],"wp:term":[{"taxonomy":"product_brand","embeddable":true,"href":"https:\/\/ulpmat.com\/it\/wp-json\/wp\/v2\/product_brand?post=12608"},{"taxonomy":"product_cat","embeddable":true,"href":"https:\/\/ulpmat.com\/it\/wp-json\/wp\/v2\/product_cat?post=12608"},{"taxonomy":"product_tag","embeddable":true,"href":"https:\/\/ulpmat.com\/it\/wp-json\/wp\/v2\/product_tag?post=12608"}],"curies":[{"name":"wp","href":"https:\/\/api.w.org\/{rel}","templated":true}]}}