{"id":12431,"date":"2025-07-18T17:14:52","date_gmt":"2025-07-18T09:14:52","guid":{"rendered":"https:\/\/ulpmat.com\/product\/seleniuro-di-alluminio\/"},"modified":"2025-07-18T17:14:52","modified_gmt":"2025-07-18T09:14:52","slug":"seleniuro-di-alluminio","status":"publish","type":"product","link":"https:\/\/ulpmat.com\/it\/prodotto\/seleniuro-di-alluminio\/","title":{"rendered":"Seleniuro di alluminio"},"content":{"rendered":"<h2><span style=\"font-size: 14pt;\">Panoramica della polvere di seleniuro di alluminio<\/span><\/h2>\n<p>La polvere di seleniuro di alluminio \u00e8 un materiale cristallino fine e di elevata purezza, caratterizzato da un&#8217;alta reattivit\u00e0 e da eccellenti propriet\u00e0 termiche, che lo rendono particolarmente adatto ad applicazioni avanzate nel campo dei semiconduttori e dell&#8217;optoelettronica. \u00c8 un tipico composto ionico che si idrolizza facilmente in presenza di umidit\u00e0, producendo il gas tossico seleniuro di idrogeno (H\u2082Se). La forma in polvere offre una maggiore area superficiale e reattivit\u00e0, particolarmente vantaggiosa nelle reazioni chimiche di precisione e nei processi di fabbricazione di film sottili.<\/p>\n<p>La nostra polvere di Al\u2082Se\u2083 \u00e8 prodotta con un livello di purezza \u226599,99%, garantendo livelli estremamente bassi di impurit\u00e0 metalliche e non metalliche. Offriamo anche un&#8217;assistenza post-vendita completa: non esitate a contattarci per qualsiasi domanda.<\/p>\n<h2><span style=\"font-size: 14pt;\">Caratteristiche principali del prodotto:<\/span><\/h2>\n<p>Purezza: \u226599,99%<br \/>\nForma di polvere fine per un&#8217;elevata reattivit\u00e0 e area superficiale<br \/>\nAlto contenuto di selenio con eccellente controllo stechiometrico<br \/>\nStabile in condizioni inerti e anidre<br \/>\nOttimizzato per semiconduttori, ottica IR e sintesi chimica<\/p>\n<h2><span style=\"font-size: 14pt;\">Applicazioni di <\/span><span style=\"font-size: 14pt;\">Seleniuro di alluminio <\/span><span style=\"font-size: 14pt;\">Polvere<\/span><\/h2>\n<p>Semiconduttori: Agisce come donatore di selenio nella crescita epitassiale e nella fabbricazione di semiconduttori composti.<br \/>\nOttica a infrarossi: Utilizzata nei materiali con capacit\u00e0 di trasmissione IR.<br \/>\nDeposizione di film sottili: Applicato nelle tecniche di deposizione fisica e chimica da vapore (PVD, MOCVD) per la formazione di strati contenenti selenio.<br \/>\nSintesi di specialit\u00e0 chimiche: Reagente o precursore in sistemi avanzati di ceramica e leghe in cui \u00e8 richiesta l&#8217;incorporazione del selenio.<br \/>\nRicerca e sviluppo: Utilizzato nei laboratori accademici e industriali per lo sviluppo di nuovi materiali.<\/p>\n<h2><span style=\"font-size: 14pt;\">Rapporti<\/span><\/h2>\n<p>Tutti i lotti di polvere di seleniuro di alluminio sono accompagnati da un certificato di analisi (COA) e da una scheda di sicurezza del materiale (MSDS). Offriamo anche test di terze parti e specifiche personalizzate su richiesta.<\/p>\n","protected":false},"excerpt":{"rendered":"<p>Panoramica della polvere di seleniuro di alluminio La polvere di seleniuro di alluminio \u00e8 un materiale cristallino fine e di elevata purezza, caratterizzato da un&#8217;alta reattivit\u00e0 e da eccellenti propriet\u00e0 termiche, che lo rendono particolarmente adatto ad applicazioni avanzate nel campo dei semiconduttori e dell&#8217;optoelettronica. \u00c8 un tipico composto ionico che si idrolizza facilmente in [&hellip;]<\/p>\n","protected":false},"featured_media":5464,"template":"","meta":{"_acf_changed":false},"product_brand":[132],"product_cat":[672,1093],"product_tag":[1095,1094],"class_list":{"0":"post-12431","1":"product","2":"type-product","3":"status-publish","4":"has-post-thumbnail","6":"product_brand-ulpmat","7":"product_cat-materiali-calcogenidici","8":"product_cat-materiali-calcogenidici-it","9":"product_tag-materiali-calcogenidici","10":"product_tag-seleniuro-di-alluminio","12":"first","13":"instock","14":"shipping-taxable","15":"product-type-variable"},"acf":[],"_links":{"self":[{"href":"https:\/\/ulpmat.com\/it\/wp-json\/wp\/v2\/product\/12431","targetHints":{"allow":["GET"]}}],"collection":[{"href":"https:\/\/ulpmat.com\/it\/wp-json\/wp\/v2\/product"}],"about":[{"href":"https:\/\/ulpmat.com\/it\/wp-json\/wp\/v2\/types\/product"}],"wp:featuredmedia":[{"embeddable":true,"href":"https:\/\/ulpmat.com\/it\/wp-json\/wp\/v2\/media\/5464"}],"wp:attachment":[{"href":"https:\/\/ulpmat.com\/it\/wp-json\/wp\/v2\/media?parent=12431"}],"wp:term":[{"taxonomy":"product_brand","embeddable":true,"href":"https:\/\/ulpmat.com\/it\/wp-json\/wp\/v2\/product_brand?post=12431"},{"taxonomy":"product_cat","embeddable":true,"href":"https:\/\/ulpmat.com\/it\/wp-json\/wp\/v2\/product_cat?post=12431"},{"taxonomy":"product_tag","embeddable":true,"href":"https:\/\/ulpmat.com\/it\/wp-json\/wp\/v2\/product_tag?post=12431"}],"curies":[{"name":"wp","href":"https:\/\/api.w.org\/{rel}","templated":true}]}}