{"id":12133,"date":"2025-07-18T17:14:58","date_gmt":"2025-07-18T09:14:58","guid":{"rendered":"https:\/\/ulpmat.com\/product\/boruro-di-lantanio\/"},"modified":"2025-07-18T17:14:58","modified_gmt":"2025-07-18T09:14:58","slug":"boruro-di-lantanio","status":"publish","type":"product","link":"https:\/\/ulpmat.com\/it\/prodotto\/boruro-di-lantanio\/","title":{"rendered":"Boruro di lantanio"},"content":{"rendered":"<h2><span style=\"font-size: 14pt;\">Bersaglio per sputtering all&#8217;esaboruro di lantanio Panoramica<\/span><\/h2>\n<p><strong><span style=\"color: #3366ff;\"><a style=\"color: #3366ff;\" href=\"https:\/\/ulpmat.com\/it\/ricerca\/?type=name&#038;keyword=lab6\">L&#8217;esaboruro di lantanio (LaB6)<\/a><\/span><\/strong> sono materiali chiave progettati per processi di deposizione di film sottili ad alte prestazioni. Con una purezza del 99,5%, presentano eccellenti propriet\u00e0 di emissione di elettroni e stabilit\u00e0 termica, garantendo un&#8217;ottima uniformit\u00e0, un&#8217;elevata adesione e una bassa defettivit\u00e0 durante la deposizione di film sottili.<\/p>\n<p>Offriamo bersagli sputtering in esaboruro di lantanio in una variet\u00e0 di forme e dimensioni, tra cui forme rotonde, rettangolari e altre forme speciali, che possono essere personalizzate in base ai requisiti specifici del processo. Il nostro team tecnico di professionisti \u00e8 sempre disponibile a fornirvi una consulenza completa prima della vendita e servizi di assistenza post-vendita.<\/p>\n<h2><span style=\"font-size: 14pt;\">Caratteristiche del prodotto<\/span><\/h2>\n<p>Purezza: 99,5%<br \/>\nAlta densit\u00e0, per garantire prestazioni di sputtering stabili<br \/>\nEccellenti propriet\u00e0 di emissione di elettroni<br \/>\nDimensioni e forma personalizzabili<br \/>\nEccellente resistenza alle alte temperature e all&#8217;ossidazione<br \/>\nImballaggio personalizzabile<\/p>\n<h2><span style=\"font-size: 14pt;\">Applicazioni del target di sputtering all&#8217;esaboruro di lantanio<\/span><\/h2>\n<p>Produzione di semiconduttori: utilizzato per preparare strati di emissione di elettroni e film conduttivi di alta precisione, particolarmente adatti alla produzione di dispositivi a semiconduttore di alta precisione.<br \/>\nDisplay a schermo piatto: Come materiali ad emissione di elettroni ad alte prestazioni, sono utilizzati in tecnologie di visualizzazione avanzate come il FED (field emission display).<br \/>\nMicroscopi elettronici: Utilizzati per la produzione di catodi per cannoni elettronici, che forniscono sorgenti di fasci di elettroni stabili e ad alta luminosit\u00e0.<br \/>\nRivestimenti speciali: utilizzati nel settore aerospaziale per preparare rivestimenti funzionali resistenti alle alte temperature e all&#8217;ossidazione.<\/p>\n<h2><span style=\"font-size: 14pt;\">Rapporti<\/span><\/h2>\n<p>Forniamo certificati di analisi (COA), schede di sicurezza dei materiali (MSDS) e altri rapporti pertinenti per ogni spedizione. Inoltre, supportiamo anche test di terze parti per migliorare la garanzia di qualit\u00e0.<\/p>\n","protected":false},"excerpt":{"rendered":"<p>Bersaglio per sputtering all&#8217;esaboruro di lantanio Panoramica L&#8217;esaboruro di lantanio (LaB6) sono materiali chiave progettati per processi di deposizione di film sottili ad alte prestazioni. Con una purezza del 99,5%, presentano eccellenti propriet\u00e0 di emissione di elettroni e stabilit\u00e0 termica, garantendo un&#8217;ottima uniformit\u00e0, un&#8217;elevata adesione e una bassa defettivit\u00e0 durante la deposizione di film sottili. [&hellip;]<\/p>\n","protected":false},"featured_media":6886,"template":"","meta":{"_acf_changed":false},"product_brand":[132],"product_cat":[453],"product_tag":[443],"class_list":{"0":"post-12133","1":"product","2":"type-product","3":"status-publish","4":"has-post-thumbnail","6":"product_brand-ulpmat","7":"product_cat-target-di-sputtering-in-ceramica","8":"product_tag-materiali-per-terre-rare","10":"first","11":"instock","12":"shipping-taxable","13":"product-type-variable"},"acf":[],"_links":{"self":[{"href":"https:\/\/ulpmat.com\/it\/wp-json\/wp\/v2\/product\/12133","targetHints":{"allow":["GET"]}}],"collection":[{"href":"https:\/\/ulpmat.com\/it\/wp-json\/wp\/v2\/product"}],"about":[{"href":"https:\/\/ulpmat.com\/it\/wp-json\/wp\/v2\/types\/product"}],"wp:featuredmedia":[{"embeddable":true,"href":"https:\/\/ulpmat.com\/it\/wp-json\/wp\/v2\/media\/6886"}],"wp:attachment":[{"href":"https:\/\/ulpmat.com\/it\/wp-json\/wp\/v2\/media?parent=12133"}],"wp:term":[{"taxonomy":"product_brand","embeddable":true,"href":"https:\/\/ulpmat.com\/it\/wp-json\/wp\/v2\/product_brand?post=12133"},{"taxonomy":"product_cat","embeddable":true,"href":"https:\/\/ulpmat.com\/it\/wp-json\/wp\/v2\/product_cat?post=12133"},{"taxonomy":"product_tag","embeddable":true,"href":"https:\/\/ulpmat.com\/it\/wp-json\/wp\/v2\/product_tag?post=12133"}],"curies":[{"name":"wp","href":"https:\/\/api.w.org\/{rel}","templated":true}]}}