{"id":12088,"date":"2025-07-18T17:14:59","date_gmt":"2025-07-18T09:14:59","guid":{"rendered":"https:\/\/ulpmat.com\/product\/cromite-di-lantanio\/"},"modified":"2025-07-18T17:14:59","modified_gmt":"2025-07-18T09:14:59","slug":"cromite-di-lantanio","status":"publish","type":"product","link":"https:\/\/ulpmat.com\/it\/prodotto\/cromite-di-lantanio\/","title":{"rendered":"Cromite di lantanio"},"content":{"rendered":"<h2><span style=\"font-size: 14pt;\">Panoramica della polvere di lantanio e cromite<\/span><\/h2>\n<p><strong><span style=\"color: #3366ff;\"><a style=\"color: #3366ff;\" href=\"https:\/\/ulpmat.com\/it\/ricerca\/?type=element&#038;keyword=La%2CCr%2CO\">La cromite di lantanio (LaCrO3)<\/a><\/span><\/strong> \u00e8 un materiale ad alte prestazioni progettato per applicazioni di alto livello nei settori dell&#8217;elettronica, della ceramica e dell&#8217;energia. Grazie all&#8217;eccellente stabilit\u00e0 chimica, termica e alla conducibilit\u00e0 elettrica, \u00e8 ampiamente utilizzato nelle celle a combustibile a ossidi solidi (SOFC), nei catalizzatori, nei materiali ceramici e in altri campi. La nostra polvere di lantanio-cromite ha una purezza estremamente elevata ed \u00e8 in grado di soddisfare le vostre esigenze applicative in presenza di rigorosi requisiti di processo.<\/p>\n<p>Forniamo polvere di cromite di lantanio in una variet\u00e0 di dimensioni e diametri delle particelle e possiamo fornire servizi personalizzati in base ai requisiti specifici dei clienti. Il nostro team di professionisti vi fornir\u00e0 un&#8217;assistenza post-vendita completa per garantirvi un utilizzo senza preoccupazioni.<\/p>\n<h2><span style=\"font-size: 14pt;\">Caratteristiche del prodotto<\/span><\/h2>\n<p>Elevata stabilit\u00e0 chimica: si adattano ad ambienti difficili, resistono agli acidi e agli alcali<br \/>\nEccellente stabilit\u00e0 termica: pu\u00f2 resistere alle alte temperature e agli shock termici<br \/>\nEccellente conducibilit\u00e0 elettrica: \u00e8 adatto ad applicazioni come le celle a combustibile a ossidi solidi<br \/>\nDimensione delle particelle personalizzabile: soddisfa i diversi requisiti applicativi<br \/>\nImballaggio personalizzabile<br \/>\nApplicabile a energia, catalisi, elettronica e materiali ceramici<\/p>\n<h2><span style=\"font-size: 14pt;\">Applicazioni della polvere di lantanio-cromite<\/span><\/h2>\n<p>Celle a combustibile a ossidi solidi (SOFC): come materiale per elettrodi di batterie, in grado di fornire un&#8217;eccellente conduttivit\u00e0 e stabilit\u00e0 alle alte temperature.<br \/>\nCatalizzatori: nel controllo delle emissioni automobilistiche e nell&#8217;industria chimica, come efficiente materiale di supporto per i catalizzatori.<br \/>\nCeramica elettronica: utilizzata per produrre componenti ceramici ad alta temperatura, con una forte resistenza alle alte temperature e alla corrosione. Materiali elettrotermici: forniscono prestazioni stabili in applicazioni elettrotermiche ad alta temperatura, adatte a riscaldatori e dispositivi termoelettrici ad alta efficienza.<br \/>\nLeghe speciali: utilizzate come additivi per leghe ad alta temperatura e materiali resistenti alle alte temperature per migliorare la resistenza all&#8217;ossidazione e la stabilit\u00e0 termica delle leghe.<\/p>\n<h2><span style=\"font-size: 14pt;\">Rapporti<\/span><\/h2>\n<p>Forniamo certificati di analisi (COA), schede di sicurezza dei materiali (MSDS) e altri rapporti pertinenti per ogni lotto di prodotti. Inoltre, supportiamo anche test di terze parti per migliorare la garanzia di qualit\u00e0.<\/p>\n<h2><span style=\"font-size: 14pt;\">Perch\u00e9 scegliere noi?<\/span><\/h2>\n<p>In qualit\u00e0 di fornitore di fiducia di polvere di lantanio cromato di elevata purezza, forniamo un&#8217;eccellente stabilit\u00e0 chimica, una dimensione controllata delle particelle, una qualit\u00e0 costante e una fornitura affidabile, supportata da una guida tecnica professionale per soddisfare i vostri materiali avanzati e le vostre applicazioni industriali.<\/p>\n","protected":false},"excerpt":{"rendered":"<p>Panoramica della polvere di lantanio e cromite La cromite di lantanio (LaCrO3) \u00e8 un materiale ad alte prestazioni progettato per applicazioni di alto livello nei settori dell&#8217;elettronica, della ceramica e dell&#8217;energia. Grazie all&#8217;eccellente stabilit\u00e0 chimica, termica e alla conducibilit\u00e0 elettrica, \u00e8 ampiamente utilizzato nelle celle a combustibile a ossidi solidi (SOFC), nei catalizzatori, nei materiali [&hellip;]<\/p>\n","protected":false},"featured_media":5578,"template":"","meta":{"_acf_changed":false},"product_brand":[132],"product_cat":[931,930,324],"product_tag":[443],"class_list":{"0":"post-12088","1":"product","2":"type-product","3":"status-publish","4":"has-post-thumbnail","6":"product_brand-ulpmat","7":"product_cat-materiali-della-batteria","8":"product_cat-materiali-per-il-drogaggio-delle-batterie","9":"product_cat-materiali-per-terre-rare","10":"product_tag-materiali-per-terre-rare","12":"first","13":"instock","14":"shipping-taxable","15":"product-type-variable"},"acf":[],"_links":{"self":[{"href":"https:\/\/ulpmat.com\/it\/wp-json\/wp\/v2\/product\/12088","targetHints":{"allow":["GET"]}}],"collection":[{"href":"https:\/\/ulpmat.com\/it\/wp-json\/wp\/v2\/product"}],"about":[{"href":"https:\/\/ulpmat.com\/it\/wp-json\/wp\/v2\/types\/product"}],"wp:featuredmedia":[{"embeddable":true,"href":"https:\/\/ulpmat.com\/it\/wp-json\/wp\/v2\/media\/5578"}],"wp:attachment":[{"href":"https:\/\/ulpmat.com\/it\/wp-json\/wp\/v2\/media?parent=12088"}],"wp:term":[{"taxonomy":"product_brand","embeddable":true,"href":"https:\/\/ulpmat.com\/it\/wp-json\/wp\/v2\/product_brand?post=12088"},{"taxonomy":"product_cat","embeddable":true,"href":"https:\/\/ulpmat.com\/it\/wp-json\/wp\/v2\/product_cat?post=12088"},{"taxonomy":"product_tag","embeddable":true,"href":"https:\/\/ulpmat.com\/it\/wp-json\/wp\/v2\/product_tag?post=12088"}],"curies":[{"name":"wp","href":"https:\/\/api.w.org\/{rel}","templated":true}]}}