{"id":12029,"date":"2025-07-18T17:15:00","date_gmt":"2025-07-18T09:15:00","guid":{"rendered":"https:\/\/ulpmat.com\/product\/ossido-di-ferro-e-lantanio\/"},"modified":"2025-07-18T17:15:00","modified_gmt":"2025-07-18T09:15:00","slug":"ossido-di-ferro-e-lantanio","status":"publish","type":"product","link":"https:\/\/ulpmat.com\/it\/prodotto\/ossido-di-ferro-e-lantanio\/","title":{"rendered":"Ossido di ferro e lantanio"},"content":{"rendered":"<h2><span style=\"font-size: 14pt;\">Bersaglio per sputtering all&#8217;ossido di ferro e lantanio Panoramica<\/span><\/h2>\n<p><strong><span style=\"color: #3366ff;\"><a style=\"color: #3366ff;\" href=\"https:\/\/ulpmat.com\/it\/ricerca\/?type=element&#038;keyword=La%2CFe%2CO\">L&#8217;ossido di ferro al lantanio<\/a><\/span><\/strong> \u00e8 un bersaglio multifunzionale di ossido con una struttura di perovskite, ampiamente utilizzato nei campi della ricerca e dell&#8217;industria come la catalisi, l&#8217;elettrocatalisi, il rilevamento dei gas, l&#8217;optoelettronica, la ferroelettrica e i film magnetici. Forniamo target di ossido di ferro e lantanio puri al 99,9%, che vengono lavorati con processi di sinterizzazione e densificazione di precisione per garantire un&#8217;eccellente consistenza del film, densit\u00e0 e stabilit\u00e0 chimica per soddisfare i requisiti di processo complessi.<\/p>\n<p>Siamo in grado di fornire bersagli di ossido di ferro di lantanio in varie forme e dimensioni, che possono anche essere personalizzati in base ai parametri specifici delle apparecchiature e alle esigenze di ricerca. Allo stesso tempo, forniamo un supporto tecnico completo e un servizio post-vendita per aiutarvi a massimizzare le prestazioni dei vostri materiali.<\/p>\n<h2><span style=\"font-size: 14pt;\">Caratteristiche dei prodotti<\/span><\/h2>\n<p>Purezza: 99,9%, basso contenuto di impurit\u00e0, eccellente stabilit\u00e0<br \/>\nBersaglio ceramico ad alta densit\u00e0, adatto a processi come lo sputtering magnetronico e la deposizione laser pulsata (PLD)<br \/>\nSupporta specifiche e parametri di sinterizzazione personalizzati<br \/>\n\u00c8 disponibile un servizio di legatura del target<br \/>\nStruttura perovskitica, con eccellente trasporto di elettroni e attivit\u00e0 redox<\/p>\n<h2><span style=\"font-size: 14pt;\">Applicazioni del target di sputtering in ossido di ferro e lantanio<\/span><\/h2>\n<p>Sensori di gas e film catalitici: LaFeO3 mostra un&#8217;eccellente risposta e selettivit\u00e0 nella rilevazione di gas ad alta temperatura e nel monitoraggio ambientale.<br \/>\nElettrocatalisi e celle a combustibile: Come materiale catodico, mostra buone prestazioni catalitiche di riduzione dell&#8217;ossigeno ed \u00e8 adatto alle celle a combustibile a ossidi solidi (SOFC).<br \/>\nRicerca sui materiali magnetici e multiferroici: Pu\u00f2 essere utilizzato per preparare film funzionali con propriet\u00e0 antiferromagnetiche o ferroelettriche.<br \/>\nOptoelettronica e sensori: Le sue propriet\u00e0 di assorbimento della luce e di trasporto della carica gli conferiscono ampie prospettive nella fotocatalisi e nei dispositivi optoelettronici.<\/p>\n<h2><span style=\"font-size: 14pt;\">Rapporti<\/span><\/h2>\n<p>Forniamo certificati di analisi (COA), schede di sicurezza dei materiali (MSDS) e altri rapporti pertinenti per ogni lotto di prodotti. Inoltre, supportiamo anche test di terze parti per migliorare la garanzia di qualit\u00e0.<\/p>\n<h2><span style=\"font-size: 14pt;\">Perch\u00e9 scegliere noi?<\/span><\/h2>\n<p>Forniamo <strong>bersagli sputtering in ossido di ferro e lantanio di elevata purezza<\/strong> con densit\u00e0 eccellente, microstruttura uniforme e prestazioni affidabili nella deposizione di film sottili. In qualit\u00e0 di fornitore professionale, offriamo personalizzazione, controllo di qualit\u00e0 rigoroso, prezzi competitivi e consegna globale sicura per garantire risultati stabili per la ricerca e le applicazioni industriali.<\/p>\n","protected":false},"excerpt":{"rendered":"<p>Bersaglio per sputtering all&#8217;ossido di ferro e lantanio Panoramica L&#8217;ossido di ferro al lantanio \u00e8 un bersaglio multifunzionale di ossido con una struttura di perovskite, ampiamente utilizzato nei campi della ricerca e dell&#8217;industria come la catalisi, l&#8217;elettrocatalisi, il rilevamento dei gas, l&#8217;optoelettronica, la ferroelettrica e i film magnetici. Forniamo target di ossido di ferro e [&hellip;]<\/p>\n","protected":false},"featured_media":5596,"template":"","meta":{"_acf_changed":false},"product_brand":[132],"product_cat":[453],"product_tag":[443],"class_list":{"0":"post-12029","1":"product","2":"type-product","3":"status-publish","4":"has-post-thumbnail","6":"product_brand-ulpmat","7":"product_cat-target-di-sputtering-in-ceramica","8":"product_tag-materiali-per-terre-rare","10":"first","11":"instock","12":"shipping-taxable","13":"product-type-variable"},"acf":[],"_links":{"self":[{"href":"https:\/\/ulpmat.com\/it\/wp-json\/wp\/v2\/product\/12029","targetHints":{"allow":["GET"]}}],"collection":[{"href":"https:\/\/ulpmat.com\/it\/wp-json\/wp\/v2\/product"}],"about":[{"href":"https:\/\/ulpmat.com\/it\/wp-json\/wp\/v2\/types\/product"}],"wp:featuredmedia":[{"embeddable":true,"href":"https:\/\/ulpmat.com\/it\/wp-json\/wp\/v2\/media\/5596"}],"wp:attachment":[{"href":"https:\/\/ulpmat.com\/it\/wp-json\/wp\/v2\/media?parent=12029"}],"wp:term":[{"taxonomy":"product_brand","embeddable":true,"href":"https:\/\/ulpmat.com\/it\/wp-json\/wp\/v2\/product_brand?post=12029"},{"taxonomy":"product_cat","embeddable":true,"href":"https:\/\/ulpmat.com\/it\/wp-json\/wp\/v2\/product_cat?post=12029"},{"taxonomy":"product_tag","embeddable":true,"href":"https:\/\/ulpmat.com\/it\/wp-json\/wp\/v2\/product_tag?post=12029"}],"curies":[{"name":"wp","href":"https:\/\/api.w.org\/{rel}","templated":true}]}}