{"id":11971,"date":"2025-07-18T17:15:01","date_gmt":"2025-07-18T09:15:01","guid":{"rendered":"https:\/\/ulpmat.com\/product\/lega-di-nichel-lantanio\/"},"modified":"2025-07-18T17:15:01","modified_gmt":"2025-07-18T09:15:01","slug":"lega-di-nichel-lantanio","status":"publish","type":"product","link":"https:\/\/ulpmat.com\/it\/prodotto\/lega-di-nichel-lantanio\/","title":{"rendered":"Lega di nichel lantanio"},"content":{"rendered":"<h2><span style=\"font-size: 14pt;\">Obiettivo di sputtering in lega di lantanio e nichel Panoramica<\/span><\/h2>\n<p><strong><span style=\"color: #3366ff;\"><a style=\"color: #3366ff;\" href=\"https:\/\/ulpmat.com\/it\/ricerca\/?type=element&#038;keyword=La%2CNi\">La lega di nichel lantanio<\/a><\/span><\/strong> sono materiali chiave progettati per processi di deposizione di film sottili ad alte prestazioni. Il target in lega ha una purezza estremamente elevata e una struttura uniforme, che garantisce una deposizione stabile e uniforme del film sottile durante il processo di sputtering, migliorando la qualit\u00e0 e le prestazioni del film. Le sue eccellenti propriet\u00e0 fisiche e chimiche lo rendono ampiamente utilizzato nella preparazione di dispositivi elettronici di fascia alta e di film funzionali.<\/p>\n<p>Offriamo target di sputtering in lega di nichel lantanio in una variet\u00e0 di specifiche e dimensioni, tra cui rotonde e rettangolari, e possono essere personalizzati in base alle esigenze specifiche dei clienti. Sia che si tratti dello spessore, delle dimensioni o della forma del materiale, possiamo soddisfarle in modo flessibile per garantire la migliore adattabilit\u00e0 ai clienti nelle applicazioni di processo. Forniamo inoltre un servizio professionale di assistenza post-vendita e forniamo supporto tecnico e soluzioni per il vostro utilizzo in qualsiasi momento.<\/p>\n<h2><span style=\"font-size: 14pt;\">Caratteristiche del prodotto<\/span><\/h2>\n<p>Purezza 99,5%<br \/>\nDesign ad alta densit\u00e0 per garantire una deposizione uniforme e stabile del film<br \/>\nSupporto alla personalizzazione di varie dimensioni e forme per soddisfare i diversi requisiti di processo<br \/>\nImballaggio personalizzabile<\/p>\n<h2><span style=\"font-size: 14pt;\">Applicazioni dei target sputtering in lega di lantanio e nichel<\/span><\/h2>\n<p>Industria dei semiconduttori: utilizzo per la deposizione di film funzionali per ottimizzare le prestazioni dei dispositivi<br \/>\nMateriali magnetici: preparazione di film magnetici ad alte prestazioni per dispositivi di stoccaggio<br \/>\nDispositivi di accumulo di energia: utilizzati per la preparazione di film di accumulo di energia come le batterie al litio per migliorare le prestazioni degli elettrodi<br \/>\nRivestimenti funzionali: utilizzati per sensori, catalizzatori e altri materiali a film sottile di alto livello<\/p>\n<h2><span style=\"font-size: 14pt;\">Rapporti<\/span><\/h2>\n<p>Forniamo certificati di analisi (COA) dettagliati, schede di sicurezza dei materiali (MSDS) e relativi rapporti di prova per ogni lotto di target sputtering in lega di nichel lantanio e supportiamo test autorevoli di terze parti per garantire una qualit\u00e0 stabile del prodotto e prestazioni eccellenti.<\/p>\n<p>Perch\u00e9 scegliere noi?<\/p>\n<p>In qualit\u00e0 di fornitore di fiducia di lega di nichel lantanio di alta qualit\u00e0 (LaNi5), forniamo eccellenti prestazioni di stoccaggio dell&#8217;idrogeno, composizione stabile, qualit\u00e0 costante e fornitura affidabile, supportata da un&#8217;assistenza tecnica professionale per soddisfare sia la ricerca che le applicazioni energetiche industriali.<\/p>\n","protected":false},"excerpt":{"rendered":"<p>Obiettivo di sputtering in lega di lantanio e nichel Panoramica La lega di nichel lantanio sono materiali chiave progettati per processi di deposizione di film sottili ad alte prestazioni. Il target in lega ha una purezza estremamente elevata e una struttura uniforme, che garantisce una deposizione stabile e uniforme del film sottile durante il processo [&hellip;]<\/p>\n","protected":false},"featured_media":6916,"template":"","meta":{"_acf_changed":false},"product_brand":[132],"product_cat":[564],"product_tag":[443],"class_list":{"0":"post-11971","1":"product","2":"type-product","3":"status-publish","4":"has-post-thumbnail","6":"product_brand-ulpmat","7":"product_cat-target-di-sputtering-in-lega","8":"product_tag-materiali-per-terre-rare","10":"first","11":"instock","12":"shipping-taxable","13":"product-type-variable"},"acf":[],"_links":{"self":[{"href":"https:\/\/ulpmat.com\/it\/wp-json\/wp\/v2\/product\/11971","targetHints":{"allow":["GET"]}}],"collection":[{"href":"https:\/\/ulpmat.com\/it\/wp-json\/wp\/v2\/product"}],"about":[{"href":"https:\/\/ulpmat.com\/it\/wp-json\/wp\/v2\/types\/product"}],"wp:featuredmedia":[{"embeddable":true,"href":"https:\/\/ulpmat.com\/it\/wp-json\/wp\/v2\/media\/6916"}],"wp:attachment":[{"href":"https:\/\/ulpmat.com\/it\/wp-json\/wp\/v2\/media?parent=11971"}],"wp:term":[{"taxonomy":"product_brand","embeddable":true,"href":"https:\/\/ulpmat.com\/it\/wp-json\/wp\/v2\/product_brand?post=11971"},{"taxonomy":"product_cat","embeddable":true,"href":"https:\/\/ulpmat.com\/it\/wp-json\/wp\/v2\/product_cat?post=11971"},{"taxonomy":"product_tag","embeddable":true,"href":"https:\/\/ulpmat.com\/it\/wp-json\/wp\/v2\/product_tag?post=11971"}],"curies":[{"name":"wp","href":"https:\/\/api.w.org\/{rel}","templated":true}]}}