{"id":11960,"date":"2025-07-18T17:15:01","date_gmt":"2025-07-18T09:15:01","guid":{"rendered":"https:\/\/ulpmat.com\/product\/ossido-di-lantanio-e-nichel-lno\/"},"modified":"2025-07-18T17:15:01","modified_gmt":"2025-07-18T09:15:01","slug":"ossido-di-lantanio-e-nichel-lno","status":"publish","type":"product","link":"https:\/\/ulpmat.com\/it\/prodotto\/ossido-di-lantanio-e-nichel-lno\/","title":{"rendered":"Ossido di lantanio e nichel (LNO)"},"content":{"rendered":"<h2><span style=\"font-size: 14pt;\">Panoramica sull&#8217;ossido di lantanio e nichel<\/span><\/h2>\n<p><strong><span style=\"color: #3366ff;\"><a style=\"color: #3366ff;\" href=\"https:\/\/ulpmat.com\/it\/ricerca\/?type=element&#038;keyword=La%2CNi%2CO\">L&#8217;ossido di lantanio e nichel (LNO)<\/a><\/span><\/strong> \u00e8 una polvere ceramica ad alte prestazioni progettata per materiali funzionali e dispositivi elettronici avanzati. Ha un&#8217;elevata purezza chimica, una struttura stabile, un&#8217;eccellente conduttivit\u00e0 e stabilit\u00e0 termica ed \u00e8 ampiamente utilizzato nelle celle a combustibile, nell&#8217;elettrocatalisi e nei film sottili elettronici.<\/p>\n<p>Forniamo polvere di ossido di lantanio e nichel di alta qualit\u00e0 con particelle uniformi e composizione chimica precisa. Le dimensioni delle particelle e le specifiche di imballaggio possono essere personalizzate in base alle esigenze del cliente. Forniamo inoltre ai clienti una gamma completa di assistenza tecnica e di servizi post-vendita per garantire le migliori prestazioni del materiale nelle varie applicazioni.<\/p>\n<h2><span style=\"font-size: 14pt;\">Caratteristiche del prodotto<\/span><\/h2>\n<p>99.9%, che garantisce prestazioni stabili e affidabili del materiale<br \/>\nStruttura densa, buona conduttivit\u00e0 elettronica<br \/>\nDimensione delle particelle controllabile, adattabile a diversi requisiti di processo<br \/>\nImballaggio personalizzato<\/p>\n<h2><span style=\"font-size: 14pt;\">Applicazioni della polvere di ossido di lantanio e nichel<\/span><\/h2>\n<p>Celle a combustibile: come materiale catodico efficiente per le celle a combustibile a ossido solido (SOFC)<br \/>\nElettrocatalisi: utilizzato per la reazione di riduzione dell&#8217;ossigeno e la reazione di evoluzione dell&#8217;ossigeno per migliorare l&#8217;efficienza catalitica<br \/>\nSensori: elementi sensibili di sensori di gas, sensibili e a risposta rapida<br \/>\nCeramica elettronica: preparazione di film ceramici conduttivi e rivestimenti funzionali<\/p>\n<h2><span style=\"font-size: 14pt;\">Rapporti<\/span><\/h2>\n<p>Forniamo certificati di analisi (COA), schede di sicurezza dei materiali (MSDS) e altri rapporti pertinenti per ogni lotto di prodotti. Inoltre, supportiamo anche test di terze parti per migliorare la garanzia di qualit\u00e0.<\/p>\n<h2><span style=\"font-size: 14pt;\">Perch\u00e9 scegliere noi?<\/span><\/h2>\n<p>In qualit\u00e0 di fornitore di fiducia di polvere di ossido di lantanio e nichel (LNO) di elevata purezza, offriamo un&#8217;eccellente purezza di fase, una dimensione uniforme delle particelle, una qualit\u00e0 costante e una fornitura affidabile, supportata da un servizio tecnico professionale per la ricerca e le applicazioni industriali.<\/p>\n","protected":false},"excerpt":{"rendered":"<p>Panoramica sull&#8217;ossido di lantanio e nichel L&#8217;ossido di lantanio e nichel (LNO) \u00e8 una polvere ceramica ad alte prestazioni progettata per materiali funzionali e dispositivi elettronici avanzati. Ha un&#8217;elevata purezza chimica, una struttura stabile, un&#8217;eccellente conduttivit\u00e0 e stabilit\u00e0 termica ed \u00e8 ampiamente utilizzato nelle celle a combustibile, nell&#8217;elettrocatalisi e nei film sottili elettronici. Forniamo polvere [&hellip;]<\/p>\n","protected":false},"featured_media":5614,"template":"","meta":{"_acf_changed":false},"product_brand":[132],"product_cat":[931,930,324],"product_tag":[443],"class_list":{"0":"post-11960","1":"product","2":"type-product","3":"status-publish","4":"has-post-thumbnail","6":"product_brand-ulpmat","7":"product_cat-materiali-della-batteria","8":"product_cat-materiali-per-il-drogaggio-delle-batterie","9":"product_cat-materiali-per-terre-rare","10":"product_tag-materiali-per-terre-rare","12":"first","13":"instock","14":"shipping-taxable","15":"product-type-variable"},"acf":[],"_links":{"self":[{"href":"https:\/\/ulpmat.com\/it\/wp-json\/wp\/v2\/product\/11960","targetHints":{"allow":["GET"]}}],"collection":[{"href":"https:\/\/ulpmat.com\/it\/wp-json\/wp\/v2\/product"}],"about":[{"href":"https:\/\/ulpmat.com\/it\/wp-json\/wp\/v2\/types\/product"}],"wp:featuredmedia":[{"embeddable":true,"href":"https:\/\/ulpmat.com\/it\/wp-json\/wp\/v2\/media\/5614"}],"wp:attachment":[{"href":"https:\/\/ulpmat.com\/it\/wp-json\/wp\/v2\/media?parent=11960"}],"wp:term":[{"taxonomy":"product_brand","embeddable":true,"href":"https:\/\/ulpmat.com\/it\/wp-json\/wp\/v2\/product_brand?post=11960"},{"taxonomy":"product_cat","embeddable":true,"href":"https:\/\/ulpmat.com\/it\/wp-json\/wp\/v2\/product_cat?post=11960"},{"taxonomy":"product_tag","embeddable":true,"href":"https:\/\/ulpmat.com\/it\/wp-json\/wp\/v2\/product_tag?post=11960"}],"curies":[{"name":"wp","href":"https:\/\/api.w.org\/{rel}","templated":true}]}}