{"id":11933,"date":"2025-07-18T17:15:01","date_gmt":"2025-07-18T09:15:01","guid":{"rendered":"https:\/\/ulpmat.com\/product\/ossido-di-ferro-di-lantanio-e-stronzio\/"},"modified":"2025-07-18T17:15:01","modified_gmt":"2025-07-18T09:15:01","slug":"ossido-di-ferro-di-lantanio-e-stronzio","status":"publish","type":"product","link":"https:\/\/ulpmat.com\/it\/prodotto\/ossido-di-ferro-di-lantanio-e-stronzio\/","title":{"rendered":"Ossido di ferro di lantanio e stronzio"},"content":{"rendered":"<h2><span style=\"font-size: 14pt;\">Panoramica della polvere di ossido di ferro di lantanio e stronzio<\/span><\/h2>\n<p>La polvere di ossido di ferro di lantanio e stronzio \u00e8 un materiale funzionale ad alte prestazioni ampiamente utilizzato nella ceramica elettronica e nei settori energetici. Grazie all&#8217;eccellente stabilit\u00e0 chimica e alle propriet\u00e0 elettromagnetiche, svolge un ruolo importante nelle celle a combustibile a ossidi solidi (SOFC), nei materiali magnetici e nei catalizzatori.<\/p>\n<p>Forniamo polvere di ossido di lantanio e ferro con una purezza fino al 99,9% per garantire l&#8217;uniformit\u00e0 e la stabilit\u00e0 del materiale. Le particelle della polvere sono fini e hanno buone propriet\u00e0 di sinterizzazione, adatte per una variet\u00e0 di ceramiche avanzate e processi di preparazione di film. I diversi rapporti e le dimensioni delle particelle possono essere personalizzati in base alle esigenze dei clienti per soddisfare le diverse applicazioni.<\/p>\n<h2><span style=\"font-size: 14pt;\">Caratteristiche del prodotto<\/span><\/h2>\n<p>Ossido di ferro lantanio e stronzio di elevata purezza: 99,9%<br \/>\nDimensione uniforme delle particelle, eccellenti prestazioni di sinterizzazione<br \/>\nRapporto chimico personalizzabile per soddisfare i diversi requisiti di processo<br \/>\nEccellente stabilit\u00e0 termica e propriet\u00e0 elettromagnetiche<br \/>\nImballaggio personalizzabile<\/p>\n<h2><span style=\"font-size: 14pt;\">Applicazioni della polvere di ossido di ferro di lantanio e stronzio<\/span><\/h2>\n<p>Celle a combustibile a ossidi solidi (SOFC): utilizzate come materiali per elettrodi, forniscono un&#8217;eccellente conduttivit\u00e0 elettronica e ionica.<br \/>\nMateriali magnetici: mostrano buone prestazioni di risposta magnetica nei dispositivi magnetici.<br \/>\nCatalizzatori: adatti alle reazioni di ossidazione e al governo dell&#8217;ambiente.<br \/>\nCeramica elettronica: utilizzata per produrre sensori e dispositivi ceramici funzionali.<\/p>\n<h2><span style=\"font-size: 14pt;\">Rapporti<\/span><\/h2>\n<p>Forniamo certificati di analisi (COA), schede di sicurezza dei materiali (MSDS) e altri rapporti pertinenti per ogni spedizione. Inoltre, supportiamo anche test di terze parti per una maggiore garanzia di qualit\u00e0.<\/p>\n<h2><span style=\"font-size: 14pt;\">Perch\u00e9 scegliere noi?<\/span><\/h2>\n<p>In qualit\u00e0 di <strong data-start=\"89\" data-end=\"163\">produttore e fornitore<\/strong> di <strong data-start=\"89\" data-end=\"163\">polvere di ossido di lantanio e stronzio (LSFO)<\/strong>, forniamo materiali di elevata purezza e coerenza di fase, ideali per celle a combustibile a ossido solido, catalizzatori e applicazioni elettroniche. Il nostro rigoroso controllo di qualit\u00e0 garantisce una composizione stabile, una dimensione fine delle particelle e un&#8217;eccellente riproducibilit\u00e0. Grazie a specifiche personalizzabili, prezzi competitivi e una rete di fornitura globale affidabile, forniamo prestazioni costanti e consegne affidabili come richiesto dai vostri progetti.<\/p>\n","protected":false},"excerpt":{"rendered":"<p>Panoramica della polvere di ossido di ferro di lantanio e stronzio La polvere di ossido di ferro di lantanio e stronzio \u00e8 un materiale funzionale ad alte prestazioni ampiamente utilizzato nella ceramica elettronica e nei settori energetici. Grazie all&#8217;eccellente stabilit\u00e0 chimica e alle propriet\u00e0 elettromagnetiche, svolge un ruolo importante nelle celle a combustibile a ossidi [&hellip;]<\/p>\n","protected":false},"featured_media":5626,"template":"","meta":{"_acf_changed":false},"product_brand":[132],"product_cat":[931,930,324],"product_tag":[443],"class_list":{"0":"post-11933","1":"product","2":"type-product","3":"status-publish","4":"has-post-thumbnail","6":"product_brand-ulpmat","7":"product_cat-materiali-della-batteria","8":"product_cat-materiali-per-il-drogaggio-delle-batterie","9":"product_cat-materiali-per-terre-rare","10":"product_tag-materiali-per-terre-rare","12":"first","13":"instock","14":"shipping-taxable","15":"product-type-variable"},"acf":[],"_links":{"self":[{"href":"https:\/\/ulpmat.com\/it\/wp-json\/wp\/v2\/product\/11933","targetHints":{"allow":["GET"]}}],"collection":[{"href":"https:\/\/ulpmat.com\/it\/wp-json\/wp\/v2\/product"}],"about":[{"href":"https:\/\/ulpmat.com\/it\/wp-json\/wp\/v2\/types\/product"}],"wp:featuredmedia":[{"embeddable":true,"href":"https:\/\/ulpmat.com\/it\/wp-json\/wp\/v2\/media\/5626"}],"wp:attachment":[{"href":"https:\/\/ulpmat.com\/it\/wp-json\/wp\/v2\/media?parent=11933"}],"wp:term":[{"taxonomy":"product_brand","embeddable":true,"href":"https:\/\/ulpmat.com\/it\/wp-json\/wp\/v2\/product_brand?post=11933"},{"taxonomy":"product_cat","embeddable":true,"href":"https:\/\/ulpmat.com\/it\/wp-json\/wp\/v2\/product_cat?post=11933"},{"taxonomy":"product_tag","embeddable":true,"href":"https:\/\/ulpmat.com\/it\/wp-json\/wp\/v2\/product_tag?post=11933"}],"curies":[{"name":"wp","href":"https:\/\/api.w.org\/{rel}","templated":true}]}}