{"id":11808,"date":"2025-07-18T17:15:04","date_gmt":"2025-07-18T09:15:04","guid":{"rendered":"https:\/\/ulpmat.com\/product\/fluoruro-di-cerio-3\/"},"modified":"2025-07-18T17:15:04","modified_gmt":"2025-07-18T09:15:04","slug":"fluoruro-di-cerio-3","status":"publish","type":"product","link":"https:\/\/ulpmat.com\/it\/prodotto\/fluoruro-di-cerio-3\/","title":{"rendered":"Fluoruro di cerio"},"content":{"rendered":"<h2><span style=\"font-size: 14pt;\">Panoramica sul fluoruro di cerio<\/span><\/h2>\n<p><strong><span style=\"color: #3366ff;\"><a style=\"color: #3366ff;\" href=\"https:\/\/ulpmat.com\/it\/ricerca\/?type=element&#038;keyword=Ce%2CF\">I granuli di fluoruro di cerio (CeF3)<\/a><\/span><\/strong> sono materiali di elevata purezza progettati per i processi di rivestimento per evaporazione e plasma ad alta precisione. Con una purezza fino al 99,99%, le particelle hanno una forma uniforme, un&#8217;eccellente stabilit\u00e0 termica e trasparenza ottica e possono garantire efficacemente l&#8217;uniformit\u00e0, la densit\u00e0 e l&#8217;elevata trasmittanza dello strato di pellicola depositato. Sono particolarmente adatte per applicazioni con requisiti estremamente elevati di controllo delle impurit\u00e0.<\/p>\n<p>Forniamo granuli <strong>di fluoruro di cerio di elevata purezza<\/strong> con diversi intervalli di dimensioni delle particelle, che possono essere personalizzati e confezionati in base alle specifiche esigenze di processo dei clienti. I nostri prodotti sono ampiamente utilizzati in settori ad alta tecnologia come la preparazione di cristalli laser, il rivestimento per evaporazione sotto vuoto, i materiali per sorgenti di impiantazione ionica e i materiali funzionali per terre rare.<\/p>\n<h2><span style=\"font-size: 14pt;\">Caratteristiche principali dei prodotti<\/span><\/h2>\n<p>Purezza: 99,99%<br \/>\nForte stabilit\u00e0, non facile da decomporre ad alta temperatura e sotto vuoto<br \/>\nDimensione uniforme delle particelle, buona fluidit\u00e0, adatto al sistema di alimentazione automatico<br \/>\nLe dimensioni delle particelle e il metodo di confezionamento possono essere personalizzati in base ai requisiti del cliente<\/p>\n<h2><span style=\"font-size: 14pt;\">Applicazioni dei granuli di fluoruro di cerio<\/span><\/h2>\n<p>Rivestimento ottico: Utilizzato per preparare strati di pellicola ottica con elevata trasmittanza o riflessione selettiva di specifiche lunghezze d&#8217;onda<br \/>\nMateriali laser: Precursori per il drogaggio di cristalli laser come Ce:YAG<br \/>\nProduzione di componenti elettronici: Utilizzati come materie prime per vetri speciali, ceramiche e polveri elettroniche<br \/>\nMateriali per l&#8217;energia nucleare e l&#8217;aviazione: Utilizza la stabilit\u00e0 chimica alle alte temperature e la resistenza alle radiazioni degli elementi delle terre rare<\/p>\n<h2><span style=\"font-size: 14pt;\">Rapporti<\/span><\/h2>\n<p>Forniamo certificati di analisi (COA), schede di sicurezza dei materiali (MSDS) e altri rapporti pertinenti per ogni lotto di merce. Inoltre, supportiamo anche test di terze parti per migliorare la garanzia di qualit\u00e0.<\/p>\n<h2><span style=\"font-size: 14pt;\">Perch\u00e9 scegliere noi?<\/span><\/h2>\n<p>In qualit\u00e0 di <strong>fornitore<\/strong> di fiducia <strong>di fluoruro di cerio (CeF3)<\/strong>, forniamo granuli di elevata purezza con eccellente stabilit\u00e0, bassa igroscopicit\u00e0 e prestazioni costanti. Grazie alle dimensioni personalizzabili, al rigoroso controllo di qualit\u00e0 e alla consegna affidabile a livello globale, garantiamo soluzioni affidabili per la ricerca, l&#8217;ottica e le applicazioni industriali avanzate.<\/p>\n","protected":false},"excerpt":{"rendered":"<p>Panoramica sul fluoruro di cerio I granuli di fluoruro di cerio (CeF3) sono materiali di elevata purezza progettati per i processi di rivestimento per evaporazione e plasma ad alta precisione. Con una purezza fino al 99,99%, le particelle hanno una forma uniforme, un&#8217;eccellente stabilit\u00e0 termica e trasparenza ottica e possono garantire efficacemente l&#8217;uniformit\u00e0, la densit\u00e0 [&hellip;]<\/p>\n","protected":false},"featured_media":5686,"template":"","meta":{"_acf_changed":false},"product_brand":[132],"product_cat":[293],"product_tag":[862,325,443],"class_list":{"0":"post-11808","1":"product","2":"type-product","3":"status-publish","4":"has-post-thumbnail","6":"product_brand-ulpmat","7":"product_cat-materiali-per-levaporazione","8":"product_tag-fluoruro-di-cerio","9":"product_tag-materiali-alogenuri","10":"product_tag-materiali-per-terre-rare","12":"first","13":"instock","14":"shipping-taxable","15":"product-type-variable"},"acf":[],"_links":{"self":[{"href":"https:\/\/ulpmat.com\/it\/wp-json\/wp\/v2\/product\/11808","targetHints":{"allow":["GET"]}}],"collection":[{"href":"https:\/\/ulpmat.com\/it\/wp-json\/wp\/v2\/product"}],"about":[{"href":"https:\/\/ulpmat.com\/it\/wp-json\/wp\/v2\/types\/product"}],"wp:featuredmedia":[{"embeddable":true,"href":"https:\/\/ulpmat.com\/it\/wp-json\/wp\/v2\/media\/5686"}],"wp:attachment":[{"href":"https:\/\/ulpmat.com\/it\/wp-json\/wp\/v2\/media?parent=11808"}],"wp:term":[{"taxonomy":"product_brand","embeddable":true,"href":"https:\/\/ulpmat.com\/it\/wp-json\/wp\/v2\/product_brand?post=11808"},{"taxonomy":"product_cat","embeddable":true,"href":"https:\/\/ulpmat.com\/it\/wp-json\/wp\/v2\/product_cat?post=11808"},{"taxonomy":"product_tag","embeddable":true,"href":"https:\/\/ulpmat.com\/it\/wp-json\/wp\/v2\/product_tag?post=11808"}],"curies":[{"name":"wp","href":"https:\/\/api.w.org\/{rel}","templated":true}]}}