{"id":11663,"date":"2025-07-18T17:15:09","date_gmt":"2025-07-18T09:15:09","guid":{"rendered":"https:\/\/ulpmat.com\/product\/siliciuro-di-cerio-2\/"},"modified":"2025-07-18T17:15:09","modified_gmt":"2025-07-18T09:15:09","slug":"siliciuro-di-cerio-2","status":"publish","type":"product","link":"https:\/\/ulpmat.com\/it\/prodotto\/siliciuro-di-cerio-2\/","title":{"rendered":"Siliciuro di cerio"},"content":{"rendered":"<h2><span style=\"font-size: 14pt;\">Panoramica sul siliciuro di cerio<\/span><\/h2>\n<p><strong><span style=\"color: #3366ff;\"><a style=\"color: #3366ff;\" href=\"https:\/\/ulpmat.com\/it\/ricerca\/?type=formula&#038;keyword=cesi2\">Siliciuro di cerio<\/a> <\/span><\/strong><span style=\"color: #3366ff;\">(CeSi2)<\/span> sono materiali inorganici ad alte prestazioni progettati per la ricerca sui materiali avanzati e per i processi di deposizione di film sottili. Hanno un&#8217;eccellente stabilit\u00e0 chimica, un&#8217;elevata purezza e compattezza, che contribuisce a migliorare l&#8217;uniformit\u00e0 e le prestazioni funzionali dei film depositati. I granuli di cerio silicizzato sono ampiamente utilizzati in campi all&#8217;avanguardia come la microelettronica, i materiali termoelettrici e l&#8217;ingegneria delle superfici.<\/p>\n<p>Siamo in grado di fornire granuli di cerio silicizzato con una variet\u00e0 di distribuzioni granulometriche, che possono essere personalizzate in base alle vostre specifiche esigenze di processo. Inoltre, forniamo una gamma completa di servizi di assistenza post-vendita. Se avete domande tecniche durante l&#8217;uso, non esitate a <span style=\"color: #3366ff;\"><a style=\"color: #3366ff;\" href=\"https:\/\/ulpmat.com\/it\/contatti\/\">contattarci<\/a><\/span>.<\/p>\n<h2><span style=\"font-size: 14pt;\">Caratteristiche del prodotto<\/span><\/h2>\n<p>CeSi2 di elevata purezza: 99,9%<br \/>\nPrecisa distribuzione delle dimensioni delle particelle: adatta a varie tecnologie di deposizione da vapore o solida<br \/>\nForte stabilit\u00e0: eccellente resistenza all&#8217;ossidazione e stabilit\u00e0 termica<br \/>\nAdattabilit\u00e0 a pi\u00f9 campi: materiali elettronici, membrane funzionali, dispositivi termoelettrici, ecc.<br \/>\nImballaggio personalizzato<\/p>\n<h2><span style=\"font-size: 14pt;\">Applicazioni dei granuli di cerio silicizzato<\/span><\/h2>\n<p>Dispositivi microelettronici: utilizzati come materiale di partenza del Ce nella struttura di contatto del siliciuro metallico per migliorare la stabilit\u00e0 del dispositivo<br \/>\nMateriali termoelettrici: utilizzati per la generazione di energia termoelettrica ad alta temperatura o per elementi di raffreddamento, fornendo eccellenti prestazioni termoelettriche<br \/>\nRivestimento superficiale: formazione di rivestimenti resistenti alla corrosione e alle alte temperature nell&#8217;ambito dell&#8217;ingegneria delle superfici speciali<br \/>\nCampo di ricerca: utilizzati come materie prime sperimentali per esplorare le propriet\u00e0 elettriche e magnetiche dei composti intermetallici dei metalli delle terre rare<\/p>\n<h2><span style=\"font-size: 14pt;\">Rapporti<\/span><\/h2>\n<p>Forniamo certificati di analisi (COA), schede di sicurezza dei materiali (MSDS) e altri rapporti pertinenti per ogni lotto di merce. Inoltre, supportiamo anche test di terze parti per migliorare la garanzia di qualit\u00e0.<\/p>\n<p>Perch\u00e9 scegliere noi?<\/p>\n<p>In qualit\u00e0 di <strong>fornitore<\/strong> di fiducia <strong>di siliciuro di cerio (CeSi2)<\/strong>, forniamo materiale di elevata purezza con dimensioni uniformi delle particelle, eccellenti propriet\u00e0 termiche ed elettriche e qualit\u00e0 costante. Grazie a specifiche personalizzabili, a un rigoroso controllo di qualit\u00e0 e a consegne globali affidabili, offriamo soluzioni affidabili per materiali avanzati, elettronica e applicazioni di ricerca.<\/p>\n","protected":false},"excerpt":{"rendered":"<p>Panoramica sul siliciuro di cerio Siliciuro di cerio (CeSi2) sono materiali inorganici ad alte prestazioni progettati per la ricerca sui materiali avanzati e per i processi di deposizione di film sottili. Hanno un&#8217;eccellente stabilit\u00e0 chimica, un&#8217;elevata purezza e compattezza, che contribuisce a migliorare l&#8217;uniformit\u00e0 e le prestazioni funzionali dei film depositati. I granuli di cerio [&hellip;]<\/p>\n","protected":false},"featured_media":5704,"template":"","meta":{"_acf_changed":false},"product_brand":[132],"product_cat":[293],"product_tag":[443],"class_list":{"0":"post-11663","1":"product","2":"type-product","3":"status-publish","4":"has-post-thumbnail","6":"product_brand-ulpmat","7":"product_cat-materiali-per-levaporazione","8":"product_tag-materiali-per-terre-rare","10":"first","11":"instock","12":"shipping-taxable","13":"product-type-variable"},"acf":[],"_links":{"self":[{"href":"https:\/\/ulpmat.com\/it\/wp-json\/wp\/v2\/product\/11663","targetHints":{"allow":["GET"]}}],"collection":[{"href":"https:\/\/ulpmat.com\/it\/wp-json\/wp\/v2\/product"}],"about":[{"href":"https:\/\/ulpmat.com\/it\/wp-json\/wp\/v2\/types\/product"}],"wp:featuredmedia":[{"embeddable":true,"href":"https:\/\/ulpmat.com\/it\/wp-json\/wp\/v2\/media\/5704"}],"wp:attachment":[{"href":"https:\/\/ulpmat.com\/it\/wp-json\/wp\/v2\/media?parent=11663"}],"wp:term":[{"taxonomy":"product_brand","embeddable":true,"href":"https:\/\/ulpmat.com\/it\/wp-json\/wp\/v2\/product_brand?post=11663"},{"taxonomy":"product_cat","embeddable":true,"href":"https:\/\/ulpmat.com\/it\/wp-json\/wp\/v2\/product_cat?post=11663"},{"taxonomy":"product_tag","embeddable":true,"href":"https:\/\/ulpmat.com\/it\/wp-json\/wp\/v2\/product_tag?post=11663"}],"curies":[{"name":"wp","href":"https:\/\/api.w.org\/{rel}","templated":true}]}}