{"id":11605,"date":"2025-07-18T17:15:11","date_gmt":"2025-07-18T09:15:11","guid":{"rendered":"https:\/\/ulpmat.com\/product\/acetato-di-praseodimio\/"},"modified":"2025-07-18T17:15:11","modified_gmt":"2025-07-18T09:15:11","slug":"acetato-di-praseodimio","status":"publish","type":"product","link":"https:\/\/ulpmat.com\/it\/prodotto\/acetato-di-praseodimio\/","title":{"rendered":"Acetato di praseodimio"},"content":{"rendered":"<h2><span style=\"font-size: 14pt;\">Panoramica sull&#8217;acetato di praseodimio<\/span><\/h2>\n<p><strong><span style=\"color: #3366ff;\"><a style=\"color: #3366ff;\" href=\"https:\/\/ulpmat.com\/it\/ricerca\/?type=name&#038;keyword=Praseodymium+Acetate\">L&#8217;acetato di praseodimio (PrC6H9O6)<\/a><\/span><\/strong> \u00e8 un composto di terre rare di elevata purezza e qualit\u00e0, progettato per la ricerca scientifica e le applicazioni industriali, che garantisce l&#8217;efficienza e la stabilit\u00e0 dei processi di sviluppo e produzione dei materiali.<\/p>\n<p>Forniamo <strong>polvere di acetato di praseodimio al 99,9%<\/strong> con particelle uniformi e buona solubilit\u00e0, adatte a diverse sintesi chimiche e preparazioni di materiali funzionali. L&#8217;imballaggio del prodotto \u00e8 vario e pu\u00f2 essere personalizzato in base alle esigenze del cliente. Allo stesso tempo, \u00e8 dotato di un supporto completo di assistenza post-vendita per garantire che non abbiate alcuna preoccupazione.<\/p>\n<h2><span style=\"font-size: 14pt;\">Caratteristiche del prodotto<\/span><\/h2>\n<p>99.9% di purezza, contenuto di impurit\u00e0 estremamente basso<br \/>\nBuona solubilit\u00e0, adatta a una variet\u00e0 di sistemi di solventi<br \/>\nSpecifiche di confezionamento flessibili per soddisfare le diverse esigenze<\/p>\n<h2><span style=\"font-size: 14pt;\">Applicazioni della polvere di acetato di praseodimio<\/span><\/h2>\n<p>Preparazione di materiali funzionali: come drogante di terre rare per materiali ottici, magnetici e catalitici<br \/>\nSintesi chimica: Il PrC6H9O6 \u00e8 utilizzato per preparare complessi di terre rare e nuovi materiali<br \/>\nIndustria elettronica: svolge un ruolo chiave nella ceramica elettronica e nei materiali a film sottile<br \/>\nAmbiente e catalisi: viene utilizzato per la sintesi e la modifica di catalizzatori ecologici<\/p>\n<h2><span style=\"font-size: 14pt;\">Rapporti<\/span><\/h2>\n<p>Forniamo certificati di analisi (COA), schede di sicurezza dei materiali (MSDS) e altri rapporti pertinenti per ogni lotto di prodotti. Inoltre, supportiamo anche test di terze parti per migliorare la garanzia di qualit\u00e0.<\/p>\n","protected":false},"excerpt":{"rendered":"<p>Panoramica sull&#8217;acetato di praseodimio L&#8217;acetato di praseodimio (PrC6H9O6) \u00e8 un composto di terre rare di elevata purezza e qualit\u00e0, progettato per la ricerca scientifica e le applicazioni industriali, che garantisce l&#8217;efficienza e la stabilit\u00e0 dei processi di sviluppo e produzione dei materiali. Forniamo polvere di acetato di praseodimio al 99,9% con particelle uniformi e buona [&hellip;]<\/p>\n","protected":false},"featured_media":5710,"template":"","meta":{"_acf_changed":false},"product_brand":[132],"product_cat":[324],"product_tag":[838,443],"class_list":{"0":"post-11605","1":"product","2":"type-product","3":"status-publish","4":"has-post-thumbnail","6":"product_brand-ulpmat","7":"product_cat-materiali-per-terre-rare","8":"product_tag-acetato-di-praseodimio","9":"product_tag-materiali-per-terre-rare","11":"first","12":"instock","13":"shipping-taxable","14":"product-type-variable"},"acf":[],"_links":{"self":[{"href":"https:\/\/ulpmat.com\/it\/wp-json\/wp\/v2\/product\/11605","targetHints":{"allow":["GET"]}}],"collection":[{"href":"https:\/\/ulpmat.com\/it\/wp-json\/wp\/v2\/product"}],"about":[{"href":"https:\/\/ulpmat.com\/it\/wp-json\/wp\/v2\/types\/product"}],"wp:featuredmedia":[{"embeddable":true,"href":"https:\/\/ulpmat.com\/it\/wp-json\/wp\/v2\/media\/5710"}],"wp:attachment":[{"href":"https:\/\/ulpmat.com\/it\/wp-json\/wp\/v2\/media?parent=11605"}],"wp:term":[{"taxonomy":"product_brand","embeddable":true,"href":"https:\/\/ulpmat.com\/it\/wp-json\/wp\/v2\/product_brand?post=11605"},{"taxonomy":"product_cat","embeddable":true,"href":"https:\/\/ulpmat.com\/it\/wp-json\/wp\/v2\/product_cat?post=11605"},{"taxonomy":"product_tag","embeddable":true,"href":"https:\/\/ulpmat.com\/it\/wp-json\/wp\/v2\/product_tag?post=11605"}],"curies":[{"name":"wp","href":"https:\/\/api.w.org\/{rel}","templated":true}]}}