{"id":11503,"date":"2025-07-18T17:15:12","date_gmt":"2025-07-18T09:15:12","guid":{"rendered":"https:\/\/ulpmat.com\/product\/magnete-al-neodimio-nib\/"},"modified":"2025-07-18T17:15:12","modified_gmt":"2025-07-18T09:15:12","slug":"magnete-al-neodimio-nib","status":"publish","type":"product","link":"https:\/\/ulpmat.com\/it\/prodotto\/magnete-al-neodimio-nib\/","title":{"rendered":"Magnete al neodimio (NIB)"},"content":{"rendered":"<h2><span style=\"font-size: 14pt;\">Panoramica sui magneti al neodimio (NIB)<\/span><\/h2>\n<p><strong><span style=\"color: #3366ff;\"><a style=\"color: #3366ff;\" href=\"https:\/\/ulpmat.com\/it\/ricerca\/?type=name&#038;keyword=nib\">Magnete al neodimio (NIB)<\/a><\/span><\/strong> sono materiali funzionali progettati per applicazioni di film magnetici ad alte prestazioni, con eccellenti propriet\u00e0 magnetiche e stabilit\u00e0 strutturale. Controllando rigorosamente la purezza delle materie prime e la densit\u00e0 di sinterizzazione, il nostro magnete al neodimio (NIB) \u00e8 in grado di ottenere una deposizione uniforme, una forte adesione e prestazioni eccellenti di anisotropia magnetica.<\/p>\n<p>Forniamo bersagli per sputtering di magneti al neodimio (NIB) di elevata purezza in una variet\u00e0 di specifiche e forme, tra cui strutture rotonde, rettangolari e personalizzate, per soddisfare le diverse attrezzature di rivestimento e i requisiti di processo. Allo stesso tempo, forniamo anche un supporto tecnico professionale e un servizio post-vendita per aiutarvi a condurre la ricerca o la produzione in modo efficiente. Non esitate a <span style=\"color: #3366ff;\"><a style=\"color: #3366ff;\" href=\"https:\/\/ulpmat.com\/it\/contatti\/\">contattarci<\/a><\/span>.<\/p>\n<h2><span style=\"font-size: 14pt;\">Caratteristiche del prodotto<\/span><\/h2>\n<p>Elevata purezza che garantisce propriet\u00e0 magnetiche stabili dei film sottili<br \/>\nBersaglio ad alta densit\u00e0, migliora l&#8217;efficienza dello sputtering e la consistenza del film<br \/>\n\u00c8 disponibile il servizio di rilegatura del target<br \/>\nLe dimensioni e la posizione dei fori di montaggio possono essere personalizzate in base alle necessit\u00e0<\/p>\n<h2><span style=\"font-size: 14pt;\">Applicazioni del magnete al neodimio (NIB) target sputtering<\/span><\/h2>\n<p>Spin electronics: Adatto per strati funzionali in dispositivi come MRAM e giunzioni tunnel magnetiche, in grado di fornire eccellenti prestazioni di isteresi e stabilit\u00e0 termica.<br \/>\nSensori magnetici: L&#8217;Nd2Fe14B \u00e8 utilizzato nella preparazione di sensori GMR o TMR per ottenere un rilevamento del campo magnetico ad alta sensibilit\u00e0.<br \/>\nMemorizzazione dei dati: Come testine per hard disk o film micro-magnetici, fornisce soluzioni per la registrazione ad alta densit\u00e0.<br \/>\nSistemi microelettromeccanici (MEMS): si usa per preparare strati magnetici in microstrutture come attuatori micromagnetici ed elementi di sospensione magnetica.<\/p>\n<h2><span style=\"font-size: 14pt;\">Rapporti<\/span><\/h2>\n<p>Forniamo certificati di analisi (COA), schede di sicurezza dei materiali (MSDS) e altri rapporti pertinenti per ogni lotto di prodotti. Inoltre, supportiamo anche test di terze parti per migliorare la garanzia di qualit\u00e0.<\/p>\n","protected":false},"excerpt":{"rendered":"<p>Panoramica sui magneti al neodimio (NIB) Magnete al neodimio (NIB) sono materiali funzionali progettati per applicazioni di film magnetici ad alte prestazioni, con eccellenti propriet\u00e0 magnetiche e stabilit\u00e0 strutturale. Controllando rigorosamente la purezza delle materie prime e la densit\u00e0 di sinterizzazione, il nostro magnete al neodimio (NIB) \u00e8 in grado di ottenere una deposizione uniforme, [&hellip;]<\/p>\n","protected":false},"featured_media":5752,"template":"","meta":{"_acf_changed":false},"product_brand":[132],"product_cat":[453],"product_tag":[802,443],"class_list":{"0":"post-11503","1":"product","2":"type-product","3":"status-publish","4":"has-post-thumbnail","6":"product_brand-ulpmat","7":"product_cat-target-di-sputtering-in-ceramica","8":"product_tag-magnete-al-neodimio-nib","9":"product_tag-materiali-per-terre-rare","11":"first","12":"instock","13":"shipping-taxable","14":"product-type-variable"},"acf":[],"_links":{"self":[{"href":"https:\/\/ulpmat.com\/it\/wp-json\/wp\/v2\/product\/11503","targetHints":{"allow":["GET"]}}],"collection":[{"href":"https:\/\/ulpmat.com\/it\/wp-json\/wp\/v2\/product"}],"about":[{"href":"https:\/\/ulpmat.com\/it\/wp-json\/wp\/v2\/types\/product"}],"wp:featuredmedia":[{"embeddable":true,"href":"https:\/\/ulpmat.com\/it\/wp-json\/wp\/v2\/media\/5752"}],"wp:attachment":[{"href":"https:\/\/ulpmat.com\/it\/wp-json\/wp\/v2\/media?parent=11503"}],"wp:term":[{"taxonomy":"product_brand","embeddable":true,"href":"https:\/\/ulpmat.com\/it\/wp-json\/wp\/v2\/product_brand?post=11503"},{"taxonomy":"product_cat","embeddable":true,"href":"https:\/\/ulpmat.com\/it\/wp-json\/wp\/v2\/product_cat?post=11503"},{"taxonomy":"product_tag","embeddable":true,"href":"https:\/\/ulpmat.com\/it\/wp-json\/wp\/v2\/product_tag?post=11503"}],"curies":[{"name":"wp","href":"https:\/\/api.w.org\/{rel}","templated":true}]}}