{"id":11474,"date":"2025-07-18T17:15:12","date_gmt":"2025-07-18T09:15:12","guid":{"rendered":"https:\/\/ulpmat.com\/product\/ossido-di-neodimio-2\/"},"modified":"2025-07-18T17:15:12","modified_gmt":"2025-07-18T09:15:12","slug":"ossido-di-neodimio-2","status":"publish","type":"product","link":"https:\/\/ulpmat.com\/it\/prodotto\/ossido-di-neodimio-2\/","title":{"rendered":"Ossido di neodimio"},"content":{"rendered":"<h2><span style=\"font-size: 14pt;\">Panoramica della polvere di ossido di neodimio<\/span><\/h2>\n<p><strong><span style=\"color: #3366ff;\"><a style=\"color: #3366ff;\" href=\"https:\/\/ulpmat.com\/it\/ricerca\/?type=element&#038;keyword=Nd%2CO\">L&#8217;ossido di neodimio<\/a><\/span><\/strong> \u00e8 un materiale funzionale a base di terre rare di elevata purezza, appositamente sviluppato e utilizzato in campi tecnici di alto livello come la ceramica di precisione, i dispositivi optoelettronici, i materiali magnetici e la preparazione di film sottili. Forniamo polvere di ossido di neodimio con una purezza fino al 99,999%, che presenta un eccellente controllo delle dimensioni delle particelle, una buona disperdibilit\u00e0 e stabilit\u00e0 termochimica e pu\u00f2 soddisfare i severi requisiti della ricerca scientifica e dell&#8217;industria per i materiali ad alte prestazioni.<\/p>\n<p>Possiamo personalizzare i prodotti in polvere di ossido di neodimio di elevata purezza con diversi intervalli di dimensioni delle particelle, metodi di confezionamento e standard di analisi in base alle applicazioni specifiche dei clienti. Sia che siate impegnati nella ricerca sperimentale o nella produzione di massa, possiamo fornirvi servizi di fornitura e assistenza tecnica flessibili e affidabili. Non esitate a <span style=\"color: #3366ff;\"><a style=\"color: #3366ff;\" href=\"https:\/\/ulpmat.com\/it\/contatti\/\">contattarci<\/a><\/span>.<\/p>\n<h2><span style=\"font-size: 14pt;\">Caratteristiche del prodotto<\/span><\/h2>\n<p>Purezza: 99,999%, impurit\u00e0 molto basse, adatto per applicazioni funzionali di alto livello<br \/>\nDimensione delle particelle controllabile, distribuzione uniforme, facile controllo del processo<br \/>\nEccellente stabilit\u00e0 termica e inerzia chimica, adatto all&#8217;uso in ambienti ad alta temperatura e sotto vuoto<br \/>\nSono disponibili specifiche di prodotto e dimensioni di imballaggio personalizzate<\/p>\n<h2><span style=\"font-size: 14pt;\">Applicazioni della polvere di ossido di neodimio<\/span><\/h2>\n<p>Materiali magnetici: Doping e ausiliari di sinterizzazione per magneti permanenti NdFeB sinterizzati ad alte prestazioni<br \/>\nCeramica elettronica: Utilizzata per la produzione di ceramiche per condensatori e dielettrici a base di neodimio<br \/>\nMateriali ottici: L&#8217;Nd2O3 \u00e8 utilizzato come drogante per cristalli laser e come materiale per l&#8217;assorbimento degli infrarossi<br \/>\nPreparazione del bersaglio: Come precursore di sinterizzazione di bersagli sputtering per migliorare la densit\u00e0 e la purezza dei bersagli<\/p>\n<h2><span style=\"font-size: 14pt;\">Rapporti<\/span><\/h2>\n<p>Forniamo certificati di analisi (COA), schede di sicurezza dei materiali (MSDS) e altri rapporti pertinenti per ogni lotto di prodotti. Inoltre, supportiamo anche test di terze parti per una maggiore garanzia di qualit\u00e0.<\/p>\n","protected":false},"excerpt":{"rendered":"<p>Panoramica della polvere di ossido di neodimio L&#8217;ossido di neodimio \u00e8 un materiale funzionale a base di terre rare di elevata purezza, appositamente sviluppato e utilizzato in campi tecnici di alto livello come la ceramica di precisione, i dispositivi optoelettronici, i materiali magnetici e la preparazione di film sottili. Forniamo polvere di ossido di neodimio [&hellip;]<\/p>\n","protected":false},"featured_media":5758,"template":"","meta":{"_acf_changed":false},"product_brand":[132],"product_cat":[324,436],"product_tag":[443,796],"class_list":{"0":"post-11474","1":"product","2":"type-product","3":"status-publish","4":"has-post-thumbnail","6":"product_brand-ulpmat","7":"product_cat-materiali-per-terre-rare","8":"product_cat-ossidi","9":"product_tag-materiali-per-terre-rare","10":"product_tag-ossido-di-neodimio","12":"first","13":"instock","14":"shipping-taxable","15":"product-type-variable"},"acf":[],"_links":{"self":[{"href":"https:\/\/ulpmat.com\/it\/wp-json\/wp\/v2\/product\/11474","targetHints":{"allow":["GET"]}}],"collection":[{"href":"https:\/\/ulpmat.com\/it\/wp-json\/wp\/v2\/product"}],"about":[{"href":"https:\/\/ulpmat.com\/it\/wp-json\/wp\/v2\/types\/product"}],"wp:featuredmedia":[{"embeddable":true,"href":"https:\/\/ulpmat.com\/it\/wp-json\/wp\/v2\/media\/5758"}],"wp:attachment":[{"href":"https:\/\/ulpmat.com\/it\/wp-json\/wp\/v2\/media?parent=11474"}],"wp:term":[{"taxonomy":"product_brand","embeddable":true,"href":"https:\/\/ulpmat.com\/it\/wp-json\/wp\/v2\/product_brand?post=11474"},{"taxonomy":"product_cat","embeddable":true,"href":"https:\/\/ulpmat.com\/it\/wp-json\/wp\/v2\/product_cat?post=11474"},{"taxonomy":"product_tag","embeddable":true,"href":"https:\/\/ulpmat.com\/it\/wp-json\/wp\/v2\/product_tag?post=11474"}],"curies":[{"name":"wp","href":"https:\/\/api.w.org\/{rel}","templated":true}]}}