{"id":11354,"date":"2025-07-18T17:15:13","date_gmt":"2025-07-18T09:15:13","guid":{"rendered":"https:\/\/ulpmat.com\/product\/samario-metallico\/"},"modified":"2025-07-18T17:15:13","modified_gmt":"2025-07-18T09:15:13","slug":"samario-metallico","status":"publish","type":"product","link":"https:\/\/ulpmat.com\/it\/prodotto\/samario-metallico\/","title":{"rendered":"Samario metallico"},"content":{"rendered":"<h2><span style=\"font-size: 14pt;\">Panoramica dei target di sputtering al samario<\/span><\/h2>\n<p><strong><span style=\"color: #3366ff;\"><a style=\"color: #3366ff;\" href=\"https:\/\/ulpmat.com\/it\/ricerca\/?type=element&#038;keyword=Sm\">Samario<\/a><\/span><\/strong> I target sputtering sono target di metalli di terre rare sviluppati specificamente per processi di deposizione di film sottili di alto livello, con purezza e densit\u00e0 eccellenti. Essi mostrano un&#8217;ampia applicabilit\u00e0 e stabilit\u00e0 nella preparazione di materiali magnetici, rivestimenti ottici, dispositivi elettronici e film funzionali, in particolare nei settori che richiedono una regolazione precisa del drogaggio o delle propriet\u00e0 magnetiche.<\/p>\n<p>Siamo in grado di fornire target di samario sputtering di elevata purezza in una variet\u00e0 di specifiche, tra cui rotonde, rettangolari, anulari, ecc., supportando la personalizzazione delle dimensioni e l&#8217;incollaggio di backplane (come backplane in rame). Inoltre, siamo dotati di un team di supporto tecnico professionale per garantire ogni collegamento al vostro processo di utilizzo. Non esitate a <span style=\"color: #3366ff;\"><a style=\"color: #3366ff;\" href=\"https:\/\/ulpmat.com\/it\/contatti\/\">contattarci<\/a><\/span>.<\/p>\n<h2><span style=\"font-size: 14pt;\">Caratteristiche del prodotto<\/span><\/h2>\n<p>Purezza: 99,95%, basse impurit\u00e0<br \/>\nAlta densit\u00e0, che garantisce la consistenza e l&#8217;adesione della composizione del film<br \/>\nDimensioni, forma e trattamento superficiale personalizzabili (eccellente planarit\u00e0)<br \/>\nSono disponibili diversi tipi di processo, come target sinterizzati o fusi<br \/>\nSono disponibili servizi di incollaggio dei target<\/p>\n<h2><span style=\"font-size: 14pt;\">Applicazioni dei target di sputtering al samario<\/span><\/h2>\n<p>Materiali magnetici: utilizzati per la preparazione di film di materiali magnetici permanenti SmCo per migliorare l&#8217;anisotropia magnetica dello strato di film<br \/>\nRivestimento ottico: per migliorare le prestazioni di riflessione nella regione del vicino infrarosso o per la progettazione di strati riflettenti funzionali<br \/>\nDispositivi elettronici: utilizzati per il drogaggio o la regolazione dell&#8217;interfaccia nelle strutture a semiconduttore<br \/>\nMateriali energetici: pu\u00f2 essere utilizzato per la deposizione di film compositi in alcune membrane di celle a combustibile, materiali termoelettrici e altri campi<\/p>\n<h2><span style=\"font-size: 14pt;\">Rapporti<\/span><\/h2>\n<p>Forniamo certificati di analisi (COA), schede di sicurezza dei materiali (MSDS) e altri rapporti di prova per ogni lotto di target di sputtering al samario metallico. Supportiamo test e verifiche di terze parti per garantire che le prestazioni del prodotto soddisfino i vostri requisiti di processo.<\/p>\n","protected":false},"excerpt":{"rendered":"<p>Panoramica dei target di sputtering al samario Samario I target sputtering sono target di metalli di terre rare sviluppati specificamente per processi di deposizione di film sottili di alto livello, con purezza e densit\u00e0 eccellenti. Essi mostrano un&#8217;ampia applicabilit\u00e0 e stabilit\u00e0 nella preparazione di materiali magnetici, rivestimenti ottici, dispositivi elettronici e film funzionali, in particolare [&hellip;]<\/p>\n","protected":false},"featured_media":7036,"template":"","meta":{"_acf_changed":false},"product_brand":[132],"product_cat":[311],"product_tag":[443,766],"class_list":{"0":"post-11354","1":"product","2":"type-product","3":"status-publish","4":"has-post-thumbnail","6":"product_brand-ulpmat","7":"product_cat-target-di-sputtering-metallico","8":"product_tag-materiali-per-terre-rare","9":"product_tag-samario-metallico","11":"first","12":"instock","13":"shipping-taxable","14":"product-type-variable"},"acf":[],"_links":{"self":[{"href":"https:\/\/ulpmat.com\/it\/wp-json\/wp\/v2\/product\/11354","targetHints":{"allow":["GET"]}}],"collection":[{"href":"https:\/\/ulpmat.com\/it\/wp-json\/wp\/v2\/product"}],"about":[{"href":"https:\/\/ulpmat.com\/it\/wp-json\/wp\/v2\/types\/product"}],"wp:featuredmedia":[{"embeddable":true,"href":"https:\/\/ulpmat.com\/it\/wp-json\/wp\/v2\/media\/7036"}],"wp:attachment":[{"href":"https:\/\/ulpmat.com\/it\/wp-json\/wp\/v2\/media?parent=11354"}],"wp:term":[{"taxonomy":"product_brand","embeddable":true,"href":"https:\/\/ulpmat.com\/it\/wp-json\/wp\/v2\/product_brand?post=11354"},{"taxonomy":"product_cat","embeddable":true,"href":"https:\/\/ulpmat.com\/it\/wp-json\/wp\/v2\/product_cat?post=11354"},{"taxonomy":"product_tag","embeddable":true,"href":"https:\/\/ulpmat.com\/it\/wp-json\/wp\/v2\/product_tag?post=11354"}],"curies":[{"name":"wp","href":"https:\/\/api.w.org\/{rel}","templated":true}]}}