{"id":11212,"date":"2025-07-18T17:15:15","date_gmt":"2025-07-18T09:15:15","guid":{"rendered":"https:\/\/ulpmat.com\/product\/fluoruro-di-samario\/"},"modified":"2025-07-18T17:15:15","modified_gmt":"2025-07-18T09:15:15","slug":"fluoruro-di-samario","status":"publish","type":"product","link":"https:\/\/ulpmat.com\/it\/prodotto\/fluoruro-di-samario\/","title":{"rendered":"Fluoruro di samario"},"content":{"rendered":"<h2><span style=\"font-size: 14pt;\">Panoramica della polvere di fluoruro di samario<\/span><\/h2>\n<p data-start=\"96\" data-end=\"535\">La<strong data-start=\"96\" data-end=\"178\"><span style=\"color: #0000ff;\"><a style=\"color: #0000ff;\" href=\"https:\/\/ulpmat.com\/it\/ricerca\/?type=name&#038;keyword=Samarium+Fluoride\"> polvere di fluoruro di samario<\/a><\/span> ad alta purezza per materiali funzionali ad alte prestazioni<\/strong> \u00e8 un materiale a base di fluoruro di terre rare appositamente sviluppato per applicazioni di rivestimento e materiali avanzati. Grazie all&#8217;eccellente stabilit\u00e0 chimica, alla stabilit\u00e0 termica e alla bassa igroscopicit\u00e0, la <strong data-start=\"359\" data-end=\"432\">polvere di fluoruro di samario per l&#8217;ottica a infrarossi e il drogaggio dei cristalli laser<\/strong> garantisce prestazioni superiori nel rivestimento sotto vuoto, nel miglioramento della ceramica e nei processi ad alta temperatura.<\/p>\n<p data-start=\"537\" data-end=\"884\">Forniamo <strong data-start=\"548\" data-end=\"628\">polvere di fluoruro di samario personalizzata per la ricerca e le applicazioni industriali<\/strong> in varie dimensioni delle particelle e gradi di purezza, supportando specifiche personalizzate e un&#8217;assistenza tecnica completa. Campioni e rapporti sui dati sono disponibili su richiesta e il nostro team si dedica ad assistere lo sviluppo del progetto e i processi di produzione di massa.<\/p>\n<h2><span style=\"font-size: 14pt;\">Punti di forza dei prodotti della polvere di fluoruro di samario<\/span><\/h2>\n<p>Purezza: 99,9%<br \/>\nIgroscopicit\u00e0 estremamente bassa, facile da conservare e trattare<br \/>\nEccellente stabilit\u00e0 chimica, adatta per ambienti ad alta temperatura o sotto vuoto<br \/>\nAdatto per ceramiche, materiali laser e industrie di rivestimento<br \/>\nDimensioni delle particelle e specifiche di confezionamento personalizzabili<\/p>\n<h2><span style=\"font-size: 14pt;\">Applicazioni della polvere di fluoruro di samario<\/span><\/h2>\n<p>Materiali ottici e laser: utilizzati per i materiali delle finestre a infrarossi, per il drogaggio dei cristalli laser e per i mezzi di conversione della luce UV-visibile<br \/>\nMateriali di rivestimento sotto vuoto: come fonte di fluoruro o materiale per strati funzionali di terre rare, migliorano l&#8217;indice di rifrazione e la stabilit\u00e0 dello strato di pellicola<br \/>\nCeramiche elettroniche: come additivo nelle ceramiche al fluoro per migliorare la stabilit\u00e0 termica e la resistenza alla corrosione<br \/>\nMaterie prime sintetiche per target: utilizzate per preparare target di sputtering al fluoruro di terre rare, adatti a una variet\u00e0 di processi di deposizione fisica da vapore<\/p>\n<h2><span style=\"font-size: 14pt;\">Rapporti<\/span><\/h2>\n<p>Forniamo certificati di analisi (COA), schede di sicurezza dei materiali (MSDS) e altri rapporti pertinenti per ogni lotto di prodotti. Inoltre, supportiamo anche test di terze parti per migliorare la garanzia di qualit\u00e0.<\/p>\n","protected":false},"excerpt":{"rendered":"<p>Panoramica della polvere di fluoruro di samario La polvere di fluoruro di samario ad alta purezza per materiali funzionali ad alte prestazioni \u00e8 un materiale a base di fluoruro di terre rare appositamente sviluppato per applicazioni di rivestimento e materiali avanzati. Grazie all&#8217;eccellente stabilit\u00e0 chimica, alla stabilit\u00e0 termica e alla bassa igroscopicit\u00e0, la polvere di [&hellip;]<\/p>\n","protected":false},"featured_media":5818,"template":"","meta":{"_acf_changed":false},"product_brand":[132],"product_cat":[323,324],"product_tag":[],"class_list":{"0":"post-11212","1":"product","2":"type-product","3":"status-publish","4":"has-post-thumbnail","6":"product_brand-ulpmat","7":"product_cat-materiali-alogenuri","8":"product_cat-materiali-per-terre-rare","10":"first","11":"instock","12":"shipping-taxable","13":"product-type-variable"},"acf":[],"_links":{"self":[{"href":"https:\/\/ulpmat.com\/it\/wp-json\/wp\/v2\/product\/11212","targetHints":{"allow":["GET"]}}],"collection":[{"href":"https:\/\/ulpmat.com\/it\/wp-json\/wp\/v2\/product"}],"about":[{"href":"https:\/\/ulpmat.com\/it\/wp-json\/wp\/v2\/types\/product"}],"wp:featuredmedia":[{"embeddable":true,"href":"https:\/\/ulpmat.com\/it\/wp-json\/wp\/v2\/media\/5818"}],"wp:attachment":[{"href":"https:\/\/ulpmat.com\/it\/wp-json\/wp\/v2\/media?parent=11212"}],"wp:term":[{"taxonomy":"product_brand","embeddable":true,"href":"https:\/\/ulpmat.com\/it\/wp-json\/wp\/v2\/product_brand?post=11212"},{"taxonomy":"product_cat","embeddable":true,"href":"https:\/\/ulpmat.com\/it\/wp-json\/wp\/v2\/product_cat?post=11212"},{"taxonomy":"product_tag","embeddable":true,"href":"https:\/\/ulpmat.com\/it\/wp-json\/wp\/v2\/product_tag?post=11212"}],"curies":[{"name":"wp","href":"https:\/\/api.w.org\/{rel}","templated":true}]}}