{"id":10907,"date":"2025-07-18T17:15:22","date_gmt":"2025-07-18T09:15:22","guid":{"rendered":"https:\/\/ulpmat.com\/product\/cloruro-di-gadolinio\/"},"modified":"2025-07-18T17:15:22","modified_gmt":"2025-07-18T09:15:22","slug":"cloruro-di-gadolinio","status":"publish","type":"product","link":"https:\/\/ulpmat.com\/it\/prodotto\/cloruro-di-gadolinio\/","title":{"rendered":"Cloruro di gadolinio"},"content":{"rendered":"<h2><span style=\"font-size: 14pt;\">Panoramica della polvere di cloruro di gadolinio<\/span><\/h2>\n<p><strong><span style=\"color: #3366ff;\"><a style=\"color: #3366ff;\" href=\"https:\/\/ulpmat.com\/it\/ricerca\/?type=name&#038;keyword=Gadolinium+Chloride\">La polvere di cloruro di gadolinio <\/a><\/span><\/strong><strong data-start=\"106\" data-end=\"168\">per la sintesi di materiali avanzati<\/strong> \u00e8 un composto di terre rare di elevata purezza progettato per la ricerca e lo sviluppo scientifici e la sintesi di materiali di alta gamma. La sua purezza raggiunge il 99,99%, con buona solubilit\u00e0 e attivit\u00e0 chimica, ed \u00e8 un importante precursore per la preparazione di materiali funzionali a base di gadolinio.<\/p>\n<p data-start=\"463\" data-end=\"911\">Forniamo una variet\u00e0 di specifiche di <strong data-start=\"505\" data-end=\"571\">polvere di cloruro di gadolinio di elevata purezza per la ricerca di laboratorio<\/strong>, con particelle uniformi e stabili, supportando l&#8217;imballaggio personalizzato e i test di qualit\u00e0. Il nostro team tecnico fornisce ai clienti anche una gamma completa di servizi post-vendita. In caso di problemi durante l&#8217;uso, non esitate a contattarci per le nostre <strong data-start=\"834\" data-end=\"908\">soluzioni di fornitura di polvere di cloruro di gadolinio per materiali funzionali<\/strong>.<\/p>\n<h2><span style=\"font-size: 14pt;\">Punti di forza del prodotto Gadolinio cloruro in polvere<\/span><\/h2>\n<p>Purezza: 99,99%, per soddisfare le esigenze della ricerca scientifica e delle applicazioni industriali<br \/>\nDimensione uniforme delle particelle, buona fluidit\u00e0, facile da miscelare e lavorare con precisione<br \/>\nBuona solubilit\u00e0 in acqua, facile da preparare per soluzioni e materiali compositi<br \/>\nLe specifiche di confezionamento e i gradi di purezza possono essere personalizzati in base alle esigenze del cliente<br \/>\nAmpia gamma di applicazioni, in grado di soddisfare le esigenze di preparazione di una variet\u00e0 di materiali ad alte prestazioni<\/p>\n<h2><span style=\"font-size: 14pt;\">Applicazioni del cloruro di gadolinio in polvere<\/span><\/h2>\n<p>Preparazione di materiali funzionali a base di terre rare: come fonte di ioni Gd\u00b3\u207a, viene utilizzato nella sintesi di materiali luminescenti, materiali magneto-ottici e materiali laser, ecc.<br \/>\nSettore medico: precursore del componente principale degli agenti di contrasto della risonanza magnetica, contribuisce allo sviluppo della tecnologia di imaging medico<br \/>\nCatalizzatori e chimica di coordinazione: viene utilizzato come materia prima chiave nella sintesi di catalizzatori o ligandi<br \/>\nIndustria della ceramica e del vetro: drogaggio per preparare ceramiche speciali e vetri di terre rare per migliorare le propriet\u00e0 dei materiali<br \/>\nRicerca scientifica e sviluppo: ampiamente utilizzato nella ricerca di base nei settori della sintesi chimica, della scienza dei materiali e delle nanotecnologie<\/p>\n<h2><span style=\"font-size: 14pt;\">Rapporti<\/span><\/h2>\n<p>Forniamo certificati di analisi (COA), schede di sicurezza dei materiali (MSDS) e altri rapporti pertinenti per ogni lotto di merce. Inoltre, supportiamo anche test di terze parti per migliorare la garanzia di qualit\u00e0.<\/p>\n","protected":false},"excerpt":{"rendered":"<p>Panoramica della polvere di cloruro di gadolinio La polvere di cloruro di gadolinio per la sintesi di materiali avanzati \u00e8 un composto di terre rare di elevata purezza progettato per la ricerca e lo sviluppo scientifici e la sintesi di materiali di alta gamma. La sua purezza raggiunge il 99,99%, con buona solubilit\u00e0 e attivit\u00e0 [&hellip;]<\/p>\n","protected":false},"featured_media":5920,"template":"","meta":{"_acf_changed":false},"product_brand":[132],"product_cat":[323,324],"product_tag":[622],"class_list":{"0":"post-10907","1":"product","2":"type-product","3":"status-publish","4":"has-post-thumbnail","6":"product_brand-ulpmat","7":"product_cat-materiali-alogenuri","8":"product_cat-materiali-per-terre-rare","9":"product_tag-cloruro-di-gadolinio","11":"first","12":"instock","13":"shipping-taxable","14":"product-type-variable"},"acf":[],"_links":{"self":[{"href":"https:\/\/ulpmat.com\/it\/wp-json\/wp\/v2\/product\/10907","targetHints":{"allow":["GET"]}}],"collection":[{"href":"https:\/\/ulpmat.com\/it\/wp-json\/wp\/v2\/product"}],"about":[{"href":"https:\/\/ulpmat.com\/it\/wp-json\/wp\/v2\/types\/product"}],"wp:featuredmedia":[{"embeddable":true,"href":"https:\/\/ulpmat.com\/it\/wp-json\/wp\/v2\/media\/5920"}],"wp:attachment":[{"href":"https:\/\/ulpmat.com\/it\/wp-json\/wp\/v2\/media?parent=10907"}],"wp:term":[{"taxonomy":"product_brand","embeddable":true,"href":"https:\/\/ulpmat.com\/it\/wp-json\/wp\/v2\/product_brand?post=10907"},{"taxonomy":"product_cat","embeddable":true,"href":"https:\/\/ulpmat.com\/it\/wp-json\/wp\/v2\/product_cat?post=10907"},{"taxonomy":"product_tag","embeddable":true,"href":"https:\/\/ulpmat.com\/it\/wp-json\/wp\/v2\/product_tag?post=10907"}],"curies":[{"name":"wp","href":"https:\/\/api.w.org\/{rel}","templated":true}]}}