{"id":10859,"date":"2025-07-18T17:15:22","date_gmt":"2025-07-18T09:15:22","guid":{"rendered":"https:\/\/ulpmat.com\/product\/fluoruro-di-gadolinio-dfm\/"},"modified":"2025-07-18T17:15:22","modified_gmt":"2025-07-18T09:15:22","slug":"fluoruro-di-gadolinio-dfm","status":"publish","type":"product","link":"https:\/\/ulpmat.com\/it\/prodotto\/fluoruro-di-gadolinio-dfm\/","title":{"rendered":"Fluoruro di gadolinio (DFM)"},"content":{"rendered":"<h2><span style=\"font-size: 14pt;\">Panoramica del target di sputtering al fluoruro di gadolinio<\/span><\/h2>\n<p data-start=\"95\" data-end=\"519\">I<strong data-start=\"99\" data-end=\"189\"><span style=\"color: #0000ff;\"><a style=\"color: #0000ff;\" href=\"https:\/\/ulpmat.com\/it\/ricerca\/?type=name&#038;keyword=Gadolinium+Fluoride\">target sputtering al fluoruro di gadolinio<\/a><\/span> per film sottili magnetici e ottici<\/strong> sono materiali chiave progettati per processi di deposizione di film sottili ad alte prestazioni, con una purezza estremamente elevata e propriet\u00e0 fisiche eccellenti. La loro purezza pu\u00f2 raggiungere il 99,99%, assicurando una deposizione di alta qualit\u00e0 di film sottili e un contenuto di impurit\u00e0 estremamente basso, garantendo una formazione uniforme del film, una forte adesione e una funzione stabile.<\/p>\n<p data-start=\"521\" data-end=\"999\">Forniamo varie dimensioni e forme per supportare le esigenze di personalizzazione dei clienti. Allo stesso tempo, siamo dotati di un team di supporto tecnico professionale per garantire servizi completi durante la selezione e l&#8217;utilizzo del prodotto. Inoltre, i nostri <strong data-start=\"760\" data-end=\"848\">target di sputtering al fluoruro di gadolinio personalizzati per applicazioni su dispositivi elettronici<\/strong> e i <strong data-start=\"853\" data-end=\"946\">target di sputtering al fluoruro di gadolinio ottimizzati per processi di film sottili ad alte prestazioni<\/strong> soddisfano diverse esigenze industriali e di ricerca.<\/p>\n<h2><span style=\"font-size: 14pt;\">Punti di forza del prodotto Target sputtering al fluoruro di gadolinio<\/span><\/h2>\n<p>Elevata purezza: 99,99%, per garantire un livello di impurit\u00e0 estremamente basso<br \/>\nEccellente stabilit\u00e0 chimica e termica<br \/>\nAlta densit\u00e0, che garantisce una deposizione uniforme e stabile del film sottile<br \/>\nLe dimensioni e le forme possono essere personalizzate in base alle esigenze del cliente<br \/>\nPossono essere forniti servizi di legatura degli obiettivi<br \/>\nApplicabile alla preparazione di materiali magnetici, rivestimenti ottici e dispositivi elettronici<\/p>\n<h2><span style=\"font-size: 14pt;\">Applicazioni del target di sputtering al fluoruro di gadolinio<\/span><\/h2>\n<p>Materiali magnetici: Come materia prima chiave per film magnetici ad alte prestazioni, sono ampiamente utilizzati nei dispositivi di registrazione magnetica e di spintronica.<br \/>\nRivestimento ottico: Utilizzato per preparare rivestimenti ottici ad alto indice di rifrazione e resistenti all&#8217;usura, come riflettori e filtri.<br \/>\nDispositivi elettronici: Forniscono materiali di rivestimento stabili nella produzione di film sottili elettronici per migliorare le prestazioni e l&#8217;affidabilit\u00e0 dei dispositivi.<\/p>\n<h2><span style=\"font-size: 14pt;\">Rapporti<\/span><\/h2>\n<p>Forniamo certificati di analisi (COA), schede di sicurezza dei materiali (MSDS) e altri rapporti pertinenti per ogni lotto di prodotti. Inoltre, supportiamo anche test di terze parti per migliorare la garanzia di qualit\u00e0.<\/p>\n","protected":false},"excerpt":{"rendered":"<p>Panoramica del target di sputtering al fluoruro di gadolinio Itarget sputtering al fluoruro di gadolinio per film sottili magnetici e ottici sono materiali chiave progettati per processi di deposizione di film sottili ad alte prestazioni, con una purezza estremamente elevata e propriet\u00e0 fisiche eccellenti. La loro purezza pu\u00f2 raggiungere il 99,99%, assicurando una deposizione di [&hellip;]<\/p>\n","protected":false},"featured_media":6994,"template":"","meta":{"_acf_changed":false},"product_brand":[132],"product_cat":[453],"product_tag":[610,326],"class_list":{"0":"post-10859","1":"product","2":"type-product","3":"status-publish","4":"has-post-thumbnail","6":"product_brand-ulpmat","7":"product_cat-target-di-sputtering-in-ceramica","8":"product_tag-fluoruro-di-gadolinio","9":"product_tag-materiali-ottici","11":"first","12":"instock","13":"shipping-taxable","14":"product-type-variable"},"acf":[],"_links":{"self":[{"href":"https:\/\/ulpmat.com\/it\/wp-json\/wp\/v2\/product\/10859","targetHints":{"allow":["GET"]}}],"collection":[{"href":"https:\/\/ulpmat.com\/it\/wp-json\/wp\/v2\/product"}],"about":[{"href":"https:\/\/ulpmat.com\/it\/wp-json\/wp\/v2\/types\/product"}],"wp:featuredmedia":[{"embeddable":true,"href":"https:\/\/ulpmat.com\/it\/wp-json\/wp\/v2\/media\/6994"}],"wp:attachment":[{"href":"https:\/\/ulpmat.com\/it\/wp-json\/wp\/v2\/media?parent=10859"}],"wp:term":[{"taxonomy":"product_brand","embeddable":true,"href":"https:\/\/ulpmat.com\/it\/wp-json\/wp\/v2\/product_brand?post=10859"},{"taxonomy":"product_cat","embeddable":true,"href":"https:\/\/ulpmat.com\/it\/wp-json\/wp\/v2\/product_cat?post=10859"},{"taxonomy":"product_tag","embeddable":true,"href":"https:\/\/ulpmat.com\/it\/wp-json\/wp\/v2\/product_tag?post=10859"}],"curies":[{"name":"wp","href":"https:\/\/api.w.org\/{rel}","templated":true}]}}