{"id":10755,"date":"2025-07-18T17:15:23","date_gmt":"2025-07-18T09:15:23","guid":{"rendered":"https:\/\/ulpmat.com\/product\/cloruro-di-terbio-esaidrato\/"},"modified":"2025-07-18T17:15:23","modified_gmt":"2025-07-18T09:15:23","slug":"cloruro-di-terbio-esaidrato","status":"publish","type":"product","link":"https:\/\/ulpmat.com\/it\/prodotto\/cloruro-di-terbio-esaidrato\/","title":{"rendered":"Cloruro di terbio esaidrato"},"content":{"rendered":"<h2><span style=\"font-size: 14pt;\">Panoramica della polvere di cloruro di terbio esaidrato<\/span><\/h2>\n<p data-start=\"92\" data-end=\"343\">La<strong data-start=\"92\" data-end=\"147\"><span style=\"color: #0000ff;\"><a style=\"color: #0000ff;\" href=\"https:\/\/ulpmat.com\/it\/ricerca\/?type=name&#038;keyword=Terbium+Chloride+Hexahydrate\">polvere di cloruro di terbio esaidrato<\/a><\/span> per la sintesi del fosforo<\/strong> \u00e8 un materiale salino di terre rare di elevata purezza, ampiamente utilizzato in campi di applicazione di alto livello come i materiali funzionali optoelettronici, i precursori di materiali magnetici e la sintesi del fosforo.<\/p>\n<p data-start=\"345\" data-end=\"850\">Forniamo <strong data-start=\"375\" data-end=\"446\">polvere di cloruro di terbio esaidrato<\/strong> di elevata purezza al 99,99% <strong data-start=\"375\" data-end=\"446\">per applicazioni optoelettroniche<\/strong>, che presenta un&#8217;eccellente solubilit\u00e0 e una composizione stabile, garantendo la controllabilit\u00e0 e la coerenza delle prestazioni del materiale a valle. Il prodotto ha una forte igroscopicit\u00e0 ed \u00e8 adatto a una variet\u00e0 di processi di soluzione. Siamo in grado di fornire diverse forme di imballaggio su richiesta e di offrire un servizio completo di assistenza post-vendita come <strong data-start=\"783\" data-end=\"847\">fornitore<\/strong> di fiducia <strong data-start=\"783\" data-end=\"847\">di polvere di cloruro di terbio esaidrato per materiali avanzati<\/strong>.<\/p>\n<h2><span style=\"font-size: 14pt;\">Punti di forza del prodotto Cloruro di terbio esaidrato in polvere <\/span><\/h2>\n<p>Purezza: 99,99%<br \/>\nElevata igroscopicit\u00e0, facilmente solubile in acqua e alcoli<br \/>\nDimensione uniforme delle particelle, facile per la preparazione di soluzioni e processi di precursori<br \/>\nElevata stabilit\u00e0, adatta a una variet\u00e0 di percorsi di sintesi delle terre rare<br \/>\nSpecifiche e confezioni personalizzabili per soddisfare le diverse esigenze sperimentali\/industriali<\/p>\n<h2><span style=\"font-size: 14pt;\">Applicazioni della polvere di cloruro di terbio esaidrato<\/span><\/h2>\n<p>Materiali fluorescenti: utilizzati per i fosfori verdi luminescenti di terre rare e per le apparecchiature di visualizzazione ad alte prestazioni<br \/>\nMateriali magnetici: come uno dei precursori di leghe magnetiche e materiali magnetici permanenti<br \/>\nCeramica e vetro: utilizzati nella produzione di ceramiche speciali e vetro drogato con terre rare<br \/>\nReagenti chimici: utilizzati come standard di elevata purezza e reagenti per le analisi di ricerca scientifica<\/p>\n<h2><span style=\"font-size: 14pt;\">Rapporti<\/span><\/h2>\n<p>Forniamo certificati di analisi (COA), schede di sicurezza dei materiali (MSDS) e altri rapporti pertinenti per ogni lotto di prodotti. Inoltre, supportiamo anche test di terze parti per migliorare la garanzia di qualit\u00e0.<\/p>\n","protected":false},"excerpt":{"rendered":"<p>Panoramica della polvere di cloruro di terbio esaidrato Lapolvere di cloruro di terbio esaidrato per la sintesi del fosforo \u00e8 un materiale salino di terre rare di elevata purezza, ampiamente utilizzato in campi di applicazione di alto livello come i materiali funzionali optoelettronici, i precursori di materiali magnetici e la sintesi del fosforo. Forniamo polvere [&hellip;]<\/p>\n","protected":false},"featured_media":5968,"template":"","meta":{"_acf_changed":false},"product_brand":[132],"product_cat":[323,324],"product_tag":[574,430],"class_list":{"0":"post-10755","1":"product","2":"type-product","3":"status-publish","4":"has-post-thumbnail","6":"product_brand-ulpmat","7":"product_cat-materiali-alogenuri","8":"product_cat-materiali-per-terre-rare","9":"product_tag-cloruro-di-terbio-esaidrato","10":"product_tag-esaidrato","12":"first","13":"instock","14":"shipping-taxable","15":"product-type-variable"},"acf":[],"_links":{"self":[{"href":"https:\/\/ulpmat.com\/it\/wp-json\/wp\/v2\/product\/10755","targetHints":{"allow":["GET"]}}],"collection":[{"href":"https:\/\/ulpmat.com\/it\/wp-json\/wp\/v2\/product"}],"about":[{"href":"https:\/\/ulpmat.com\/it\/wp-json\/wp\/v2\/types\/product"}],"wp:featuredmedia":[{"embeddable":true,"href":"https:\/\/ulpmat.com\/it\/wp-json\/wp\/v2\/media\/5968"}],"wp:attachment":[{"href":"https:\/\/ulpmat.com\/it\/wp-json\/wp\/v2\/media?parent=10755"}],"wp:term":[{"taxonomy":"product_brand","embeddable":true,"href":"https:\/\/ulpmat.com\/it\/wp-json\/wp\/v2\/product_brand?post=10755"},{"taxonomy":"product_cat","embeddable":true,"href":"https:\/\/ulpmat.com\/it\/wp-json\/wp\/v2\/product_cat?post=10755"},{"taxonomy":"product_tag","embeddable":true,"href":"https:\/\/ulpmat.com\/it\/wp-json\/wp\/v2\/product_tag?post=10755"}],"curies":[{"name":"wp","href":"https:\/\/api.w.org\/{rel}","templated":true}]}}