{"id":10698,"date":"2025-07-18T17:15:24","date_gmt":"2025-07-18T09:15:24","guid":{"rendered":"https:\/\/ulpmat.com\/product\/disprosio-metallico\/"},"modified":"2025-07-18T17:15:24","modified_gmt":"2025-07-18T09:15:24","slug":"disprosio-metallico","status":"publish","type":"product","link":"https:\/\/ulpmat.com\/it\/prodotto\/disprosio-metallico\/","title":{"rendered":"Disprosio metallico"},"content":{"rendered":"<h2><span style=\"font-size: 14pt;\">Bersaglio per sputtering al disprosio Panoramica<\/span><\/h2>\n<p><strong><span style=\"color: #3366ff;\"><a style=\"color: #3366ff;\" href=\"https:\/\/ulpmat.com\/it\/ricerca\/?type=element&#038;keyword=Dy\">Il disprosio<\/a><\/span><\/strong> sono materiali metallici di terre rare progettati per processi avanzati di deposizione di film sottili funzionali. Hanno eccellenti propriet\u00e0 magnetiche, propriet\u00e0 delle terre rare e buona stabilit\u00e0 di processo. Con una purezza fino al 99,95%, sono in grado di ottenere una formazione uniforme del film e una risposta magneto-ottica stabile e mostrano prestazioni eccellenti in campi all&#8217;avanguardia come l&#8217;immagazzinamento magnetico, i sensori, i dispositivi magnetostrittivi e i rivestimenti ottici.<\/p>\n<p>Siamo in grado di fornire bersagli sputtering in disprosio matel di varie dimensioni e forme, come rotonde e rettangolari, e possono essere personalizzati in base alle attrezzature specifiche e ai requisiti di processo dei clienti. Forniamo inoltre suggerimenti per la selezione tecnica e servizi post-vendita per garantire che l&#8217;effetto applicativo del materiale sia stabile e controllabile. Non esitate a <span style=\"color: #3366ff;\"><a style=\"color: #3366ff;\" href=\"https:\/\/ulpmat.com\/it\/contatti\/\">contattarci<\/a><\/span>.<\/p>\n<h2><span style=\"font-size: 14pt;\">Caratteristiche del prodotto<\/span><\/h2>\n<p>Purezza: 99,95%<br \/>\nMicrostruttura densa, adatta allo sputtering stabile a lungo termine<br \/>\nBuone prestazioni di corrispondenza magnetica e di espansione termica<br \/>\nPersonalizzazione flessibile delle specifiche, compatibile con una variet\u00e0 di sistemi target<br \/>\nServizio di incollaggio personalizzato<\/p>\n<h2><span style=\"font-size: 14pt;\">Applicazioni del target per sputtering al disprosio<\/span><\/h2>\n<p>Immagazzinamento magnetico e sensori: utilizzato per strati di terre rare in strutture GMR\/TMR per migliorare la risposta magnetica del dispositivo e la stabilit\u00e0 della temperatura.<br \/>\nMateriali magnetostrittivi: Il disprosio pu\u00f2 essere utilizzato in combinazione con bersagli in lega come ferro e tantalio per depositare film ad alto coefficiente magnetostrittivo.<br \/>\nRivestimenti ottici: Utilizzati per film riflettenti all&#8217;infrarosso o per film di controllo magneto-ottici, che conferiscono ai sistemi a film sottile nuove funzioni ottiche e magnetiche.<br \/>\nDrogaggio funzionale della ceramica: Il disprosio pu\u00f2 migliorare la stabilit\u00e0 dielettrica e termica dei materiali ceramici e viene utilizzato anche nei materiali strutturali ad alta temperatura.<\/p>\n<h2><span style=\"font-size: 14pt;\">Rapporti<\/span><\/h2>\n<p>Forniamo un certificato di analisi (COA), una scheda di sicurezza dei materiali (MSDS) e altri rapporti pertinenti per ogni lotto di target di sputtering al disprosio. Inoltre, supportiamo anche test di terze parti per migliorare la garanzia di qualit\u00e0.<\/p>\n","protected":false},"excerpt":{"rendered":"<p>Bersaglio per sputtering al disprosio Panoramica Il disprosio sono materiali metallici di terre rare progettati per processi avanzati di deposizione di film sottili funzionali. Hanno eccellenti propriet\u00e0 magnetiche, propriet\u00e0 delle terre rare e buona stabilit\u00e0 di processo. Con una purezza fino al 99,95%, sono in grado di ottenere una formazione uniforme del film e una [&hellip;]<\/p>\n","protected":false},"featured_media":7060,"template":"","meta":{"_acf_changed":false},"product_brand":[132],"product_cat":[311],"product_tag":[550,443],"class_list":{"0":"post-10698","1":"product","2":"type-product","3":"status-publish","4":"has-post-thumbnail","6":"product_brand-ulpmat","7":"product_cat-target-di-sputtering-metallico","8":"product_tag-disprosio-metallico","9":"product_tag-materiali-per-terre-rare","11":"first","12":"instock","13":"shipping-taxable","14":"product-type-variable"},"acf":[],"_links":{"self":[{"href":"https:\/\/ulpmat.com\/it\/wp-json\/wp\/v2\/product\/10698","targetHints":{"allow":["GET"]}}],"collection":[{"href":"https:\/\/ulpmat.com\/it\/wp-json\/wp\/v2\/product"}],"about":[{"href":"https:\/\/ulpmat.com\/it\/wp-json\/wp\/v2\/types\/product"}],"wp:featuredmedia":[{"embeddable":true,"href":"https:\/\/ulpmat.com\/it\/wp-json\/wp\/v2\/media\/7060"}],"wp:attachment":[{"href":"https:\/\/ulpmat.com\/it\/wp-json\/wp\/v2\/media?parent=10698"}],"wp:term":[{"taxonomy":"product_brand","embeddable":true,"href":"https:\/\/ulpmat.com\/it\/wp-json\/wp\/v2\/product_brand?post=10698"},{"taxonomy":"product_cat","embeddable":true,"href":"https:\/\/ulpmat.com\/it\/wp-json\/wp\/v2\/product_cat?post=10698"},{"taxonomy":"product_tag","embeddable":true,"href":"https:\/\/ulpmat.com\/it\/wp-json\/wp\/v2\/product_tag?post=10698"}],"curies":[{"name":"wp","href":"https:\/\/api.w.org\/{rel}","templated":true}]}}