{"id":10556,"date":"2025-07-18T17:15:28","date_gmt":"2025-07-18T09:15:28","guid":{"rendered":"https:\/\/ulpmat.com\/product\/cloruro-di-olmio\/"},"modified":"2025-07-18T17:15:28","modified_gmt":"2025-07-18T09:15:28","slug":"cloruro-di-olmio","status":"publish","type":"product","link":"https:\/\/ulpmat.com\/it\/prodotto\/cloruro-di-olmio\/","title":{"rendered":"Cloruro di olmio"},"content":{"rendered":"<h2><span style=\"font-size: 14pt;\">Panoramica della<strong>polvere di cloruro di olmio<\/strong> <\/span><\/h2>\n<p><span style=\"color: #0000ff;\"><a style=\"color: #0000ff;\" href=\"https:\/\/ulpmat.com\/product\/cerium-chloride-cecl3-powder\/\"><strong>La polvere di cloruro di olmio <\/strong><\/a><\/span><strong data-start=\"97\" data-end=\"149\">per il drogaggio dei cristalli laser<\/strong> \u00e8 un importante materiale composto di terre rare, ampiamente utilizzato nella preparazione di materiali magneto-ottici e di componenti elettronici ad alte prestazioni. Forniamo <strong data-start=\"315\" data-end=\"367\">polvere di cloruro di olmio<\/strong> di elevata purezza <strong data-start=\"315\" data-end=\"367\">per materiali funzionali<\/strong> con una purezza fino al 99,95%. Il prodotto \u00e8 una polvere di colore da giallo chiaro a rosa chiaro con buona solubilit\u00e0 e attivit\u00e0 chimica, adatta per ulteriori sintesi o per la preparazione di materiali compositi nella ricerca scientifica e nelle applicazioni industriali.<\/p>\n<p data-start=\"614\" data-end=\"952\">Forniamo <strong data-start=\"625\" data-end=\"676\">polvere di cloruro di olmio per la ricerca scientifica<\/strong> con diversi intervalli di dimensioni delle particelle in base alle esigenze del cliente, per garantire un&#8217;elevata uniformit\u00e0 e ripetibilit\u00e0 durante l&#8217;uso. Allo stesso tempo, forniamo un imballaggio professionale e una protezione a prova di umidit\u00e0 per garantire un trasporto stabile e una conservazione a lungo termine del prodotto.<\/p>\n<h2><span style=\"font-size: 14pt;\">Punti di forza del prodotto <strong>Cloruro di Olmio in polvere<\/strong> <\/span><\/h2>\n<p>Purezza del 99,95%, basse impurit\u00e0, adatto per applicazioni di alto livello<br \/>\nFacilmente solubile in acqua e alcoli, facile da lavorare e da comporre<br \/>\nLa dimensione delle particelle pu\u00f2 essere personalizzata in base alle esigenze del cliente<br \/>\nUtilizzato per il drogaggio di cristalli laser, leghe di terre rare, materiali elettro-ottici e magneto-ottici e sintesi di ricerca scientifica<br \/>\nImballaggio personalizzabile<\/p>\n<h2><span style=\"font-size: 14pt;\">Applicazioni della <strong>polvere di cloruro di olmio<\/strong> <\/span><\/h2>\n<p>Materiali laser: utilizzati per drogare cristalli come lo YAG per emettere laser di lunghezze d&#8217;onda specifiche.<br \/>\nMateriali magneto-ottici ed elettronici: coinvolti nella preparazione di specifici componenti magnetici o ottici.<br \/>\nSintesi di composti di terre rare: come precursore per la preparazione di altri sali della serie del terbio o di terre rare miste.<\/p>\n<h2><span style=\"font-size: 14pt;\">Rapporto<\/span><\/h2>\n<p>Forniamo un certificato di analisi (COA) completo, una scheda di sicurezza dei materiali (MSDS) e i relativi rapporti richiesti per l&#8217;importazione e l&#8217;esportazione per ogni lotto di prodotti, e possiamo fornire un supporto di test di terze parti in base ai requisiti del cliente per garantire la qualit\u00e0 del prodotto.<\/p>\n","protected":false},"excerpt":{"rendered":"<p>Panoramica dellapolvere di cloruro di olmio La polvere di cloruro di olmio per il drogaggio dei cristalli laser \u00e8 un importante materiale composto di terre rare, ampiamente utilizzato nella preparazione di materiali magneto-ottici e di componenti elettronici ad alte prestazioni. Forniamo polvere di cloruro di olmio di elevata purezza per materiali funzionali con una purezza [&hellip;]<\/p>\n","protected":false},"featured_media":6790,"template":"","meta":{"_acf_changed":false},"product_brand":[132],"product_cat":[323,324],"product_tag":[508],"class_list":{"0":"post-10556","1":"product","2":"type-product","3":"status-publish","4":"has-post-thumbnail","6":"product_brand-ulpmat","7":"product_cat-materiali-alogenuri","8":"product_cat-materiali-per-terre-rare","9":"product_tag-cloruro-di-olmio","11":"first","12":"instock","13":"shipping-taxable","14":"product-type-variable"},"acf":[],"_links":{"self":[{"href":"https:\/\/ulpmat.com\/it\/wp-json\/wp\/v2\/product\/10556","targetHints":{"allow":["GET"]}}],"collection":[{"href":"https:\/\/ulpmat.com\/it\/wp-json\/wp\/v2\/product"}],"about":[{"href":"https:\/\/ulpmat.com\/it\/wp-json\/wp\/v2\/types\/product"}],"wp:featuredmedia":[{"embeddable":true,"href":"https:\/\/ulpmat.com\/it\/wp-json\/wp\/v2\/media\/6790"}],"wp:attachment":[{"href":"https:\/\/ulpmat.com\/it\/wp-json\/wp\/v2\/media?parent=10556"}],"wp:term":[{"taxonomy":"product_brand","embeddable":true,"href":"https:\/\/ulpmat.com\/it\/wp-json\/wp\/v2\/product_brand?post=10556"},{"taxonomy":"product_cat","embeddable":true,"href":"https:\/\/ulpmat.com\/it\/wp-json\/wp\/v2\/product_cat?post=10556"},{"taxonomy":"product_tag","embeddable":true,"href":"https:\/\/ulpmat.com\/it\/wp-json\/wp\/v2\/product_tag?post=10556"}],"curies":[{"name":"wp","href":"https:\/\/api.w.org\/{rel}","templated":true}]}}