{"id":10401,"date":"2025-07-18T17:15:30","date_gmt":"2025-07-18T09:15:30","guid":{"rendered":"https:\/\/ulpmat.com\/product\/ossido-di-erbio\/"},"modified":"2025-07-18T17:15:30","modified_gmt":"2025-07-18T09:15:30","slug":"ossido-di-erbio","status":"publish","type":"product","link":"https:\/\/ulpmat.com\/it\/prodotto\/ossido-di-erbio\/","title":{"rendered":"Ossido di erbio"},"content":{"rendered":"<h2><span style=\"font-size: 14pt;\"><strong>Bersaglio per sputtering all&#8217;ossido di erbio Panoramica<\/strong><\/span><\/h2>\n<p><span style=\"color: #0000ff;\"><a style=\"color: #0000ff;\" href=\"https:\/\/ulpmat.com\/it\/ricerca\/?type=name&#038;keyword=Erbium+Oxide\"><strong>I target di sputtering all&#8217;ossido di erbio<\/strong> <\/a><\/span> sono materiali ceramici avanzati progettati per applicazioni a film sottile ad alte prestazioni e sono ampiamente utilizzati in dispositivi ottici, finestre a infrarossi, supporti di guadagno laser, strati di film dielettrici e altri campi tecnici. La sua elevata purezza (fino al 99,99%) e densit\u00e0 gli consentono di presentare un&#8217;eccellente uniformit\u00e0 e stabilit\u00e0 del film nei processi di deposizione di film sottili come lo sputtering magnetronico e l&#8217;evaporazione a fascio elettronico.<\/p>\n<p data-start=\"443\" data-end=\"938\" data-is-last-node=\"\" data-is-only-node=\"\">Siamo in grado di fornire <strong data-start=\"458\" data-end=\"493\">bersagli sputtering all&#8217;ossido di erbio<\/strong> in varie dimensioni e forme, compresi bersagli compositi rotondi, rettangolari e piatti, e di supportare la personalizzazione su richiesta. Il nostro team di professionisti fornisce un&#8217;assistenza tecnica completa e un servizio post-vendita a tutti i clienti. Che abbiate bisogno di <strong data-start=\"732\" data-end=\"800\">bersagli sputtering all&#8217;ossido di Erbio di elevata purezza per rivestimenti ottici<\/strong> o di <strong data-start=\"805\" data-end=\"863\">bersagli all&#8217;ossido di Erbio per la deposizione di film sottili avanzati<\/strong>, ci impegniamo a fornire le migliori soluzioni su misura per le vostre esigenze.<\/p>\n<h2><span style=\"font-size: 14pt;\">Caratteristiche principali dei prodotti <\/span><span style=\"font-size: 14pt;\"><strong>Bersaglio sputtering all&#8217;ossido di erbio<\/strong><\/span><\/h2>\n<p>Purezza: 99,99%<br \/>\nAlta densit\u00e0: garantisce eccellenti prestazioni di formazione del film e una bassa quantit\u00e0 di materiale estraneo per lo sputtering<br \/>\nSupporto personalizzato: dimensioni, struttura, backplane, ecc. possono essere progettati su richiesta<br \/>\nProcessi applicabili: sputtering magnetronico, deposizione laser pulsata, evaporazione a fascio elettronico, ecc.<br \/>\nServizio di rilegatura: disponibile e personalizzabile<\/p>\n<h2><span style=\"font-size: 14pt;\"><strong>Applicazioni del target di sputtering all&#8217;ossido di erbio<\/strong><\/span><\/h2>\n<p>Rivestimento ottico: utilizzato per strutture ottiche di alto livello, come finestre a infrarossi, film ad alta rifrazione e dispositivi di filtraggio<br \/>\nIndustria dei semiconduttori: pu\u00f2 essere utilizzato per preparare strati ad alta costante dielettrica e strati drogati con terre rare<br \/>\nLaser e comunicazioni ottiche: come materiali a film sottile legati ai materiali di lavoro dei laser (come Er:YAG, Er:SiO\u2082)<br \/>\nMateriali per l&#8217;energia e l&#8217;ambiente: utilizzati nei dispositivi elettroluminescenti e nella ricerca sui film di conversione dell&#8217;energia termica<\/p>\n<h2><span style=\"font-size: 14pt;\">Rapporti<\/span><\/h2>\n<p>Forniamo certificati di analisi (COA), schede di sicurezza dei materiali (MSDS) e altri rapporti pertinenti per ogni lotto di <strong>target di sputtering all&#8217;ossido di erbio<\/strong>. Inoltre, supportiamo anche test di terze parti per migliorare la garanzia di qualit\u00e0.<\/p>\n","protected":false},"excerpt":{"rendered":"<p>Bersaglio per sputtering all&#8217;ossido di erbio Panoramica I target di sputtering all&#8217;ossido di erbio sono materiali ceramici avanzati progettati per applicazioni a film sottile ad alte prestazioni e sono ampiamente utilizzati in dispositivi ottici, finestre a infrarossi, supporti di guadagno laser, strati di film dielettrici e altri campi tecnici. La sua elevata purezza (fino al [&hellip;]<\/p>\n","protected":false},"featured_media":6754,"template":"","meta":{"_acf_changed":false},"product_brand":[132],"product_cat":[453],"product_tag":[454,490],"class_list":{"0":"post-10401","1":"product","2":"type-product","3":"status-publish","4":"has-post-thumbnail","6":"product_brand-ulpmat","7":"product_cat-target-di-sputtering-in-ceramica","8":"product_tag-bersaglio-di-sputtering-in-ceramica","9":"product_tag-erbio","11":"first","12":"instock","13":"shipping-taxable","14":"product-type-variable"},"acf":[],"_links":{"self":[{"href":"https:\/\/ulpmat.com\/it\/wp-json\/wp\/v2\/product\/10401","targetHints":{"allow":["GET"]}}],"collection":[{"href":"https:\/\/ulpmat.com\/it\/wp-json\/wp\/v2\/product"}],"about":[{"href":"https:\/\/ulpmat.com\/it\/wp-json\/wp\/v2\/types\/product"}],"wp:featuredmedia":[{"embeddable":true,"href":"https:\/\/ulpmat.com\/it\/wp-json\/wp\/v2\/media\/6754"}],"wp:attachment":[{"href":"https:\/\/ulpmat.com\/it\/wp-json\/wp\/v2\/media?parent=10401"}],"wp:term":[{"taxonomy":"product_brand","embeddable":true,"href":"https:\/\/ulpmat.com\/it\/wp-json\/wp\/v2\/product_brand?post=10401"},{"taxonomy":"product_cat","embeddable":true,"href":"https:\/\/ulpmat.com\/it\/wp-json\/wp\/v2\/product_cat?post=10401"},{"taxonomy":"product_tag","embeddable":true,"href":"https:\/\/ulpmat.com\/it\/wp-json\/wp\/v2\/product_tag?post=10401"}],"curies":[{"name":"wp","href":"https:\/\/api.w.org\/{rel}","templated":true}]}}