{"id":10376,"date":"2025-07-18T17:15:31","date_gmt":"2025-07-18T09:15:31","guid":{"rendered":"https:\/\/ulpmat.com\/product\/cloruro-di-erbio\/"},"modified":"2025-07-18T17:15:31","modified_gmt":"2025-07-18T09:15:31","slug":"cloruro-di-erbio","status":"publish","type":"product","link":"https:\/\/ulpmat.com\/it\/prodotto\/cloruro-di-erbio\/","title":{"rendered":"Cloruro di erbio"},"content":{"rendered":"<h2><span style=\"font-size: 14pt;\">Panoramica della<strong>polvere di cloruro di erbio<\/strong> <\/span><\/h2>\n<p><span style=\"color: #0000ff;\"><a style=\"color: #0000ff;\" href=\"https:\/\/ulpmat.com\/it\/ricerca\/?type=name&#038;keyword=Erbium+Chloride\"><strong>Erbio cloruro in polvere<\/strong> <\/a><\/span>\u00e8 un cloruro di terre rare ad alte prestazioni progettato per materiali avanzati. Le sue particelle uniformi e la sua buona solubilit\u00e0 garantiscono un&#8217;eccellente disperdibilit\u00e0 e reattivit\u00e0 nei materiali ottici, nelle formulazioni dielettriche e nelle applicazioni ceramiche funzionali. Le sue propriet\u00e0 ottiche e magnetiche uniche lo rendono ampiamente utilizzato nei cristalli laser, nelle fibre ottiche drogate con terre rare e nei materiali optoelettronici.<\/p>\n<p data-start=\"421\" data-end=\"757\" data-is-last-node=\"\" data-is-only-node=\"\">Forniamo <strong data-start=\"432\" data-end=\"470\">polvere di cloruro di erbio di elevata purezza<\/strong> con diverse specifiche e possiamo personalizzare la dimensione delle particelle e l&#8217;imballaggio in base alle vostre esigenze specifiche. Allo stesso tempo, forniamo un supporto tecnico completo e un servizio post-vendita per garantire la stabilit\u00e0 delle prestazioni e la tracciabilit\u00e0 della nostra <strong data-start=\"719\" data-end=\"745\">polvere di cloruro di erbio<\/strong> durante l&#8217;uso.<\/p>\n<h2><span style=\"font-size: 14pt;\">Punti di forza del prodotto<strong>Cloruro di Erbio in polvere<\/strong> <\/span><\/h2>\n<p>Dimensione uniforme delle particelle, assorbimento controllabile dell&#8217;umidit\u00e0, adatto al rapporto di soluzione e alla reazione ad alta temperatura<br \/>\nApplicato nei cristalli laser, nelle comunicazioni ottiche, negli additivi ceramici e nella ricerca scientifica<br \/>\nImballaggio personalizzabile<\/p>\n<h2><span style=\"font-size: 14pt;\">Applicazioni di <\/span><span style=\"font-size: 14pt;\"><strong>Polvere di cloruro di erbio<\/strong> <\/span><\/h2>\n<p>Materiali ottici: come sorgente di Er\u00b3\u207a, utilizzato per drogare cristalli laser come Er:YAG, Er:Glass, ecc.<br \/>\nComunicazioni ottiche e amplificatori in fibra: utilizzati come precursori di base nella produzione di fibre ottiche drogate con erbio<br \/>\nCeramiche ad alte prestazioni: migliorano le propriet\u00e0 elettriche o ottiche, utilizzate nei sistemi ceramici funzionali a base di terre rare<br \/>\nRicerca scientifica e sviluppo: utilizzate come materie prime di base per la ricerca sui sali di terre rare, per promuovere l&#8217;innovazione dei materiali<\/p>\n<h2><span style=\"font-size: 14pt;\">Rapporti<\/span><\/h2>\n<p>Forniamo un certificato di analisi (COA), una scheda di sicurezza dei materiali (MSDS) e i relativi rapporti di prova per ogni lotto di<strong> polvere di cloruro di erbio<\/strong>. Allo stesso tempo, supportiamo test di qualit\u00e0 di terze parti per assicurare che il prodotto soddisfi gli standard internazionali e garantisca la vostra sicurezza e coerenza d&#8217;uso.<\/p>\n","protected":false},"excerpt":{"rendered":"<p>Panoramica dellapolvere di cloruro di erbio Erbio cloruro in polvere \u00e8 un cloruro di terre rare ad alte prestazioni progettato per materiali avanzati. Le sue particelle uniformi e la sua buona solubilit\u00e0 garantiscono un&#8217;eccellente disperdibilit\u00e0 e reattivit\u00e0 nei materiali ottici, nelle formulazioni dielettriche e nelle applicazioni ceramiche funzionali. Le sue propriet\u00e0 ottiche e magnetiche uniche [&hellip;]<\/p>\n","protected":false},"featured_media":6064,"template":"","meta":{"_acf_changed":false},"product_brand":[132],"product_cat":[323,324],"product_tag":[490,325],"class_list":{"0":"post-10376","1":"product","2":"type-product","3":"status-publish","4":"has-post-thumbnail","6":"product_brand-ulpmat","7":"product_cat-materiali-alogenuri","8":"product_cat-materiali-per-terre-rare","9":"product_tag-erbio","10":"product_tag-materiali-alogenuri","12":"first","13":"instock","14":"shipping-taxable","15":"product-type-variable"},"acf":[],"_links":{"self":[{"href":"https:\/\/ulpmat.com\/it\/wp-json\/wp\/v2\/product\/10376","targetHints":{"allow":["GET"]}}],"collection":[{"href":"https:\/\/ulpmat.com\/it\/wp-json\/wp\/v2\/product"}],"about":[{"href":"https:\/\/ulpmat.com\/it\/wp-json\/wp\/v2\/types\/product"}],"wp:featuredmedia":[{"embeddable":true,"href":"https:\/\/ulpmat.com\/it\/wp-json\/wp\/v2\/media\/6064"}],"wp:attachment":[{"href":"https:\/\/ulpmat.com\/it\/wp-json\/wp\/v2\/media?parent=10376"}],"wp:term":[{"taxonomy":"product_brand","embeddable":true,"href":"https:\/\/ulpmat.com\/it\/wp-json\/wp\/v2\/product_brand?post=10376"},{"taxonomy":"product_cat","embeddable":true,"href":"https:\/\/ulpmat.com\/it\/wp-json\/wp\/v2\/product_cat?post=10376"},{"taxonomy":"product_tag","embeddable":true,"href":"https:\/\/ulpmat.com\/it\/wp-json\/wp\/v2\/product_tag?post=10376"}],"curies":[{"name":"wp","href":"https:\/\/api.w.org\/{rel}","templated":true}]}}