{"id":10361,"date":"2025-07-18T17:15:31","date_gmt":"2025-07-18T09:15:31","guid":{"rendered":"https:\/\/ulpmat.com\/product\/cloruro-di-erbio-esaidrato\/"},"modified":"2025-07-18T17:15:31","modified_gmt":"2025-07-18T09:15:31","slug":"cloruro-di-erbio-esaidrato","status":"publish","type":"product","link":"https:\/\/ulpmat.com\/it\/prodotto\/cloruro-di-erbio-esaidrato\/","title":{"rendered":"Cloruro di erbio esaidrato"},"content":{"rendered":"<h2><span style=\"font-size: 14pt;\"><strong>Panoramica della polvere di cloruro di erbio esaidrato<\/strong><\/span><\/h2>\n<p><span style=\"color: #0000ff;\"><a style=\"color: #0000ff;\" href=\"https:\/\/ulpmat.com\/it\/ricerca\/?type=name&#038;keyword=Erbium+Chloride+Hexahydrate\"><strong>Cloruro di erbio esaidrato in polvere<\/strong><\/a><\/span> \u00e8 un cloruro di terre rare di elevata purezza con una purezza del 99,999%. Ha una buona cristallinit\u00e0 e stabilit\u00e0 ed \u00e8 ampiamente utilizzato nei materiali funzionali delle terre rare, nella produzione di laser, nel drogaggio delle fibre e nella preparazione di ceramiche ad alte prestazioni.<\/p>\n<p data-start=\"275\" data-end=\"712\" data-is-last-node=\"\" data-is-only-node=\"\">Forniamo <strong data-start=\"286\" data-end=\"336\">polvere di cloruro di erbio esaidrato di elevata purezza<\/strong> con particelle uniformi e contenuto d&#8217;acqua stabile, supportando l&#8217;imballaggio multi-specifico e la personalizzazione del cliente per garantire che il prodotto sia adatto a una variet\u00e0 di esigenze di ricerca scientifica e applicazione industriale. Un perfetto supporto tecnico post-vendita accompagna la ricerca e lo sviluppo di materiali e la produzione con la nostra <strong data-start=\"673\" data-end=\"711\">polvere di cloruro di erbio esaidrato<\/strong>.<\/p>\n<h2><span style=\"font-size: 14pt;\">Punti di forza del prodotto <strong>Cloruro di Erbio Esaidrato in polvere<\/strong><\/span><\/h2>\n<p>Purezza fino al 99,999%, contenuto di impurit\u00e0 estremamente basso, per soddisfare le esigenze dei materiali di fascia alta<br \/>\nBuona cristallinit\u00e0, contenuto d&#8217;acqua stabile, che garantisce la coerenza delle prestazioni chimiche<br \/>\nDistribuzione uniforme delle particelle, facile da sciogliere e da dosare<br \/>\nSupporto di confezioni e specifiche personalizzate per soddisfare i diversi requisiti di processo<\/p>\n<h2><span style=\"font-size: 14pt;\">Applicazioni <strong>della polvere di cloruro di erbio esaidrato<\/strong><\/span><\/h2>\n<p>Materiali laser: utilizzati come droganti per preparare cristalli laser e fibre ottiche drogate con Er\u00b3\u207a<br \/>\nDispositivi optoelettronici: utilizzati per fibre ottiche drogate con terre rare, dispositivi di emissione della luce e rivestimenti ottici<br \/>\nCeramica funzionale: partecipa alla progettazione della formulazione e alla preparazione di materiali ceramici ad alte prestazioni<br \/>\nRicerca sui materiali: ampiamente utilizzata nella chimica dei sali di terre rare e nello sviluppo di nuovi materiali funzionali<\/p>\n<h2><span style=\"font-size: 14pt;\">Rapporto:<\/span><\/h2>\n<article class=\"text-token-text-primary w-full focus:outline-none scroll-mt-[calc(var(--header-height)+min(200px,max(70px,20svh)))]\" dir=\"auto\" tabindex=\"-1\" data-turn-id=\"request-WEB:0cf552fb-ab25-4efd-ab4b-18b4999a1059-29\" data-testid=\"conversation-turn-52\" data-scroll-anchor=\"true\" data-turn=\"assistant\">\n<div class=\"text-base my-auto mx-auto pb-10 [--thread-content-margin:--spacing(4)] @[37rem]:[--thread-content-margin:--spacing(6)] @[72rem]:[--thread-content-margin:--spacing(16)] px-(--thread-content-margin)\">\n<div class=\"[--thread-content-max-width:32rem] @[34rem]:[--thread-content-max-width:40rem] @[64rem]:[--thread-content-max-width:48rem] mx-auto max-w-(--thread-content-max-width) flex-1 group\/turn-messages focus-visible:outline-hidden relative flex w-full min-w-0 flex-col agent-turn\" tabindex=\"-1\">\n<div class=\"flex max-w-full flex-col grow\">\n<div class=\"min-h-8 text-message relative flex w-full flex-col items-end gap-2 text-start break-words whitespace-normal [.text-message+&amp;]:mt-5\" dir=\"auto\" data-message-author-role=\"assistant\" data-message-id=\"cbe53a83-b6cb-4770-82cb-eda9130ec5a7\" data-message-model-slug=\"gpt-5-mini\">\n<div class=\"flex w-full flex-col gap-1 empty:hidden first:pt-[3px]\">\n<div class=\"markdown prose dark:prose-invert w-full break-words light markdown-new-styling\">\n<article class=\"text-token-text-primary w-full focus:outline-none scroll-mt-[calc(var(--header-height)+min(200px,max(70px,20svh)))]\" dir=\"auto\" tabindex=\"-1\" data-turn-id=\"request-WEB:0cf552fb-ab25-4efd-ab4b-18b4999a1059-29\" data-testid=\"conversation-turn-52\" data-scroll-anchor=\"true\" data-turn=\"assistant\">\n<div class=\"text-base my-auto mx-auto pb-10 [--thread-content-margin:--spacing(4)] @[37rem]:[--thread-content-margin:--spacing(6)] @[72rem]:[--thread-content-margin:--spacing(16)] px-(--thread-content-margin)\">\n<div class=\"[--thread-content-max-width:32rem] @[34rem]:[--thread-content-max-width:40rem] @[64rem]:[--thread-content-max-width:48rem] mx-auto max-w-(--thread-content-max-width) flex-1 group\/turn-messages focus-visible:outline-hidden relative flex w-full min-w-0 flex-col agent-turn\" tabindex=\"-1\">\n<div class=\"flex max-w-full flex-col grow\">\n<div class=\"min-h-8 text-message relative flex w-full flex-col items-end gap-2 text-start break-words whitespace-normal [.text-message+&amp;]:mt-5\" dir=\"auto\" data-message-author-role=\"assistant\" data-message-id=\"cbe53a83-b6cb-4770-82cb-eda9130ec5a7\" data-message-model-slug=\"gpt-5-mini\">\n<div class=\"flex w-full flex-col gap-1 empty:hidden first:pt-[3px]\">\n<div class=\"markdown prose dark:prose-invert w-full break-words light markdown-new-styling\">\n<p data-start=\"0\" data-end=\"248\" data-is-last-node=\"\" data-is-only-node=\"\">Ogni lotto di polvere viene fornito con un certificato di analisi (COA) completo, una scheda di sicurezza dei materiali (MSDS) e i relativi rapporti di ispezione della qualit\u00e0. Supportiamo test autorevoli di terze parti per garantire che il prodotto sia stabile e affidabile.<\/p>\n<\/div>\n<\/div>\n<\/div>\n<\/div>\n<\/div>\n<\/div>\n<\/article>\n<\/div>\n<\/div>\n<\/div>\n<\/div>\n<\/div>\n<\/div>\n<\/article>\n","protected":false},"excerpt":{"rendered":"<p>Panoramica della polvere di cloruro di erbio esaidrato Cloruro di erbio esaidrato in polvere \u00e8 un cloruro di terre rare di elevata purezza con una purezza del 99,999%. Ha una buona cristallinit\u00e0 e stabilit\u00e0 ed \u00e8 ampiamente utilizzato nei materiali funzionali delle terre rare, nella produzione di laser, nel drogaggio delle fibre e nella preparazione [&hellip;]<\/p>\n","protected":false},"featured_media":6070,"template":"","meta":{"_acf_changed":false},"product_brand":[132],"product_cat":[323,324],"product_tag":[490,325],"class_list":{"0":"post-10361","1":"product","2":"type-product","3":"status-publish","4":"has-post-thumbnail","6":"product_brand-ulpmat","7":"product_cat-materiali-alogenuri","8":"product_cat-materiali-per-terre-rare","9":"product_tag-erbio","10":"product_tag-materiali-alogenuri","12":"first","13":"instock","14":"shipping-taxable","15":"product-type-variable"},"acf":[],"_links":{"self":[{"href":"https:\/\/ulpmat.com\/it\/wp-json\/wp\/v2\/product\/10361","targetHints":{"allow":["GET"]}}],"collection":[{"href":"https:\/\/ulpmat.com\/it\/wp-json\/wp\/v2\/product"}],"about":[{"href":"https:\/\/ulpmat.com\/it\/wp-json\/wp\/v2\/types\/product"}],"wp:featuredmedia":[{"embeddable":true,"href":"https:\/\/ulpmat.com\/it\/wp-json\/wp\/v2\/media\/6070"}],"wp:attachment":[{"href":"https:\/\/ulpmat.com\/it\/wp-json\/wp\/v2\/media?parent=10361"}],"wp:term":[{"taxonomy":"product_brand","embeddable":true,"href":"https:\/\/ulpmat.com\/it\/wp-json\/wp\/v2\/product_brand?post=10361"},{"taxonomy":"product_cat","embeddable":true,"href":"https:\/\/ulpmat.com\/it\/wp-json\/wp\/v2\/product_cat?post=10361"},{"taxonomy":"product_tag","embeddable":true,"href":"https:\/\/ulpmat.com\/it\/wp-json\/wp\/v2\/product_tag?post=10361"}],"curies":[{"name":"wp","href":"https:\/\/api.w.org\/{rel}","templated":true}]}}