{"id":10301,"date":"2025-07-18T17:15:34","date_gmt":"2025-07-18T09:15:34","guid":{"rendered":"https:\/\/ulpmat.com\/product\/ossido-di-tulio-2\/"},"modified":"2025-07-18T17:15:34","modified_gmt":"2025-07-18T09:15:34","slug":"ossido-di-tulio-2","status":"publish","type":"product","link":"https:\/\/ulpmat.com\/it\/prodotto\/ossido-di-tulio-2\/","title":{"rendered":"Ossido di tulio"},"content":{"rendered":"<h2><span style=\"font-size: 14pt;\"><strong>Ossido di tulio in polvere Panoramica<\/strong><\/span><\/h2>\n<p><span style=\"color: #0000ff;\"><a style=\"color: #0000ff;\" href=\"https:\/\/ulpmat.com\/it\/ricerca\/?type=name&#038;keyword=Thulium+Oxide\"><strong>Polvere di ossido di tulio<\/strong><\/a> <\/span>\u00e8 un ossido di terre rare di elevata purezza, utilizzato in particolare per la preparazione di materiali avanzati. Presentano un&#8217;eccellente stabilit\u00e0 chimica e propriet\u00e0 ottiche ed elettriche. Con una purezza fino al 99,99%, la dimensione delle particelle delle <strong data-start=\"248\" data-end=\"285\" data-is-only-node=\"\">polveri di ossido di tulio di elevata purezza<\/strong> \u00e8 controllabile e distribuita in modo uniforme, rendendole ideali per l&#8217;uso in settori ad alta tecnologia come pellicole ottiche, ceramiche, cristalli laser, materiali magneto-ottici e componenti elettronici.<\/p>\n<p>Forniamo <strong data-start=\"11\" data-end=\"48\">polveri di ossido di tulio di elevata purezza<\/strong> in una variet\u00e0 di gamme di dimensioni delle particelle e specifiche, tra cui l <strong data-start=\"116\" data-end=\"143\">&#8216;ossido di tulio ultrafine<\/strong> e la polvere convenzionale di grado micron, che possono essere personalizzate in base alle esigenze dei clienti. Offriamo inoltre un&#8217;assistenza tecnica completa post-vendita per garantire un uso ottimale dei nostri prodotti. Per qualsiasi domanda, non esitate a contattarci.<\/p>\n<h2><span style=\"font-size: 14pt;\">Caratteristiche principali della <strong>polvere di ossido di tulio<\/strong><\/span><\/h2>\n<p>Intervallo di purezza: 99,99%<br \/>\nDistribuzione granulometrica controllabile: adatta a una variet\u00e0 di processi di stampaggio e sinterizzazione<br \/>\nElevata stabilit\u00e0 termica e isolamento: adatto per applicazioni ad alta temperatura<br \/>\nImballaggio e specifiche personalizzabili: supportano i requisiti di laboratorio e di produzione di massa<br \/>\nApplicabile allo sviluppo di materiali ottici, elettronici, ceramici ed energetici<\/p>\n<h2><span style=\"font-size: 14pt;\">Applicazioni della <strong>polvere di ossido di tulio<\/strong><\/span><\/h2>\n<p>Materiali ottici: utilizzati per finestre a infrarossi, rivestimenti ad alto indice di rifrazione e sorgenti ioniche attive nei cristalli laser<br \/>\nMateriali magneto-ottici: importanti applicazioni nell&#8217;immagazzinamento magneto-ottico e nella modulazione della luce<br \/>\nSettore ceramico: additivi o materiali funzionali a matrice ceramica per migliorare la resistenza strutturale e le prestazioni funzionali<br \/>\nComponenti elettronici: come materiali dielettrici ad alto coefficiente k o riempitivi dielettrici per condensatori per migliorare le prestazioni dei dispositivi<br \/>\nRicerca scientifica e sviluppo: come precursore chiave nella sintesi dei nanomateriali e nei sistemi di drogaggio delle terre rare<\/p>\n<h2><span style=\"font-size: 14pt;\">Rapporto<\/span><\/h2>\n<p>Ogni lotto di prodotti viene fornito con un certificato di analisi (COA), una scheda di sicurezza dei materiali (MSDS) e i relativi documenti di conformit\u00e0. Supportiamo servizi di analisi di terze parti per migliorare la trasparenza e la fiducia nella qualit\u00e0, assicurando che la vostra R&amp;S e la vostra produzione siano pi\u00f9 efficienti e affidabili.<\/p>\n","protected":false},"excerpt":{"rendered":"<p>Ossido di tulio in polvere Panoramica Polvere di ossido di tulio \u00e8 un ossido di terre rare di elevata purezza, utilizzato in particolare per la preparazione di materiali avanzati. Presentano un&#8217;eccellente stabilit\u00e0 chimica e propriet\u00e0 ottiche ed elettriche. Con una purezza fino al 99,99%, la dimensione delle particelle delle polveri di ossido di tulio di [&hellip;]<\/p>\n","protected":false},"featured_media":6094,"template":"","meta":{"_acf_changed":false},"product_brand":[132],"product_cat":[324,436],"product_tag":[443,484],"class_list":{"0":"post-10301","1":"product","2":"type-product","3":"status-publish","4":"has-post-thumbnail","6":"product_brand-ulpmat","7":"product_cat-materiali-per-terre-rare","8":"product_cat-ossidi","9":"product_tag-materiali-per-terre-rare","10":"product_tag-tulio","12":"first","13":"instock","14":"shipping-taxable","15":"product-type-variable"},"acf":[],"_links":{"self":[{"href":"https:\/\/ulpmat.com\/it\/wp-json\/wp\/v2\/product\/10301","targetHints":{"allow":["GET"]}}],"collection":[{"href":"https:\/\/ulpmat.com\/it\/wp-json\/wp\/v2\/product"}],"about":[{"href":"https:\/\/ulpmat.com\/it\/wp-json\/wp\/v2\/types\/product"}],"wp:featuredmedia":[{"embeddable":true,"href":"https:\/\/ulpmat.com\/it\/wp-json\/wp\/v2\/media\/6094"}],"wp:attachment":[{"href":"https:\/\/ulpmat.com\/it\/wp-json\/wp\/v2\/media?parent=10301"}],"wp:term":[{"taxonomy":"product_brand","embeddable":true,"href":"https:\/\/ulpmat.com\/it\/wp-json\/wp\/v2\/product_brand?post=10301"},{"taxonomy":"product_cat","embeddable":true,"href":"https:\/\/ulpmat.com\/it\/wp-json\/wp\/v2\/product_cat?post=10301"},{"taxonomy":"product_tag","embeddable":true,"href":"https:\/\/ulpmat.com\/it\/wp-json\/wp\/v2\/product_tag?post=10301"}],"curies":[{"name":"wp","href":"https:\/\/api.w.org\/{rel}","templated":true}]}}