{"id":10271,"date":"2025-07-18T17:15:35","date_gmt":"2025-07-18T09:15:35","guid":{"rendered":"https:\/\/ulpmat.com\/product\/fluoruro-di-tulio\/"},"modified":"2025-07-18T17:15:35","modified_gmt":"2025-07-18T09:15:35","slug":"fluoruro-di-tulio","status":"publish","type":"product","link":"https:\/\/ulpmat.com\/it\/prodotto\/fluoruro-di-tulio\/","title":{"rendered":"Fluoruro di tulio"},"content":{"rendered":"<h2><span style=\"color: #000000; font-size: 14pt;\"><strong>Panoramica della polvere di fluoruro di tulio<\/strong><\/span><\/h2>\n<p><span style=\"color: #0000ff;\"><a style=\"color: #0000ff;\" href=\"https:\/\/ulpmat.com\/it\/ricerca\/?type=name&#038;keyword=Thulium+Fluoride\"><strong>La polvere di fluoruro di tulio<\/strong> <\/a><\/span><strong data-start=\"95\" data-end=\"152\"> per rivestimenti ottici a infrarossi<\/strong> \u00e8 un materiale a base di fluoruro di terre rare sviluppato specificamente per il settore dell&#8217;ottica ad alte prestazioni, dell&#8217;elettronica e della ceramica funzionale. Grazie ai vantaggi dell&#8217;elevata purezza, della bassa impurit\u00e0 e della dimensione controllabile delle particelle, il prodotto \u00e8 ampiamente utilizzato in campi avanzati come la <strong data-start=\"426\" data-end=\"481\">polvere di fluoruro di tulio per la sintesi di cristalli laser<\/strong>, il vetro drogato con terre rare e la spruzzatura al plasma.<\/p>\n<p data-start=\"531\" data-end=\"812\">Offriamo specifiche di <strong data-start=\"558\" data-end=\"618\">polvere di fluoruro di tulio su misura per applicazioni di ricerca<\/strong>, che possono essere personalizzate in base ai vostri requisiti specifici. Forniamo anche un&#8217;assistenza post-vendita completa, quindi non esitate a contattarci se avete domande sul suo utilizzo.<\/p>\n<h2><span style=\"color: #000000; font-size: 14pt;\">Caratteristiche salienti del prodotto della <strong>polvere di fluoruro di tulio<\/strong><\/span><\/h2>\n<p>Grado di purezza: dal 99,9% al 99,99% su richiesta<br \/>\nDimensione delle particelle: Personalizzabile<br \/>\nBasso assorbimento di umidit\u00e0: Superiore alla maggior parte dei sali di terre rare per una maggiore facilit\u00e0 di stoccaggio e lavorazione<br \/>\nBuona stabilit\u00e0 termica: Strutturalmente stabile alle alte temperature, adatto ai processi di trattamento ad alta temperatura<br \/>\nRigoroso controllo delle impurit\u00e0: Il controllo delle impurit\u00e0 chiave, come Fe, Si, Ca, Cl, ecc. \u00e8 migliore dello standard industriale<br \/>\nImballaggio: Imballaggio personalizzato per facilitare l&#8217;uso e l&#8217;imballaggio: imballaggio personalizzato per facilitare l&#8217;uso e l&#8217;immagazzinamento<\/p>\n<h2><span style=\"font-size: 14pt;\"><strong>Applicazioni <span style=\"color: #000000;\">del <\/span>fluoruro di tulio in polvere<\/strong><\/span><\/h2>\n<p>Materiali ottici a infrarossi: utilizzati in materiali per finestre a infrarossi, filtri ad alta trasmissione e rivestimenti laser a infrarossi<br \/>\nSintesi di cristalli laser: come fonte di drogaggio di ioni Tm\u00b3\u207a, utilizzato nella crescita di cristalli YAG, YLF e altri tipi di laser<br \/>\nVetro ad alte prestazioni: drogato nelle fibre ottiche e nel vetro alle terre rare, per regolare la struttura dei livelli energetici e migliorare le propriet\u00e0 ottiche<br \/>\nRivestimento al plasma: come additivo di terre rare nei materiali di rivestimento della barriera termica aerospaziale Spruzzatura al plasma: come additivo di terre rare nei materiali di rivestimento della barriera termica aerospaziale<br \/>\nMateriali magnetici: coinvolti nella regolazione delle prestazioni dei materiali magnetici permanenti di terre rare<\/p>\n<h2><span style=\"font-size: 14pt;\">Rapporti<\/span><\/h2>\n<p>Forniamo certificati di analisi (COA), schede di sicurezza dei materiali (MSDS) e altri rapporti pertinenti con la <strong>polvere di fluoruro di tulio di elevata purezza<\/strong>. Inoltre, supportiamo test di terze parti per una maggiore garanzia di qualit\u00e0, assicurando che i nostri prodotti siano conformi ai pi\u00f9 elevati standard industriali.<\/p>\n","protected":false},"excerpt":{"rendered":"<p>Panoramica della polvere di fluoruro di tulio La polvere di fluoruro di tulio per rivestimenti ottici a infrarossi \u00e8 un materiale a base di fluoruro di terre rare sviluppato specificamente per il settore dell&#8217;ottica ad alte prestazioni, dell&#8217;elettronica e della ceramica funzionale. Grazie ai vantaggi dell&#8217;elevata purezza, della bassa impurit\u00e0 e della dimensione controllabile delle [&hellip;]<\/p>\n","protected":false},"featured_media":6100,"template":"","meta":{"_acf_changed":false},"product_brand":[132],"product_cat":[323,324],"product_tag":[326,443,484],"class_list":{"0":"post-10271","1":"product","2":"type-product","3":"status-publish","4":"has-post-thumbnail","6":"product_brand-ulpmat","7":"product_cat-materiali-alogenuri","8":"product_cat-materiali-per-terre-rare","9":"product_tag-materiali-ottici","10":"product_tag-materiali-per-terre-rare","11":"product_tag-tulio","13":"first","14":"instock","15":"shipping-taxable","16":"product-type-variable"},"acf":[],"_links":{"self":[{"href":"https:\/\/ulpmat.com\/it\/wp-json\/wp\/v2\/product\/10271","targetHints":{"allow":["GET"]}}],"collection":[{"href":"https:\/\/ulpmat.com\/it\/wp-json\/wp\/v2\/product"}],"about":[{"href":"https:\/\/ulpmat.com\/it\/wp-json\/wp\/v2\/types\/product"}],"wp:featuredmedia":[{"embeddable":true,"href":"https:\/\/ulpmat.com\/it\/wp-json\/wp\/v2\/media\/6100"}],"wp:attachment":[{"href":"https:\/\/ulpmat.com\/it\/wp-json\/wp\/v2\/media?parent=10271"}],"wp:term":[{"taxonomy":"product_brand","embeddable":true,"href":"https:\/\/ulpmat.com\/it\/wp-json\/wp\/v2\/product_brand?post=10271"},{"taxonomy":"product_cat","embeddable":true,"href":"https:\/\/ulpmat.com\/it\/wp-json\/wp\/v2\/product_cat?post=10271"},{"taxonomy":"product_tag","embeddable":true,"href":"https:\/\/ulpmat.com\/it\/wp-json\/wp\/v2\/product_tag?post=10271"}],"curies":[{"name":"wp","href":"https:\/\/api.w.org\/{rel}","templated":true}]}}