{"id":10109,"date":"2025-07-18T17:15:38","date_gmt":"2025-07-18T09:15:38","guid":{"rendered":"https:\/\/ulpmat.com\/product\/cloruro-di-itterbio\/"},"modified":"2025-07-18T17:15:38","modified_gmt":"2025-07-18T09:15:38","slug":"cloruro-di-itterbio","status":"publish","type":"product","link":"https:\/\/ulpmat.com\/it\/prodotto\/cloruro-di-itterbio\/","title":{"rendered":"Cloruro di itterbio"},"content":{"rendered":"<h2><span style=\"font-size: 14pt;\"><strong>Panoramica della polvere di cloruro di itterbio<\/strong><\/span><\/h2>\n<p><strong><span style=\"color: #0000ff;\"><a style=\"color: #0000ff;\" href=\"https:\/\/ulpmat.com\/it\/ricerca\/?type=name&#038;keyword=Ytterbium+Chloride\">Cloruro di itterbio in polvere<\/a><\/span><\/strong> \u00e8 un composto di terre rare di elevata purezza con un&#8217;eccellente stabilit\u00e0 chimica e reattivit\u00e0, che lo rende ideale per <strong data-start=\"197\" data-end=\"251\">applicazioni di polvere di itterbio di elevata purezza<\/strong> come il drogaggio di cristalli laser, la preparazione di pellicole ottiche e la sintesi di catalizzatori di terre rare ad alte prestazioni.<\/p>\n<p data-start=\"365\" data-end=\"737\">Le nostre polveri di elevata purezza sono disponibili in dimensioni e purezza personalizzabili, su misura per le vostre applicazioni specifiche. Offriamo anche un&#8217;assistenza post-vendita completa, quindi se avete domande sull&#8217;<strong>uso della nostra polvere di cloruro di itterbio<\/strong>, non esitate a contattarci.<\/p>\n<h2><span style=\"font-size: 14pt;\">Punti di forza del prodotto <strong>Cloruro di itterbio in polvere<\/strong><\/span><\/h2>\n<p>Distribuzione granulometrica controllabile, dimensioni personalizzabili, ideale per la preparazione di ceramiche trasparenti, materiali laser, ecc.<br \/>\nImballaggio personalizzabile<br \/>\nElevata purezza, personalizzabile<\/p>\n<h2><span style=\"font-size: 14pt;\">Applicazioni della polvere di cloruro di itterbio<\/span><\/h2>\n<p>Materiali laser: utilizzati per cristalli laser o vetri drogati con Yb\u00b3\u207a, con un&#8217;elevata efficienza di conversione dell&#8217;energia<br \/>\nMateriali elettronici: adatti alla preparazione di film funzionali ad alto indice di rifrazione o luminescenti<br \/>\nCatalisi e sintesi chimica: utilizzato come acido di Lewis in reazioni catalitiche altamente selettive e nella sintesi organica<br \/>\nRicerca scientifica: spesso utilizzato per studiare il comportamento degli ioni di terre rare di alto ordine e la regolazione delle prestazioni dei materiali<\/p>\n<h2><span style=\"font-size: 14pt;\">Rapporti<\/span><\/h2>\n<p>Forniamo certificati di analisi (COA) dettagliati, schede di sicurezza dei materiali (MSDS) e rapporti di analisi delle dimensioni delle particelle\/impurit\u00e0 per ogni lotto di merce e supportiamo i clienti nella designazione di agenzie di test di terze parti per la verifica, al fine di garantire i vostri rigorosi requisiti di qualit\u00e0.<\/p>\n","protected":false},"excerpt":{"rendered":"<p>Panoramica della polvere di cloruro di itterbio Cloruro di itterbio in polvere \u00e8 un composto di terre rare di elevata purezza con un&#8217;eccellente stabilit\u00e0 chimica e reattivit\u00e0, che lo rende ideale per applicazioni di polvere di itterbio di elevata purezza come il drogaggio di cristalli laser, la preparazione di pellicole ottiche e la sintesi di [&hellip;]<\/p>\n","protected":false},"featured_media":6154,"template":"","meta":{"_acf_changed":false},"product_brand":[132],"product_cat":[323,324],"product_tag":[423,325,326,443],"class_list":{"0":"post-10109","1":"product","2":"type-product","3":"status-publish","4":"has-post-thumbnail","6":"product_brand-ulpmat","7":"product_cat-materiali-alogenuri","8":"product_cat-materiali-per-terre-rare","9":"product_tag-itterbio","10":"product_tag-materiali-alogenuri","11":"product_tag-materiali-ottici","12":"product_tag-materiali-per-terre-rare","14":"first","15":"instock","16":"shipping-taxable","17":"product-type-variable"},"acf":[],"_links":{"self":[{"href":"https:\/\/ulpmat.com\/it\/wp-json\/wp\/v2\/product\/10109","targetHints":{"allow":["GET"]}}],"collection":[{"href":"https:\/\/ulpmat.com\/it\/wp-json\/wp\/v2\/product"}],"about":[{"href":"https:\/\/ulpmat.com\/it\/wp-json\/wp\/v2\/types\/product"}],"wp:featuredmedia":[{"embeddable":true,"href":"https:\/\/ulpmat.com\/it\/wp-json\/wp\/v2\/media\/6154"}],"wp:attachment":[{"href":"https:\/\/ulpmat.com\/it\/wp-json\/wp\/v2\/media?parent=10109"}],"wp:term":[{"taxonomy":"product_brand","embeddable":true,"href":"https:\/\/ulpmat.com\/it\/wp-json\/wp\/v2\/product_brand?post=10109"},{"taxonomy":"product_cat","embeddable":true,"href":"https:\/\/ulpmat.com\/it\/wp-json\/wp\/v2\/product_cat?post=10109"},{"taxonomy":"product_tag","embeddable":true,"href":"https:\/\/ulpmat.com\/it\/wp-json\/wp\/v2\/product_tag?post=10109"}],"curies":[{"name":"wp","href":"https:\/\/api.w.org\/{rel}","templated":true}]}}