{"id":7210,"date":"2025-06-09T10:03:42","date_gmt":"2025-06-09T02:03:42","guid":{"rendered":"https:\/\/ulpmat.com\/azienda\/ricerca-e-sviluppo\/"},"modified":"2025-08-21T16:47:46","modified_gmt":"2025-08-21T08:47:46","slug":"ricerca-e-sviluppo","status":"publish","type":"page","link":"https:\/\/ulpmat.com\/it\/azienda\/ricerca-e-sviluppo\/","title":{"rendered":"RICERCA E SVILUPPO"},"content":{"rendered":"\t\t<div data-elementor-type=\"wp-page\" data-elementor-id=\"7210\" class=\"elementor elementor-7210 elementor-937\" data-elementor-post-type=\"page\">\n\t\t\t\t<div class=\"elementor-element elementor-element-ed52064 e-flex e-con-boxed e-con e-parent\" data-id=\"ed52064\" data-element_type=\"container\" data-e-type=\"container\">\n\t\t\t\t\t<div class=\"e-con-inner\">\n\t\t<div class=\"elementor-element elementor-element-3f6b7b9 e-con-full e-flex e-con e-child\" data-id=\"3f6b7b9\" data-element_type=\"container\" data-e-type=\"container\" data-settings=\"{&quot;background_background&quot;:&quot;classic&quot;}\">\n\t\t\t\t<div class=\"elementor-element elementor-element-05548ba elementor-widget elementor-widget-heading\" data-id=\"05548ba\" data-element_type=\"widget\" data-e-type=\"widget\" data-widget_type=\"heading.default\">\n\t\t\t\t<div class=\"elementor-widget-container\">\n\t\t\t\t\t<h1 class=\"elementor-heading-title elementor-size-default\">RICERCA E SVILUPPO<\/h1>\t\t\t\t<\/div>\n\t\t\t\t<\/div>\n\t\t\t\t<\/div>\n\t\t\t\t\t<\/div>\n\t\t\t\t<\/div>\n\t\t<div class=\"elementor-element elementor-element-6597118 e-flex e-con-boxed e-con e-parent\" data-id=\"6597118\" data-element_type=\"container\" data-e-type=\"container\">\n\t\t\t\t\t<div class=\"e-con-inner\">\n\t\t\t\t<div class=\"elementor-element elementor-element-6163a34 elementor-widget elementor-widget-text-editor\" data-id=\"6163a34\" data-element_type=\"widget\" data-e-type=\"widget\" data-widget_type=\"text-editor.default\">\n\t\t\t\t<div class=\"elementor-widget-container\">\n\t\t\t\t\t\t\t\t\t<p>Il nostro team di Ricerca e Sviluppo \u00e8 la forza trainante dell&#8217;innovazione e del progresso tecnologico di ULPMAT. Composto da dottori di ricerca e laureati, il team possiede una vasta esperienza nella scienza dei materiali, nella tecnologia dei film sottili e nei composti inorganici. Si dedica allo sviluppo di prodotti all&#8217;avanguardia che soddisfino le richieste del mercato in continua evoluzione e al miglioramento delle tecnologie di produzione dei materiali esistenti.  <\/p><p>ULPMAT \u00e8 specializzata nella sintesi personalizzata di materiali ad alto rischio, con particolari punti di forza nei target rotanti, nei materiali semiconduttori, nei composti calcogenidici, nei materiali per il drogaggio delle batterie e nei materiali di perovskite. Il nostro team di ricerca e sviluppo si impegna in approfondite discussioni scientifiche con i clienti per identificare con precisione le loro esigenze e soddisfare i diversi requisiti dei prodotti attraverso la sintesi e l&#8217;ottimizzazione di vari parametri di processo. <\/p><p>Per garantire un rigoroso controllo della qualit\u00e0, il nostro laboratorio di ricerca e sviluppo \u00e8 dotato di strumenti avanzati come lo spettrometro ICP, l&#8217;analizzatore di dimensioni delle particelle, il SEM, l&#8217;analizzatore C\/S, le apparecchiature XRD, le macchine per la setacciatura e le scatole a guanti. Collaboriamo a stretto contatto con le principali universit\u00e0 e istituti di ricerca per essere sempre all&#8217;avanguardia nelle tendenze e nelle innovazioni del settore. <\/p>\t\t\t\t\t\t\t\t<\/div>\n\t\t\t\t<\/div>\n\t\t\t\t\t<\/div>\n\t\t\t\t<\/div>\n\t\t<div class=\"elementor-element elementor-element-6941339 e-flex e-con-boxed e-con e-parent\" data-id=\"6941339\" data-element_type=\"container\" data-e-type=\"container\">\n\t\t\t\t\t<div class=\"e-con-inner\">\n\t\t<div class=\"elementor-element elementor-element-98a51bd e-con-full e-flex e-con e-child\" data-id=\"98a51bd\" data-element_type=\"container\" data-e-type=\"container\">\n\t\t\t\t<div class=\"elementor-element elementor-element-aea576b elementor-widget-mobile__width-inherit elementor-widget elementor-widget-image\" data-id=\"aea576b\" data-element_type=\"widget\" data-e-type=\"widget\" data-widget_type=\"image.default\">\n\t\t\t\t<div class=\"elementor-widget-container\">\n\t\t\t\t\t\t\t\t\t\t\t\t\t\t\t<img fetchpriority=\"high\" decoding=\"async\" width=\"768\" height=\"1024\" src=\"https:\/\/ulpmat.com\/wp-content\/uploads\/2025\/06\/Production-Lin-2_W_1920px-768x1024.webp\" class=\"attachment-large size-large wp-image-4354\" alt=\"\" srcset=\"https:\/\/ulpmat.com\/wp-content\/uploads\/2025\/06\/Production-Lin-2_W_1920px-768x1024.webp 768w, https:\/\/ulpmat.com\/wp-content\/uploads\/2025\/06\/Production-Lin-2_W_1920px-600x800.webp 600w, https:\/\/ulpmat.com\/wp-content\/uploads\/2025\/06\/Production-Lin-2_W_1920px-225x300.webp 225w, https:\/\/ulpmat.com\/wp-content\/uploads\/2025\/06\/Production-Lin-2_W_1920px-1152x1536.webp 1152w, https:\/\/ulpmat.com\/wp-content\/uploads\/2025\/06\/Production-Lin-2_W_1920px-1535x2048.webp 1535w, https:\/\/ulpmat.com\/wp-content\/uploads\/2025\/06\/Production-Lin-2_W_1920px.webp 1920w\" sizes=\"(max-width: 768px) 100vw, 768px\">\t\t\t\t\t\t\t\t\t\t\t\t\t\t\t<\/div>\n\t\t\t\t<\/div>\n\t\t\t\t<div class=\"elementor-element elementor-element-b80cfd7 elementor-widget-mobile__width-inherit elementor-widget elementor-widget-image\" data-id=\"b80cfd7\" data-element_type=\"widget\" data-e-type=\"widget\" data-widget_type=\"image.default\">\n\t\t\t\t<div class=\"elementor-widget-container\">\n\t\t\t\t\t\t\t\t\t\t\t\t\t\t\t<img decoding=\"async\" width=\"768\" height=\"1024\" src=\"https:\/\/ulpmat.com\/wp-content\/uploads\/2025\/06\/Production-Line-1_W_1920px-768x1024.webp\" class=\"attachment-large size-large wp-image-4360\" alt=\"\" srcset=\"https:\/\/ulpmat.com\/wp-content\/uploads\/2025\/06\/Production-Line-1_W_1920px-768x1024.webp 768w, https:\/\/ulpmat.com\/wp-content\/uploads\/2025\/06\/Production-Line-1_W_1920px-600x800.webp 600w, https:\/\/ulpmat.com\/wp-content\/uploads\/2025\/06\/Production-Line-1_W_1920px-225x300.webp 225w, https:\/\/ulpmat.com\/wp-content\/uploads\/2025\/06\/Production-Line-1_W_1920px-1152x1536.webp 1152w, https:\/\/ulpmat.com\/wp-content\/uploads\/2025\/06\/Production-Line-1_W_1920px-1535x2048.webp 1535w, https:\/\/ulpmat.com\/wp-content\/uploads\/2025\/06\/Production-Line-1_W_1920px.webp 1920w\" sizes=\"(max-width: 768px) 100vw, 768px\">\t\t\t\t\t\t\t\t\t\t\t\t\t\t\t<\/div>\n\t\t\t\t<\/div>\n\t\t\t\t<\/div>\n\t\t<div class=\"elementor-element elementor-element-cb0471f e-con-full e-flex e-con e-child\" data-id=\"cb0471f\" data-element_type=\"container\" data-e-type=\"container\">\n\t\t\t\t<div class=\"elementor-element elementor-element-ba64f3b elementor-widget elementor-widget-heading\" data-id=\"ba64f3b\" data-element_type=\"widget\" data-e-type=\"widget\" data-widget_type=\"heading.default\">\n\t\t\t\t<div class=\"elementor-widget-container\">\n\t\t\t\t\t<h2 class=\"elementor-heading-title elementor-size-default\">Linea di produzione all'avanguardia<\/h2>\t\t\t\t<\/div>\n\t\t\t\t<\/div>\n\t\t\t\t<div class=\"elementor-element elementor-element-987cd3d elementor-widget elementor-widget-text-editor\" data-id=\"987cd3d\" data-element_type=\"widget\" data-e-type=\"widget\" data-widget_type=\"text-editor.default\">\n\t\t\t\t<div class=\"elementor-widget-container\">\n\t\t\t\t\t\t\t\t\t<p>ULPMAT gestisce un sistema di produzione altamente efficiente e controllato, che costituisce la spina dorsale della nostra capacit\u00e0 di fornire una qualit\u00e0 costante e di rispondere rapidamente alle richieste del mercato. La nostra struttura supporta la produzione su scala di laboratorio, su scala pilota e su scala reale, con un flusso di lavoro completo che va dalla lavorazione e sintesi delle materie prime alla sinterizzazione, alla lavorazione di precisione e all&#8217;imballaggio finale.   <\/p><p>Dotata di tecnologie avanzate &#8211; tra cui forni di sinterizzazione ad alta temperatura, presse CIP\/HIP, lavorazioni CNC e taglio laser &#8211; ULPMAT raggiunge un&#8217;elevata produttivit\u00e0 e un controllo preciso dei processi. Con un&#8217;attenzione particolare all&#8217;eccellenza produttiva, ULPMAT fornisce target di sputtering ad alte prestazioni e materiali di elevata purezza per semiconduttori, optoelettronica, energia e rivestimenti avanzati, garantendo tempi rapidi e un supporto affidabile per le applicazioni pi\u00f9 esigenti. <\/p>\t\t\t\t\t\t\t\t<\/div>\n\t\t\t\t<\/div>\n\t\t\t\t<\/div>\n\t\t\t\t\t<\/div>\n\t\t\t\t<\/div>\n\t\t<div class=\"elementor-element elementor-element-04f5e68 e-flex e-con-boxed e-con e-parent\" data-id=\"04f5e68\" data-element_type=\"container\" data-e-type=\"container\" data-settings=\"{&quot;background_background&quot;:&quot;classic&quot;}\">\n\t\t\t\t\t<div class=\"e-con-inner\">\n\t\t<div class=\"elementor-element elementor-element-ae2c8ee e-con-full e-flex e-con e-child\" data-id=\"ae2c8ee\" data-element_type=\"container\" data-e-type=\"container\" data-settings=\"{&quot;sticky&quot;:&quot;top&quot;,&quot;sticky_parent&quot;:&quot;yes&quot;,&quot;sticky_on&quot;:[&quot;desktop&quot;],&quot;sticky_offset&quot;:0,&quot;sticky_effects_offset&quot;:0,&quot;sticky_anchor_link_offset&quot;:0}\">\n\t\t\t\t<div class=\"elementor-element elementor-element-fb34fea elementor-widget elementor-widget-heading\" data-id=\"fb34fea\" data-element_type=\"widget\" data-e-type=\"widget\" data-widget_type=\"heading.default\">\n\t\t\t\t<div class=\"elementor-widget-container\">\n\t\t\t\t\t<h2 class=\"elementor-heading-title elementor-size-default\">Controllo qualit\u00e0<\/h2>\t\t\t\t<\/div>\n\t\t\t\t<\/div>\n\t\t\t\t<div class=\"elementor-element elementor-element-b31a85c elementor-widget elementor-widget-text-editor\" data-id=\"b31a85c\" data-element_type=\"widget\" data-e-type=\"widget\" data-widget_type=\"text-editor.default\">\n\t\t\t\t<div class=\"elementor-widget-container\">\n\t\t\t\t\t\t\t\t\t<p>Per noi di ULPMAT il controllo qualit\u00e0 (CQ) \u00e8 un pilastro fondamentale delle nostre attivit\u00e0 e del nostro successo a lungo termine. Nel campo dei materiali avanzati &#8211; dove anche lievi deviazioni nella purezza, nella composizione o nella struttura possono avere un impatto significativo sulle prestazioni del prodotto &#8211; un controllo qualit\u00e0 rigoroso e affidabile \u00e8 essenziale. Non consideriamo la qualit\u00e0 come un punto di controllo alla fine della produzione, ma come un processo continuo e integrato che inizia con le materie prime e si estende a tutte le fasi di sintesi, lavorazione e confezionamento.  <\/p>\t\t\t\t\t\t\t\t<\/div>\n\t\t\t\t<\/div>\n\t\t\t\t<\/div>\n\t\t<div class=\"elementor-element elementor-element-36a6ffc e-con-full e-flex e-con e-child\" data-id=\"36a6ffc\" data-element_type=\"container\" data-e-type=\"container\">\n\t\t\t\t<div class=\"elementor-element elementor-element-9b46b99 elementor-widget elementor-widget-image\" data-id=\"9b46b99\" data-element_type=\"widget\" data-e-type=\"widget\" data-widget_type=\"image.default\">\n\t\t\t\t<div class=\"elementor-widget-container\">\n\t\t\t\t\t\t\t\t\t\t\t\t\t\t\t<img decoding=\"async\" width=\"1920\" height=\"1030\" src=\"https:\/\/ulpmat.com\/wp-content\/uploads\/2025\/06\/Certified-Quality-System_W_1920px.webp\" class=\"attachment-full size-full wp-image-4384\" alt=\"\" srcset=\"https:\/\/ulpmat.com\/wp-content\/uploads\/2025\/06\/Certified-Quality-System_W_1920px.webp 1920w, https:\/\/ulpmat.com\/wp-content\/uploads\/2025\/06\/Certified-Quality-System_W_1920px-600x322.webp 600w, https:\/\/ulpmat.com\/wp-content\/uploads\/2025\/06\/Certified-Quality-System_W_1920px-300x161.webp 300w, https:\/\/ulpmat.com\/wp-content\/uploads\/2025\/06\/Certified-Quality-System_W_1920px-1024x549.webp 1024w, https:\/\/ulpmat.com\/wp-content\/uploads\/2025\/06\/Certified-Quality-System_W_1920px-768x412.webp 768w, https:\/\/ulpmat.com\/wp-content\/uploads\/2025\/06\/Certified-Quality-System_W_1920px-1536x824.webp 1536w\" sizes=\"(max-width: 1920px) 100vw, 1920px\">\t\t\t\t\t\t\t\t\t\t\t\t\t\t\t<\/div>\n\t\t\t\t<\/div>\n\t\t\t\t<div class=\"elementor-element elementor-element-f33e18b elementor-widget elementor-widget-heading\" data-id=\"f33e18b\" data-element_type=\"widget\" data-e-type=\"widget\" data-widget_type=\"heading.default\">\n\t\t\t\t<div class=\"elementor-widget-container\">\n\t\t\t\t\t<h3 class=\"elementor-heading-title elementor-size-default\">Sistema di qualit\u00e0 certificato<\/h3>\t\t\t\t<\/div>\n\t\t\t\t<\/div>\n\t\t\t\t<div class=\"elementor-element elementor-element-d30f8dc elementor-widget elementor-widget-text-editor\" data-id=\"d30f8dc\" data-element_type=\"widget\" data-e-type=\"widget\" data-widget_type=\"text-editor.default\">\n\t\t\t\t<div class=\"elementor-widget-container\">\n\t\t\t\t\t\t\t\t\t<p>ISO 9001:2015 che riflette il nostro impegno verso un sistema di gestione della qualit\u00e0 solido e in continuo miglioramento. Questo sistema regola tutte le nostre attivit\u00e0, dall&#8217;approvvigionamento delle materie prime alla produzione, fino all&#8217;ispezione finale e alla consegna. <\/p>\t\t\t\t\t\t\t\t<\/div>\n\t\t\t\t<\/div>\n\t\t\t\t<div class=\"elementor-element elementor-element-1d19fce elementor-widget elementor-widget-image\" data-id=\"1d19fce\" data-element_type=\"widget\" data-e-type=\"widget\" data-widget_type=\"image.default\">\n\t\t\t\t<div class=\"elementor-widget-container\">\n\t\t\t\t\t\t\t\t\t\t\t\t\t\t\t<img loading=\"lazy\" decoding=\"async\" width=\"1920\" height=\"1080\" src=\"https:\/\/ulpmat.com\/wp-content\/uploads\/2025\/06\/Comprehensive-QC-Processes_W_1920px.webp\" class=\"attachment-full size-full wp-image-4378\" alt=\"\" srcset=\"https:\/\/ulpmat.com\/wp-content\/uploads\/2025\/06\/Comprehensive-QC-Processes_W_1920px.webp 1920w, https:\/\/ulpmat.com\/wp-content\/uploads\/2025\/06\/Comprehensive-QC-Processes_W_1920px-600x338.webp 600w, https:\/\/ulpmat.com\/wp-content\/uploads\/2025\/06\/Comprehensive-QC-Processes_W_1920px-300x169.webp 300w, https:\/\/ulpmat.com\/wp-content\/uploads\/2025\/06\/Comprehensive-QC-Processes_W_1920px-1024x576.webp 1024w, https:\/\/ulpmat.com\/wp-content\/uploads\/2025\/06\/Comprehensive-QC-Processes_W_1920px-768x432.webp 768w, https:\/\/ulpmat.com\/wp-content\/uploads\/2025\/06\/Comprehensive-QC-Processes_W_1920px-1536x864.webp 1536w\" sizes=\"(max-width: 1920px) 100vw, 1920px\">\t\t\t\t\t\t\t\t\t\t\t\t\t\t\t<\/div>\n\t\t\t\t<\/div>\n\t\t\t\t<div class=\"elementor-element elementor-element-02eb5dd elementor-widget elementor-widget-heading\" data-id=\"02eb5dd\" data-element_type=\"widget\" data-e-type=\"widget\" data-widget_type=\"heading.default\">\n\t\t\t\t<div class=\"elementor-widget-container\">\n\t\t\t\t\t<h3 class=\"elementor-heading-title elementor-size-default\">Processi di controllo qualit\u00e0 completi<\/h3>\t\t\t\t<\/div>\n\t\t\t\t<\/div>\n\t\t\t\t<div class=\"elementor-element elementor-element-38c58dc elementor-widget elementor-widget-text-editor\" data-id=\"38c58dc\" data-element_type=\"widget\" data-e-type=\"widget\" data-widget_type=\"text-editor.default\">\n\t\t\t\t<div class=\"elementor-widget-container\">\n\t\t\t\t\t\t\t\t\t<p>Implementiamo un rigoroso controllo di qualit\u00e0 in ogni fase della produzione:<\/p><p><strong>Ispezione del materiale in arrivo<\/strong><\/p><p>Tutte le materie prime vengono sottoposte a rigorosi controlli per garantire che la purezza, la distribuzione delle dimensioni delle particelle e la composizione chimica siano conformi alle specifiche prima dell&#8217;uso.<\/p><p><strong>Monitoraggio in corso d&#8217;opera<\/strong><\/p><p>I parametri chiave come la temperatura, la pressione, l&#8217;atmosfera e il tempo di reazione vengono continuamente monitorati e registrati per garantire la riproducibilit\u00e0 e il controllo del processo.<\/p><p><strong>Ispezione finale del prodotto<\/strong><\/p><p>Ogni lotto viene sottoposto a test dettagliati, che comprendono le propriet\u00e0 fisiche (densit\u00e0, dimensione delle particelle, morfologia), la purezza chimica, la composizione delle fasi e la pulizia della superficie.<\/p>\t\t\t\t\t\t\t\t<\/div>\n\t\t\t\t<\/div>\n\t\t\t\t<div class=\"elementor-element elementor-element-5c8ed08 elementor-widget elementor-widget-image\" data-id=\"5c8ed08\" data-element_type=\"widget\" data-e-type=\"widget\" data-widget_type=\"image.default\">\n\t\t\t\t<div class=\"elementor-widget-container\">\n\t\t\t\t\t\t\t\t\t\t\t\t\t\t\t<img loading=\"lazy\" decoding=\"async\" width=\"1920\" height=\"1121\" src=\"https:\/\/ulpmat.com\/wp-content\/uploads\/2025\/06\/Traceability-Documentation_W_1920px.webp\" class=\"attachment-full size-full wp-image-4366\" alt=\"\" srcset=\"https:\/\/ulpmat.com\/wp-content\/uploads\/2025\/06\/Traceability-Documentation_W_1920px.webp 1920w, https:\/\/ulpmat.com\/wp-content\/uploads\/2025\/06\/Traceability-Documentation_W_1920px-600x350.webp 600w, https:\/\/ulpmat.com\/wp-content\/uploads\/2025\/06\/Traceability-Documentation_W_1920px-300x175.webp 300w, https:\/\/ulpmat.com\/wp-content\/uploads\/2025\/06\/Traceability-Documentation_W_1920px-1024x598.webp 1024w, https:\/\/ulpmat.com\/wp-content\/uploads\/2025\/06\/Traceability-Documentation_W_1920px-768x448.webp 768w, https:\/\/ulpmat.com\/wp-content\/uploads\/2025\/06\/Traceability-Documentation_W_1920px-1536x897.webp 1536w\" sizes=\"(max-width: 1920px) 100vw, 1920px\">\t\t\t\t\t\t\t\t\t\t\t\t\t\t\t<\/div>\n\t\t\t\t<\/div>\n\t\t\t\t<div class=\"elementor-element elementor-element-522d961 elementor-widget elementor-widget-heading\" data-id=\"522d961\" data-element_type=\"widget\" data-e-type=\"widget\" data-widget_type=\"heading.default\">\n\t\t\t\t<div class=\"elementor-widget-container\">\n\t\t\t\t\t<h3 class=\"elementor-heading-title elementor-size-default\">Tracciabilit\u00e0 e documentazione<\/h3>\t\t\t\t<\/div>\n\t\t\t\t<\/div>\n\t\t\t\t<div class=\"elementor-element elementor-element-21d4485 elementor-widget elementor-widget-text-editor\" data-id=\"21d4485\" data-element_type=\"widget\" data-e-type=\"widget\" data-widget_type=\"text-editor.default\">\n\t\t\t\t<div class=\"elementor-widget-container\">\n\t\t\t\t\t\t\t\t\t<p>A ogni lotto di produzione viene assegnato un numero di lotto unico, che consente la completa tracciabilit\u00e0 dalle materie prime ai prodotti finiti. Forniamo certificati di analisi (COA) e rapporti di prova completi per garantire trasparenza e affidabilit\u00e0 della qualit\u00e0. Inoltre, su richiesta, possiamo organizzare test di terze parti.  <\/p>\t\t\t\t\t\t\t\t<\/div>\n\t\t\t\t<\/div>\n\t\t\t\t<\/div>\n\t\t\t\t\t<\/div>\n\t\t\t\t<\/div>\n\t\t\t\t<\/div>\n\t\t","protected":false},"excerpt":{"rendered":"<p>RICERCA E SVILUPPO Il nostro team di Ricerca e Sviluppo \u00e8 la forza trainante dell&#8217;innovazione e del progresso tecnologico di ULPMAT. Composto da dottori di ricerca e laureati, il team possiede una vasta esperienza nella scienza dei materiali, nella tecnologia dei film sottili e nei composti inorganici. Si dedica allo sviluppo di prodotti all&#8217;avanguardia che [&hellip;]<\/p>\n","protected":false},"author":2,"featured_media":0,"parent":7159,"menu_order":0,"comment_status":"closed","ping_status":"closed","template":"","meta":{"_acf_changed":false,"footnotes":""},"class_list":["post-7210","page","type-page","status-publish","hentry"],"acf":[],"_links":{"self":[{"href":"https:\/\/ulpmat.com\/it\/wp-json\/wp\/v2\/pages\/7210","targetHints":{"allow":["GET"]}}],"collection":[{"href":"https:\/\/ulpmat.com\/it\/wp-json\/wp\/v2\/pages"}],"about":[{"href":"https:\/\/ulpmat.com\/it\/wp-json\/wp\/v2\/types\/page"}],"author":[{"embeddable":true,"href":"https:\/\/ulpmat.com\/it\/wp-json\/wp\/v2\/users\/2"}],"replies":[{"embeddable":true,"href":"https:\/\/ulpmat.com\/it\/wp-json\/wp\/v2\/comments?post=7210"}],"version-history":[{"count":1,"href":"https:\/\/ulpmat.com\/it\/wp-json\/wp\/v2\/pages\/7210\/revisions"}],"predecessor-version":[{"id":7213,"href":"https:\/\/ulpmat.com\/it\/wp-json\/wp\/v2\/pages\/7210\/revisions\/7213"}],"up":[{"embeddable":true,"href":"https:\/\/ulpmat.com\/it\/wp-json\/wp\/v2\/pages\/7159"}],"wp:attachment":[{"href":"https:\/\/ulpmat.com\/it\/wp-json\/wp\/v2\/media?parent=7210"}],"curies":[{"name":"wp","href":"https:\/\/api.w.org\/{rel}","templated":true}]}}