{"id":24866,"date":"2025-06-09T14:18:24","date_gmt":"2025-06-09T06:18:24","guid":{"rendered":"https:\/\/ulpmat.com\/applicazione\/materiali-della-batteria\/"},"modified":"2025-11-19T17:10:25","modified_gmt":"2025-11-19T09:10:25","slug":"materiali-della-batteria","status":"publish","type":"page","link":"https:\/\/ulpmat.com\/it\/applicazione\/materiali-della-batteria\/","title":{"rendered":"Materiali della batteria"},"content":{"rendered":"\t\t<div data-elementor-type=\"wp-page\" data-elementor-id=\"24866\" class=\"elementor elementor-24866 elementor-1064\" data-elementor-post-type=\"page\">\n\t\t\t\t<div class=\"elementor-element elementor-element-1354b2f e-flex e-con-boxed e-con e-parent\" data-id=\"1354b2f\" data-element_type=\"container\" data-e-type=\"container\">\n\t\t\t\t\t<div class=\"e-con-inner\">\n\t\t<div class=\"elementor-element elementor-element-58c7771 e-con-full e-flex e-con e-child\" data-id=\"58c7771\" data-element_type=\"container\" data-e-type=\"container\" data-settings=\"{&quot;background_background&quot;:&quot;classic&quot;}\">\n\t\t\t\t<div class=\"elementor-element elementor-element-8334c99 elementor-widget elementor-widget-heading\" data-id=\"8334c99\" data-element_type=\"widget\" data-e-type=\"widget\" data-widget_type=\"heading.default\">\n\t\t\t\t<div class=\"elementor-widget-container\">\n\t\t\t\t\t<h1 class=\"elementor-heading-title elementor-size-default\">Materiali per batterie su misura<\/h1>\t\t\t\t<\/div>\n\t\t\t\t<\/div>\n\t\t\t\t<div class=\"elementor-element elementor-element-fb3eca4 elementor-widget elementor-widget-text-editor\" data-id=\"fb3eca4\" data-element_type=\"widget\" data-e-type=\"widget\" data-widget_type=\"text-editor.default\">\n\t\t\t\t<div class=\"elementor-widget-container\">\n\t\t\t\t\t\t\t\t\t<p>Dal laboratorio alla produzione di massa<\/p>\t\t\t\t\t\t\t\t<\/div>\n\t\t\t\t<\/div>\n\t\t\t\t<\/div>\n\t\t\t\t\t<\/div>\n\t\t\t\t<\/div>\n\t\t<div class=\"elementor-element elementor-element-9d6f56e e-flex e-con-boxed e-con e-parent\" data-id=\"9d6f56e\" data-element_type=\"container\" data-e-type=\"container\">\n\t\t\t\t\t<div class=\"e-con-inner\">\n\t\t<div class=\"elementor-element elementor-element-1551233 e-con-full e-flex e-con e-child\" data-id=\"1551233\" data-element_type=\"container\" data-e-type=\"container\" data-settings=\"{&quot;background_background&quot;:&quot;classic&quot;}\">\n\t\t\t\t<div class=\"elementor-element elementor-element-b162be7 elementor-widget elementor-widget-text-editor\" data-id=\"b162be7\" data-element_type=\"widget\" data-e-type=\"widget\" data-widget_type=\"text-editor.default\">\n\t\t\t\t<div class=\"elementor-widget-container\">\n\t\t\t\t\t\t\t\t\t<p style=\"font-weight: bold; font-size: 20px; color: #0e58cf;\">Alimentare il futuro con i materiali per batterie avanzate<\/p><p>Con la spinta globale verso la decarbonizzazione, l&#8217;elettrificazione e le tecnologie intelligenti, i materiali delle batterie sono diventati la base dei moderni sistemi energetici. Dai veicoli elettrici (EV) all&#8217;accumulo di energia rinnovabile, dall&#8217;elettronica di consumo agli strumenti industriali, le batterie efficienti e affidabili sono fondamentali e i materiali per batterie di alta qualit\u00e0 sono i fattori chiave.<\/p><p>Le prestazioni delle batterie di nuova generazione dipendono in larga misura dalla purezza, dalla consistenza e dalla struttura dei materiali utilizzati negli elettrodi, negli elettroliti e negli strati di supporto. Con l&#8217;aumento della richiesta di una maggiore densit\u00e0 di energia, di una maggiore durata dei cicli, di una ricarica pi\u00f9 rapida e di una maggiore sicurezza, aumenta anche la necessit\u00e0 di innovazione nella scienza dei materiali delle batterie.<\/p><p><strong>ULPMAT<\/strong> offre un portafoglio completo di materiali per batterie di elevata purezza, progettati per soddisfare le esigenze in continua evoluzione dello stoccaggio avanzato di energia. Supportiamo sia gradi standard che formulazioni personalizzate per ottimizzare le prestazioni in diverse chimiche e applicazioni.<\/p><p style=\"font-weight: bold; font-size: 18px; color: #0e58cf;\">Il nostro portafoglio prodotti comprende:<\/p><p><strong>1. Materiali per catodi (elettrodi positivi)<\/strong><\/p><ul><li>Ossido di litio e cobalto (<sub>LiCoO2<\/sub>)<\/li><li>Ossido di litio e manganese (<sub>LiMn2O4<\/sub>)<\/li><li>Fosfato di litio e ferro (<sub>LiFePO4<\/sub>)<\/li><li>Nichel-Manganese-Cobalto (NMC, ad es. <sub>LiNixMnyCo1-x-yO2<\/sub>)<\/li><li>Ossido di nichel-cobalto-alluminio (NCA)<\/li><\/ul><p><strong>2. Materiali dell&#8217;anodo (elettrodo negativo)<\/strong><\/p><ul><li>Grafite (naturale e sintetica)<\/li><li>Materiali compositi di silicio (Si\/C, SiOx)<\/li><li>Ossido di litio e titanio (<sub>Li4Ti5O12<\/sub>)<\/li><li>Carbonio duro e carbonio morbido<\/li><\/ul><p><strong>3. Materiali elettrolitici<\/strong><\/p><ul><li>Esafluorofosfato di litio (<sub>LiPF6<\/sub>)<\/li><li>Bis(fluorosolfonil)imide di litio (LiFSI)<\/li><\/ul><p><strong>4. Materiali per batterie allo stato solido<\/strong><\/p><ul><li>Elettroliti di ossido (ad es. LLZO &#8211; <sub>Li7La3Zr2O12<\/sub>)<\/li><li>Elettroliti di solfuro (ad es. LGPS &#8211; <sub>Li10GeP2S12<\/sub>)<\/li><li>Anodi di litio metallico<\/li><\/ul><p><img fetchpriority=\"high\" decoding=\"async\" class=\"alignnone\" style=\"width: 300px; margin: 20px 0;\" src=\"https:\/\/ulpmat.com\/wp-content\/uploads\/2025\/06\/LLZO-Powder_W_1920px-300x300.webp\" alt=\"LLZO Powder Battery materials\" width=\"300\" height=\"300\" \/><\/p><p style=\"font-weight: bold; font-size: 18px; color: #0e58cf;\">Aree di applicazione<\/p><ul><li><strong><a href=\"https:\/\/en.wikipedia.org\/wiki\/Electric_vehicle\" target=\"_blank\" rel=\"noopener\">Veicoli elettrici (EV)<\/a>:<\/strong> Materiali ad alta capacit\u00e0 e a ricarica rapida per la mobilit\u00e0 sostenibile.<\/li><li><strong>Elettronica di consumo:<\/strong> Materiali compatti e di lunga durata per telefoni, computer portatili e oggetti da indossare.<\/li><li><strong>Sistemi di stoccaggio dell&#8217;energia (ESS):<\/strong> Materiali stabili per l&#8217;accumulo di energia da rete e da fonti rinnovabili.<\/li><li><strong>Utensili industriali:<\/strong> Materiali ad alto tasso di scarica per apparecchiature ad alte prestazioni.<\/li><li><strong>Applicazioni aerospaziali e speciali:<\/strong> Materiali ultraleggeri e ad alta densit\u00e0 per sistemi mission-critical.<\/li><\/ul><p><img decoding=\"async\" class=\"\" style=\"width: 255px; max-width: 720px; margin: 20px 0px;\" src=\"https:\/\/ulpmat.com\/wp-content\/uploads\/2025\/06\/\u5e94\u7528-3_W_1920px.webp\" alt=\"Battery Material Applications\" height=\"194\" \/><\/p><p style=\"font-weight: bold; font-size: 18px; color: #0e58cf;\">Perch\u00e9 scegliere ULPMAT?<\/p><ul style=\"line-height: 1.8;\"><li><strong>standard di elevata purezza:<\/strong> Materiali per batterie con purezza fino al 99,99%, per ridurre al minimo i problemi di prestazione.<\/li><li><strong>capacit\u00e0 di personalizzazione:<\/strong> Personalizzazione delle dimensioni delle particelle, della morfologia e della chimica di superficie in base alle esigenze del processo.<\/li><li><strong>controllo di qualit\u00e0 rigoroso:<\/strong> Processi completamente tracciabili conformi agli standard ISO, RoHS e REACH.<\/li><li><strong>catena di fornitura scalabile:<\/strong> Dai lotti di R&amp;S ai volumi commerciali, supportiamo la vostra scala di produzione.<\/li><li><strong>assistenza tecnica:<\/strong> Consulenza di esperti su compatibilit\u00e0, prestazioni e ottimizzazione dei processi.<\/li><\/ul><p><strong>ULPMAT<\/strong> \u00e8 il vostro partner di fiducia nell&#8217;innovazione dei materiali energetici. Sia che stiate sperimentando batterie allo stato solido, espandendo la capacit\u00e0 dei veicoli elettrici o ottimizzando lo stoccaggio della rete, vi forniamo le soluzioni di materiali per aiutarvi a guidare la transizione energetica.<\/p><p style=\"font-weight: bold;\">\ud83d\udce9 <a href=\"https:\/\/ulpmat.com\/it\/contatti\/\"><em>Contattateci<\/em><\/a> per esplorare i nostri materiali per batterie o per richiedere un preventivo personalizzato.<\/p>\t\t\t\t\t\t\t\t<\/div>\n\t\t\t\t<\/div>\n\t\t\t\t<\/div>\n\t\t<div class=\"elementor-element elementor-element-03f1154 e-con-full e-flex e-con e-child\" data-id=\"03f1154\" data-element_type=\"container\" data-e-type=\"container\" data-settings=\"{&quot;background_background&quot;:&quot;classic&quot;}\">\n\t\t\t\t<div class=\"elementor-element elementor-element-9b63185 elementor-widget elementor-widget-heading\" data-id=\"9b63185\" data-element_type=\"widget\" data-e-type=\"widget\" data-widget_type=\"heading.default\">\n\t\t\t\t<div class=\"elementor-widget-container\">\n\t\t\t\t\t<h2 class=\"elementor-heading-title elementor-size-default\">Contattateci<\/h2>\t\t\t\t<\/div>\n\t\t\t\t<\/div>\n\t\t\t\t<div class=\"elementor-element elementor-element-de364e8 elementor-button-align-stretch elementor-widget elementor-widget-global elementor-global-13306 elementor-global-130 elementor-widget-form\" data-id=\"de364e8\" data-element_type=\"widget\" data-e-type=\"widget\" data-settings=\"{&quot;step_next_label&quot;:&quot;Avanti&quot;,&quot;step_previous_label&quot;:&quot;Precedente&quot;,&quot;button_width&quot;:&quot;100&quot;,&quot;step_type&quot;:&quot;number_text&quot;,&quot;step_icon_shape&quot;:&quot;circle&quot;}\" data-widget_type=\"form.default\">\n\t\t\t\t<div class=\"elementor-widget-container\">\n\t\t\t\t\t\t\t<form class=\"elementor-form\" method=\"post\" name=\"Modulo di contatto\" aria-label=\"Modulo di contatto\">\n\t\t\t<input type=\"hidden\" name=\"post_id\" value=\"24866\"\/>\n\t\t\t<input type=\"hidden\" name=\"form_id\" value=\"de364e8\"\/>\n\t\t\t<input type=\"hidden\" name=\"referer_title\" value=\"\" \/>\n\n\t\t\t\n\t\t\t<div class=\"elementor-form-fields-wrapper elementor-labels-above\">\n\t\t\t\t\t\t\t\t<div class=\"elementor-field-type-hidden elementor-field-group elementor-column elementor-field-group-p_image elementor-col-100\">\n\t\t\t\t\t\t\t\t\t\t\t\t\t<input size=\"1\" type=\"hidden\" name=\"form_fields[p_image]\" id=\"form-field-p_image\" class=\"elementor-field elementor-size-sm  elementor-field-textual\" value=\"&lt;img src=&quot;[field id=&quot;p_image&quot;]&quot; style=&quot;max-width:200px;max-height:200px&quot;&gt;\">\n\t\t\t\t\t\t\t\t\t\t\t<\/div>\n\t\t\t\t\t\t\t\t<div class=\"elementor-field-type-hidden elementor-field-group elementor-column elementor-field-group-p_name elementor-col-100\">\n\t\t\t\t\t\t\t\t\t\t\t\t\t<input size=\"1\" type=\"hidden\" name=\"form_fields[p_name]\" id=\"form-field-p_name\" class=\"elementor-field elementor-size-sm  elementor-field-textual\" value=\"&lt;img src=&quot;[field id=&quot;p_image&quot;]&quot; style=&quot;max-width:200px;max-height:200px&quot;&gt;\">\n\t\t\t\t\t\t\t\t\t\t\t<\/div>\n\t\t\t\t\t\t\t\t<div class=\"elementor-field-type-hidden elementor-field-group elementor-column elementor-field-group-p_purity elementor-col-100\">\n\t\t\t\t\t\t\t\t\t\t\t\t\t<input size=\"1\" type=\"hidden\" name=\"form_fields[p_purity]\" id=\"form-field-p_purity\" class=\"elementor-field elementor-size-sm  elementor-field-textual\">\n\t\t\t\t\t\t\t\t\t\t\t<\/div>\n\t\t\t\t\t\t\t\t<div class=\"elementor-field-type-hidden elementor-field-group elementor-column elementor-field-group-p_dimension elementor-col-100\">\n\t\t\t\t\t\t\t\t\t\t\t\t\t<input size=\"1\" type=\"hidden\" name=\"form_fields[p_dimension]\" id=\"form-field-p_dimension\" class=\"elementor-field elementor-size-sm  elementor-field-textual\">\n\t\t\t\t\t\t\t\t\t\t\t<\/div>\n\t\t\t\t\t\t\t\t<div class=\"elementor-field-type-text elementor-field-group elementor-column elementor-field-group-name elementor-col-50 elementor-field-required elementor-mark-required\">\n\t\t\t\t\t\t\t\t\t\t\t\t<label for=\"form-field-name\" class=\"elementor-field-label\">\n\t\t\t\t\t\t\t\tNome\t\t\t\t\t\t\t<\/label>\n\t\t\t\t\t\t\t\t\t\t\t\t\t\t<input size=\"1\" type=\"text\" name=\"form_fields[name]\" id=\"form-field-name\" class=\"elementor-field elementor-size-sm  elementor-field-textual\" required=\"required\">\n\t\t\t\t\t\t\t\t\t\t\t<\/div>\n\t\t\t\t\t\t\t\t<div class=\"elementor-field-type-email elementor-field-group elementor-column elementor-field-group-email elementor-col-50 elementor-field-required elementor-mark-required\">\n\t\t\t\t\t\t\t\t\t\t\t\t<label for=\"form-field-email\" class=\"elementor-field-label\">\n\t\t\t\t\t\t\t\tEmail\t\t\t\t\t\t\t<\/label>\n\t\t\t\t\t\t\t\t\t\t\t\t\t\t<input size=\"1\" type=\"email\" name=\"form_fields[email]\" id=\"form-field-email\" class=\"elementor-field elementor-size-sm  elementor-field-textual\" required=\"required\">\n\t\t\t\t\t\t\t\t\t\t\t<\/div>\n\t\t\t\t\t\t\t\t<div class=\"elementor-field-type-tel elementor-field-group elementor-column elementor-field-group-tel elementor-col-50\">\n\t\t\t\t\t\t\t\t\t\t\t\t<label for=\"form-field-tel\" class=\"elementor-field-label\">\n\t\t\t\t\t\t\t\tTelefono\t\t\t\t\t\t\t<\/label>\n\t\t\t\t\t\t\t\t<input size=\"1\" type=\"tel\" name=\"form_fields[tel]\" id=\"form-field-tel\" class=\"elementor-field elementor-size-sm  elementor-field-textual\" pattern=\"[0-9()#&amp;+*-=.]+\" title=\"Sono accettati solo numeri e caratteri telefonici (#, -, *, ecc.).\">\n\n\t\t\t\t\t\t<\/div>\n\t\t\t\t\t\t\t\t<div class=\"elementor-field-type-text elementor-field-group elementor-column elementor-field-group-country elementor-col-50\">\n\t\t\t\t\t\t\t\t\t\t\t\t<label for=\"form-field-country\" class=\"elementor-field-label\">\n\t\t\t\t\t\t\t\tPaese\t\t\t\t\t\t\t<\/label>\n\t\t\t\t\t\t\t\t\t\t\t\t\t\t<input size=\"1\" type=\"text\" name=\"form_fields[country]\" id=\"form-field-country\" class=\"elementor-field elementor-size-sm  elementor-field-textual\">\n\t\t\t\t\t\t\t\t\t\t\t<\/div>\n\t\t\t\t\t\t\t\t<div class=\"elementor-field-type-text elementor-field-group elementor-column elementor-field-group-company elementor-col-100\">\n\t\t\t\t\t\t\t\t\t\t\t\t<label for=\"form-field-company\" class=\"elementor-field-label\">\n\t\t\t\t\t\t\t\tAzienda\t\t\t\t\t\t\t<\/label>\n\t\t\t\t\t\t\t\t\t\t\t\t\t\t<input size=\"1\" type=\"text\" name=\"form_fields[company]\" id=\"form-field-company\" class=\"elementor-field elementor-size-sm  elementor-field-textual\">\n\t\t\t\t\t\t\t\t\t\t\t<\/div>\n\t\t\t\t\t\t\t\t<div class=\"elementor-field-type-textarea elementor-field-group elementor-column elementor-field-group-message elementor-col-100 elementor-field-required elementor-mark-required\">\n\t\t\t\t\t\t\t\t\t\t\t\t<label for=\"form-field-message\" class=\"elementor-field-label\">\n\t\t\t\t\t\t\t\tMessaggio\t\t\t\t\t\t\t<\/label>\n\t\t\t\t\t\t<textarea class=\"elementor-field-textual elementor-field  elementor-size-sm\" name=\"form_fields[message]\" id=\"form-field-message\" rows=\"4\" required=\"required\"><\/textarea>\t\t\t\t<\/div>\n\t\t\t\t\t\t\t\t<div class=\"elementor-field-group elementor-column elementor-field-type-submit elementor-col-100 e-form__buttons\">\n\t\t\t\t\t<button class=\"elementor-button elementor-size-sm\" type=\"submit\">\n\t\t\t\t\t\t<span class=\"elementor-button-content-wrapper\">\n\t\t\t\t\t\t\t\t\t\t\t\t\t\t\t\t\t\t\t\t\t\t<span class=\"elementor-button-text\">Invia<\/span>\n\t\t\t\t\t\t\t\t\t\t\t\t\t<\/span>\n\t\t\t\t\t<\/button>\n\t\t\t\t<\/div>\n\t\t\t<\/div>\n\t\t<\/form>\n\t\t\t\t\t\t<\/div>\n\t\t\t\t<\/div>\n\t\t\t\t<div class=\"elementor-element elementor-element-1307c8a elementor-widget elementor-widget-heading\" data-id=\"1307c8a\" data-element_type=\"widget\" data-e-type=\"widget\" data-widget_type=\"heading.default\">\n\t\t\t\t<div class=\"elementor-widget-container\">\n\t\t\t\t\t<h2 class=\"elementor-heading-title elementor-size-default\">Ulteriori informazioni<\/h2>\t\t\t\t<\/div>\n\t\t\t\t<\/div>\n\t\t\t\t<div class=\"elementor-element elementor-element-cb81455 elementor-icon-list--layout-traditional elementor-list-item-link-full_width elementor-widget elementor-widget-icon-list\" data-id=\"cb81455\" data-element_type=\"widget\" data-e-type=\"widget\" data-widget_type=\"icon-list.default\">\n\t\t\t\t<div class=\"elementor-widget-container\">\n\t\t\t\t\t\t\t<ul class=\"elementor-icon-list-items\">\n\t\t\t\t\t\t\t<li class=\"elementor-icon-list-item\">\n\t\t\t\t\t\t\t\t\t\t\t<a href=\"tel:+862988993870\">\n\n\t\t\t\t\t\t\t\t\t\t\t\t<span class=\"elementor-icon-list-icon\">\n\t\t\t\t\t\t\t<svg aria-hidden=\"true\" class=\"e-font-icon-svg e-fas-mobile-alt\" viewBox=\"0 0 320 512\" xmlns=\"http:\/\/www.w3.org\/2000\/svg\"><path d=\"M272 0H48C21.5 0 0 21.5 0 48v416c0 26.5 21.5 48 48 48h224c26.5 0 48-21.5 48-48V48c0-26.5-21.5-48-48-48zM160 480c-17.7 0-32-14.3-32-32s14.3-32 32-32 32 14.3 32 32-14.3 32-32 32zm112-108c0 6.6-5.4 12-12 12H60c-6.6 0-12-5.4-12-12V60c0-6.6 5.4-12 12-12h200c6.6 0 12 5.4 12 12v312z\"><\/path><\/svg>\t\t\t\t\t\t<\/span>\n\t\t\t\t\t\t\t\t\t\t<span class=\"elementor-icon-list-text\"><b>PHONE\uff1a+86-29-88993870<\/b><\/span>\n\t\t\t\t\t\t\t\t\t\t\t<\/a>\n\t\t\t\t\t\t\t\t\t<\/li>\n\t\t\t\t\t\t\t\t<li class=\"elementor-icon-list-item\">\n\t\t\t\t\t\t\t\t\t\t\t<a href=\"tel:+8618291498609\">\n\n\t\t\t\t\t\t\t\t\t\t\t\t<span class=\"elementor-icon-list-icon\">\n\t\t\t\t\t\t\t<svg aria-hidden=\"true\" class=\"e-font-icon-svg e-fab-whatsapp\" viewBox=\"0 0 448 512\" xmlns=\"http:\/\/www.w3.org\/2000\/svg\"><path d=\"M380.9 97.1C339 55.1 283.2 32 223.9 32c-122.4 0-222 99.6-222 222 0 39.1 10.2 77.3 29.6 111L0 480l117.7-30.9c32.4 17.7 68.9 27 106.1 27h.1c122.3 0 224.1-99.6 224.1-222 0-59.3-25.2-115-67.1-157zm-157 341.6c-33.2 0-65.7-8.9-94-25.7l-6.7-4-69.8 18.3L72 359.2l-4.4-7c-18.5-29.4-28.2-63.3-28.2-98.2 0-101.7 82.8-184.5 184.6-184.5 49.3 0 95.6 19.2 130.4 54.1 34.8 34.9 56.2 81.2 56.1 130.5 0 101.8-84.9 184.6-186.6 184.6zm101.2-138.2c-5.5-2.8-32.8-16.2-37.9-18-5.1-1.9-8.8-2.8-12.5 2.8-3.7 5.6-14.3 18-17.6 21.8-3.2 3.7-6.5 4.2-12 1.4-32.6-16.3-54-29.1-75.5-66-5.7-9.8 5.7-9.1 16.3-30.3 1.8-3.7.9-6.9-.5-9.7-1.4-2.8-12.5-30.1-17.1-41.2-4.5-10.8-9.1-9.3-12.5-9.5-3.2-.2-6.9-.2-10.6-.2-3.7 0-9.7 1.4-14.8 6.9-5.1 5.6-19.4 19-19.4 46.3 0 27.3 19.9 53.7 22.6 57.4 2.8 3.7 39.1 59.7 94.8 83.8 35.2 15.2 49 16.5 66.6 13.9 10.7-1.6 32.8-13.4 37.4-26.4 4.6-13 4.6-24.1 3.2-26.4-1.3-2.5-5-3.9-10.5-6.6z\"><\/path><\/svg>\t\t\t\t\t\t<\/span>\n\t\t\t\t\t\t\t\t\t\t<span class=\"elementor-icon-list-text\"><b>WHATSAPP\uff1a+8618291498609<\/b><\/span>\n\t\t\t\t\t\t\t\t\t\t\t<\/a>\n\t\t\t\t\t\t\t\t\t<\/li>\n\t\t\t\t\t\t\t\t<li class=\"elementor-icon-list-item\">\n\t\t\t\t\t\t\t\t\t\t\t<a href=\"mailto:sales@funcmater.com\">\n\n\t\t\t\t\t\t\t\t\t\t\t\t<span class=\"elementor-icon-list-icon\">\n\t\t\t\t\t\t\t<svg aria-hidden=\"true\" class=\"e-font-icon-svg e-far-envelope\" viewBox=\"0 0 512 512\" xmlns=\"http:\/\/www.w3.org\/2000\/svg\"><path d=\"M464 64H48C21.49 64 0 85.49 0 112v288c0 26.51 21.49 48 48 48h416c26.51 0 48-21.49 48-48V112c0-26.51-21.49-48-48-48zm0 48v40.805c-22.422 18.259-58.168 46.651-134.587 106.49-16.841 13.247-50.201 45.072-73.413 44.701-23.208.375-56.579-31.459-73.413-44.701C106.18 199.465 70.425 171.067 48 152.805V112h416zM48 400V214.398c22.914 18.251 55.409 43.862 104.938 82.646 21.857 17.205 60.134 55.186 103.062 54.955 42.717.231 80.509-37.199 103.053-54.947 49.528-38.783 82.032-64.401 104.947-82.653V400H48z\"><\/path><\/svg>\t\t\t\t\t\t<\/span>\n\t\t\t\t\t\t\t\t\t\t<span class=\"elementor-icon-list-text\"><b>E-MAIL: sales@funcmater.com<\/b><\/span>\n\t\t\t\t\t\t\t\t\t\t\t<\/a>\n\t\t\t\t\t\t\t\t\t<\/li>\n\t\t\t\t\t\t\t\t<li class=\"elementor-icon-list-item\">\n\t\t\t\t\t\t\t\t\t\t\t<span class=\"elementor-icon-list-icon\">\n\t\t\t\t\t\t\t<svg aria-hidden=\"true\" class=\"e-font-icon-svg e-fas-map-marker-alt\" viewBox=\"0 0 384 512\" xmlns=\"http:\/\/www.w3.org\/2000\/svg\"><path d=\"M172.268 501.67C26.97 291.031 0 269.413 0 192 0 85.961 85.961 0 192 0s192 85.961 192 192c0 77.413-26.97 99.031-172.268 309.67-9.535 13.774-29.93 13.773-39.464 0zM192 272c44.183 0 80-35.817 80-80s-35.817-80-80-80-80 35.817-80 80 35.817 80 80 80z\"><\/path><\/svg>\t\t\t\t\t\t<\/span>\n\t\t\t\t\t\t\t\t\t\t<span class=\"elementor-icon-list-text\"><b>INDIRIZZO: A11<\/b>, 5\u00b0 piano, edificio 5, Digital China Xi'an Science Park, n. 20 Zhangba 4th Road, High-tech Zone, Xi'an, Shaanxi, Cina.  <\/span>\n\t\t\t\t\t\t\t\t\t<\/li>\n\t\t\t\t\t\t<\/ul>\n\t\t\t\t\t\t<\/div>\n\t\t\t\t<\/div>\n\t\t\t\t<\/div>\n\t\t\t\t\t<\/div>\n\t\t\t\t<\/div>\n\t\t\t\t<\/div>\n\t\t","protected":false},"excerpt":{"rendered":"<p>Materiali per batterie su misura Dal laboratorio alla produzione di massa Alimentare il futuro con i materiali per batterie avanzate Con la spinta globale verso la decarbonizzazione, l&#8217;elettrificazione e le tecnologie intelligenti, i materiali delle batterie sono diventati la base dei moderni sistemi energetici. Dai veicoli elettrici (EV) all&#8217;accumulo di energia rinnovabile, dall&#8217;elettronica di consumo [&hellip;]<\/p>\n","protected":false},"author":2,"featured_media":0,"parent":7841,"menu_order":0,"comment_status":"closed","ping_status":"closed","template":"","meta":{"_acf_changed":false,"footnotes":""},"class_list":["post-24866","page","type-page","status-publish","hentry"],"acf":[],"_links":{"self":[{"href":"https:\/\/ulpmat.com\/it\/wp-json\/wp\/v2\/pages\/24866","targetHints":{"allow":["GET"]}}],"collection":[{"href":"https:\/\/ulpmat.com\/it\/wp-json\/wp\/v2\/pages"}],"about":[{"href":"https:\/\/ulpmat.com\/it\/wp-json\/wp\/v2\/types\/page"}],"author":[{"embeddable":true,"href":"https:\/\/ulpmat.com\/it\/wp-json\/wp\/v2\/users\/2"}],"replies":[{"embeddable":true,"href":"https:\/\/ulpmat.com\/it\/wp-json\/wp\/v2\/comments?post=24866"}],"version-history":[{"count":2,"href":"https:\/\/ulpmat.com\/it\/wp-json\/wp\/v2\/pages\/24866\/revisions"}],"predecessor-version":[{"id":24868,"href":"https:\/\/ulpmat.com\/it\/wp-json\/wp\/v2\/pages\/24866\/revisions\/24868"}],"up":[{"embeddable":true,"href":"https:\/\/ulpmat.com\/it\/wp-json\/wp\/v2\/pages\/7841"}],"wp:attachment":[{"href":"https:\/\/ulpmat.com\/it\/wp-json\/wp\/v2\/media?parent=24866"}],"curies":[{"name":"wp","href":"https:\/\/api.w.org\/{rel}","templated":true}]}}