{"id":9948,"date":"2025-07-18T17:15:39","date_gmt":"2025-07-18T09:15:39","guid":{"rendered":"https:\/\/ulpmat.com\/product\/lutetium-metal\/"},"modified":"2025-07-18T17:15:39","modified_gmt":"2025-07-18T09:15:39","slug":"lutetium-metal","status":"publish","type":"product","link":"https:\/\/ulpmat.com\/fr\/produit\/lutetium-metal\/","title":{"rendered":"Lut\u00e9tium m\u00e9tal"},"content":{"rendered":"<h2><span style=\"font-size: 14pt;\">Cible de pulv\u00e9risation en lut\u00e9cium m\u00e9tal <\/span><span style=\"font-size: 14pt;\">Vue d&rsquo;ensemble<\/span><\/h2>\n<p><span style=\"color: #0000ff;\"><a style=\"color: #0000ff;\" href=\"https:\/\/ulpmat.com\/fr\/recherche\/?type=name&#038;keyword=Lutetium+\"><strong>Les cibles de pulv\u00e9risation de lut\u00e9cium m\u00e9tal <\/strong><\/a><\/span>pour le d\u00e9p\u00f4t de couches minces sont des mat\u00e9riaux de haute performance con\u00e7us pour les processus de rev\u00eatement de couches minces de haute pr\u00e9cision. D&rsquo;une puret\u00e9 pouvant atteindre 99,9 %, ces<strong> cibles de pulv\u00e9risation de lut\u00e9cium de haute puret\u00e9<\/strong> offrent une excellente densit\u00e9 et une microstructure uniforme, garantissant la stabilit\u00e9, la compacit\u00e9 et l&rsquo;adh\u00e9rence exceptionnelle du film d\u00e9pos\u00e9. Nos <strong>cibles de pulv\u00e9risation sous vide de lut\u00e9cium m\u00e9tallique<\/strong> r\u00e9duisent efficacement la teneur en impuret\u00e9s, r\u00e9pondent aux exigences strictes des processus de rev\u00eatement de semi-conducteurs et d&rsquo;optiques et sont id\u00e9ales pour l&rsquo;\u00e9lectronique, la photonique et la recherche sur les mat\u00e9riaux avanc\u00e9s.<\/p>\n<p>Nous fournissons du <strong data-start=\"115\" data-end=\"164\">lut\u00e9cium de haute puret\u00e9 <\/strong>personnalis\u00e9 dans une vari\u00e9t\u00e9 de tailles et de formes, y compris rondes et rectangulaires, qui peuvent \u00eatre produites selon les besoins du client. Dot\u00e9s d&rsquo;une assistance technique compl\u00e8te et d&rsquo;un service apr\u00e8s-vente, nous aidons nos clients \u00e0 r\u00e9soudre divers probl\u00e8mes dans les <strong data-start=\"398\" data-end=\"481\">applications de rev\u00eatement et de d\u00e9p\u00f4t de couches minces utilisant des cibles de pulv\u00e9risation de lut\u00e9cium<\/strong>.<\/p>\n<h2><span style=\"font-size: 14pt;\">Produits phares de la cible de pulv\u00e9risation de lut\u00e9cium m\u00e9tallique<\/span><\/h2>\n<p>Haute densit\u00e9, garantissant un d\u00e9p\u00f4t de film uniforme et dense<br \/>\nTaille et forme personnalisables pour r\u00e9pondre aux besoins des diff\u00e9rents \u00e9quipements<br \/>\nService de reliure de cible disponible<br \/>\nSupport technique complet disponible<\/p>\n<h2><span style=\"font-size: 14pt;\">Applications de la <strong>cible de pulv\u00e9risation de lut\u00e9cium m\u00e9tal<\/strong><\/span><\/h2>\n<p>Semi-conducteur : utilis\u00e9 pour le d\u00e9p\u00f4t de couches minces de dispositifs \u00e0 haute performance, offrant d&rsquo;excellentes propri\u00e9t\u00e9s \u00e9lectriques et optiques<br \/>\nMat\u00e9riaux laser : mat\u00e9riaux cl\u00e9s pour les cristaux laser et les films fonctionnels \u00e0 base de lut\u00e9cium<br \/>\nDispositifs opto\u00e9lectroniques : d\u00e9p\u00f4t de films fonctionnels dans les diodes \u00e9lectroluminescentes, les fibres optiques et les capteurs optiques<br \/>\nRev\u00eatements haut de gamme : utilis\u00e9s pour la pr\u00e9paration de films fonctionnels sp\u00e9ciaux, r\u00e9sistants \u00e0 l&rsquo;usure et \u00e0 la corrosion<\/p>\n<h2><span style=\"font-size: 14pt;\">Rapports<\/span><\/h2>\n<p>Nous fournissons des certificats d&rsquo;analyse d\u00e9taill\u00e9s, des fiches de donn\u00e9es de s\u00e9curit\u00e9 et d&rsquo;autres rapports d&rsquo;essai pour chaque lot de cibles de pulv\u00e9risation au lut\u00e9cium, et nous soutenons les essais effectu\u00e9s par des tiers afin de garantir la transparence et la fiabilit\u00e9 de la qualit\u00e9 des produits. N&rsquo;h\u00e9sitez pas \u00e0 nous contacter pour plus d&rsquo;informations techniques.<\/p>\n","protected":false},"excerpt":{"rendered":"<p>Cible de pulv\u00e9risation en lut\u00e9cium m\u00e9tal Vue d&rsquo;ensemble Les cibles de pulv\u00e9risation de lut\u00e9cium m\u00e9tal pour le d\u00e9p\u00f4t de couches minces sont des mat\u00e9riaux de haute performance con\u00e7us pour les processus de rev\u00eatement de couches minces de haute pr\u00e9cision. D&rsquo;une puret\u00e9 pouvant atteindre 99,9 %, ces cibles de pulv\u00e9risation de lut\u00e9cium de haute puret\u00e9 offrent [&hellip;]<\/p>\n","protected":false},"featured_media":6734,"template":"","meta":{"_acf_changed":false},"product_brand":[132],"product_cat":[274],"product_tag":[380,317,381,316,379],"class_list":{"0":"post-9948","1":"product","2":"type-product","3":"status-publish","4":"has-post-thumbnail","6":"product_brand-ulpmat","7":"product_cat-cible-de-pulverisation-metallique","8":"product_tag-cible-de-pulverisation","9":"product_tag-lutetium-fr","10":"product_tag-materiau-de-depot-en-couche-mince","11":"product_tag-materiaux-optiques","12":"product_tag-materiaux-semi-conducteurs","14":"first","15":"instock","16":"shipping-taxable","17":"product-type-variable"},"acf":[],"_links":{"self":[{"href":"https:\/\/ulpmat.com\/fr\/wp-json\/wp\/v2\/product\/9948","targetHints":{"allow":["GET"]}}],"collection":[{"href":"https:\/\/ulpmat.com\/fr\/wp-json\/wp\/v2\/product"}],"about":[{"href":"https:\/\/ulpmat.com\/fr\/wp-json\/wp\/v2\/types\/product"}],"wp:featuredmedia":[{"embeddable":true,"href":"https:\/\/ulpmat.com\/fr\/wp-json\/wp\/v2\/media\/6734"}],"wp:attachment":[{"href":"https:\/\/ulpmat.com\/fr\/wp-json\/wp\/v2\/media?parent=9948"}],"wp:term":[{"taxonomy":"product_brand","embeddable":true,"href":"https:\/\/ulpmat.com\/fr\/wp-json\/wp\/v2\/product_brand?post=9948"},{"taxonomy":"product_cat","embeddable":true,"href":"https:\/\/ulpmat.com\/fr\/wp-json\/wp\/v2\/product_cat?post=9948"},{"taxonomy":"product_tag","embeddable":true,"href":"https:\/\/ulpmat.com\/fr\/wp-json\/wp\/v2\/product_tag?post=9948"}],"curies":[{"name":"wp","href":"https:\/\/api.w.org\/{rel}","templated":true}]}}