{"id":9882,"date":"2025-07-18T17:15:40","date_gmt":"2025-07-18T09:15:40","guid":{"rendered":"https:\/\/ulpmat.com\/product\/iodure-de-lutecium\/"},"modified":"2025-07-18T17:15:40","modified_gmt":"2025-07-18T09:15:40","slug":"iodure-de-lutecium","status":"publish","type":"product","link":"https:\/\/ulpmat.com\/fr\/produit\/iodure-de-lutecium\/","title":{"rendered":"Iodure de lut\u00e9cium"},"content":{"rendered":"<h2><span style=\"font-size: 14pt;\"><strong>Iodure de lut\u00e9cium en poudre <\/strong><\/span><span style=\"font-size: 14pt;\"><strong>Vue d&rsquo;ensemble <\/strong><\/span><\/h2>\n<p><span style=\"color: #0000ff;\"><a style=\"color: #0000ff;\" href=\"https:\/\/ulpmat.com\/fr\/recherche\/?type=name&#038;keyword=LuI3\"><strong>Iodure de lut\u00e9cium <\/strong><strong>en poudre <\/strong><\/a><span style=\"color: #000000;\"> est un compos\u00e9 inorganique con\u00e7u pour des applications haut de gamme. Cette poudre de haute puret\u00e9 est largement utilis\u00e9e dans la pr\u00e9paration des scintillateurs, les mat\u00e9riaux laser, les exp\u00e9riences de recherche scientifique et le <strong>d\u00e9veloppement de poudre d&rsquo;iodure de lut\u00e9cium de qualit\u00e9 \u00e9lectronique<\/strong>. La poudre que nous fournissons a une puret\u00e9 allant jusqu&rsquo;\u00e0 99,99 %, une excellente coh\u00e9rence de la structure cristalline et de faibles niveaux d&rsquo;impuret\u00e9, ce qui en fait le meilleur choix pour les clients ayant des exigences extr\u00eamement \u00e9lev\u00e9es en mati\u00e8re de performance des mat\u00e9riaux.<\/span><\/span><\/p>\n<p>Nous pouvons fournir des <strong data-start=\"144\" data-end=\"183\">poudres de haute puret\u00e9<\/strong> dans diff\u00e9rentes tailles de particules et options d&#8217;emballage, et accepter des demandes personnalis\u00e9es pour r\u00e9pondre \u00e0 diff\u00e9rents objectifs de recherche, de croissance de cristaux optiques ou de production industrielle. Si vous rencontrez des probl\u00e8mes lors de la s\u00e9lection, de la synth\u00e8se ou de l&rsquo;application des mat\u00e9riaux, notre \u00e9quipe technique peut vous fournir une assistance compl\u00e8te et des solutions professionnelles.<\/p>\n<h2><span style=\"font-size: 14pt;\">Caract\u00e9ristiques de la <strong>poudre d&rsquo;iodure de lut\u00e9cium<\/strong><\/span><\/h2>\n<p>Puret\u00e9 : \u226599.99%<\/p>\n<p><strong>Poudre d&rsquo;iodure de lut\u00e9cium de haute qualit\u00e9<\/strong> avec une transparence optique \u00e9lev\u00e9e et une bonne r\u00e9ponse \u00e0 la fluorescence<\/p>\n<p>Distribution granulom\u00e9trique personnalisable<\/p>\n<p>Emballage personnalisable<\/p>\n<h2><span style=\"font-size: 14pt;\">Application de l&rsquo;iodure de lut\u00e9cium en poudre<\/span><\/h2>\n<p>Mat\u00e9riau cristallin scintillant : LuI3:Ce est largement utilis\u00e9 dans la d\u00e9tection des rayons X et des rayons gamma, avec un rendement lumineux \u00e9lev\u00e9 et une excellente r\u00e9solution \u00e9nerg\u00e9tique ;<\/p>\n<p>Mat\u00e9riau pour laser : peut \u00eatre utilis\u00e9 pour les lasers \u00e0 l&rsquo;\u00e9tat solide apr\u00e8s dopage avec des \u00e9l\u00e9ments de terre rare ;<\/p>\n<p>Composants \u00e9lectroniques et opto\u00e9lectroniques : sa densit\u00e9 \u00e9lev\u00e9e et ses caract\u00e9ristiques de faible \u00e9cart \u00e9nerg\u00e9tique conviennent aux d\u00e9tecteurs \u00e0 haute sensibilit\u00e9 ;<\/p>\n<p>Exp\u00e9riences de recherche scientifique : utilis\u00e9 pour la spectroscopie, la physique nucl\u00e9aire et la recherche sur les mat\u00e9riaux.<\/p>\n<h2><span style=\"font-size: 14pt;\">Rapport<\/span><\/h2>\n<p>Chaque lot de produits est accompagn\u00e9 d&rsquo;un certificat d&rsquo;analyse (COA), d&rsquo;une fiche de donn\u00e9es de s\u00e9curit\u00e9 (MSDS) et d&rsquo;une fiche de donn\u00e9es techniques (TDS). Des rapports de tests effectu\u00e9s par des tiers peuvent \u00eatre fournis sur demande.<\/p>\n","protected":false},"excerpt":{"rendered":"<p>Iodure de lut\u00e9cium en poudre Vue d&rsquo;ensemble Iodure de lut\u00e9cium en poudre est un compos\u00e9 inorganique con\u00e7u pour des applications haut de gamme. Cette poudre de haute puret\u00e9 est largement utilis\u00e9e dans la pr\u00e9paration des scintillateurs, les mat\u00e9riaux laser, les exp\u00e9riences de recherche scientifique et le d\u00e9veloppement de poudre d&rsquo;iodure de lut\u00e9cium de qualit\u00e9 \u00e9lectronique. [&hellip;]<\/p>\n","protected":false},"featured_media":6218,"template":"","meta":{"_acf_changed":false},"product_brand":[132],"product_cat":[314,313],"product_tag":[317,315,316],"class_list":{"0":"post-9882","1":"product","2":"type-product","3":"status-publish","4":"has-post-thumbnail","6":"product_brand-ulpmat","7":"product_cat-materiaux-a-base-de-terres-rares","8":"product_cat-materiaux-halogenes","9":"product_tag-lutetium-fr","10":"product_tag-materiaux-halogenes","11":"product_tag-materiaux-optiques","13":"first","14":"instock","15":"shipping-taxable","16":"product-type-variable"},"acf":[],"_links":{"self":[{"href":"https:\/\/ulpmat.com\/fr\/wp-json\/wp\/v2\/product\/9882","targetHints":{"allow":["GET"]}}],"collection":[{"href":"https:\/\/ulpmat.com\/fr\/wp-json\/wp\/v2\/product"}],"about":[{"href":"https:\/\/ulpmat.com\/fr\/wp-json\/wp\/v2\/types\/product"}],"wp:featuredmedia":[{"embeddable":true,"href":"https:\/\/ulpmat.com\/fr\/wp-json\/wp\/v2\/media\/6218"}],"wp:attachment":[{"href":"https:\/\/ulpmat.com\/fr\/wp-json\/wp\/v2\/media?parent=9882"}],"wp:term":[{"taxonomy":"product_brand","embeddable":true,"href":"https:\/\/ulpmat.com\/fr\/wp-json\/wp\/v2\/product_brand?post=9882"},{"taxonomy":"product_cat","embeddable":true,"href":"https:\/\/ulpmat.com\/fr\/wp-json\/wp\/v2\/product_cat?post=9882"},{"taxonomy":"product_tag","embeddable":true,"href":"https:\/\/ulpmat.com\/fr\/wp-json\/wp\/v2\/product_tag?post=9882"}],"curies":[{"name":"wp","href":"https:\/\/api.w.org\/{rel}","templated":true}]}}