{"id":54775,"date":"2026-04-10T15:50:11","date_gmt":"2026-04-10T07:50:11","guid":{"rendered":"https:\/\/ulpmat.com\/product\/pyrophosphate-de-fer-sodique-nfpp\/"},"modified":"2026-04-10T15:50:11","modified_gmt":"2026-04-10T07:50:11","slug":"pyrophosphate-de-fer-sodique-nfpp","status":"publish","type":"product","link":"https:\/\/ulpmat.com\/fr\/produit\/pyrophosphate-de-fer-sodique-nfpp\/","title":{"rendered":"Pyrophosphate de fer sodique (NFPP)"},"content":{"rendered":"<h2><span style=\"font-size: 14pt;\">Aper\u00e7u de la poudre de pyrophosphate de fer sodique (NFPP)<\/span><\/h2>\n<p>Le phosphate ferrique de sodium (Na\u2084Fe\u2083(PO\u2084)\u2082P\u2082O\u2087, NFPP) est un mat\u00e9riau de cathode avanc\u00e9 pour les syst\u00e8mes de batteries sodium-ion. Dot\u00e9 d&rsquo;une structure stable de phosphate-pyrophosphate mixte, le NFPP offre une excellente stabilit\u00e9 thermique, une grande int\u00e9grit\u00e9 structurelle et des performances fiables en mati\u00e8re de stockage d&rsquo;ions sodium.<\/p>\n<p>Par rapport aux mat\u00e9riaux conventionnels \u00e0 base de phosphate de fer, le NFPP combine les avantages des chimies du phosphate et du pyrophosphate, ce qui permet d&rsquo;am\u00e9liorer la densit\u00e9 \u00e9nerg\u00e9tique, la dur\u00e9e de vie des cycles et la s\u00e9curit\u00e9. Il est largement utilis\u00e9 dans les batteries sodium-ion, les syst\u00e8mes de stockage d&rsquo;\u00e9nergie hybrides et les applications de stockage d&rsquo;\u00e9nergie stationnaire \u00e0 grande \u00e9chelle.<\/p>\n<p>Nous fournissons des poudres NFPP de haute puret\u00e9 dont la taille des particules, la morphologie, la densit\u00e9 de piquage, le rev\u00eatement de carbone et l&rsquo;am\u00e9lioration de la conductivit\u00e9 sont personnalisables afin de r\u00e9pondre aux diff\u00e9rentes exigences en mati\u00e8re de fabrication et de performance des batteries. <span style=\"color: #0000ff;\"><a style=\"color: #0000ff;\" href=\"https:\/\/ulpmat.com\/fr\/contactez-nous\/\">Contactez nous pour en savoir plus sur nos solutions de personnalisation<\/a><\/span> pour en savoir plus sur nos solutions de personnalisation.<\/p>\n<h2><span style=\"font-size: 14pt;\">Points forts du produit<\/span><\/h2>\n<ul>\n<li>Structure cristalline stable de phosphate-pyrophosphate mixte<\/li>\n<li>Excellente stabilit\u00e9 thermique et \u00e9lectrochimique<\/li>\n<li>Densit\u00e9 \u00e9nerg\u00e9tique sup\u00e9rieure \u00e0 celle des mat\u00e9riaux conventionnels \u00e0 base de phosphate de fer<\/li>\n<li>Longue dur\u00e9e de vie et performances exceptionnelles en mati\u00e8re de s\u00e9curit\u00e9<\/li>\n<li>Capacit\u00e9 de transport rapide des ions sodium<\/li>\n<li>Grande puret\u00e9 et distribution uniforme de la taille des particules<\/li>\n<li>Rev\u00eatement de carbone et am\u00e9lioration de la conductivit\u00e9 disponibles<\/li>\n<li>Propri\u00e9t\u00e9s \u00e9lectrochimiques personnalisables pour diff\u00e9rents syst\u00e8mes de batteries<\/li>\n<\/ul>\n<h2><span style=\"font-size: 14pt;\">Caract\u00e9ristiques typiques des mat\u00e9riaux<\/span><\/h2>\n<table style=\"border-collapse: collapse; width: 68.3125%; height: 223px;\">\n<tbody>\n<tr style=\"height: 31px;\">\n<td style=\"width: 25.608%; height: 31px;\"><strong>Propri\u00e9t\u00e9<\/strong><\/td>\n<td style=\"width: 42.7045%; height: 31px;\"><strong>Valeur typique<\/strong><\/td>\n<\/tr>\n<tr style=\"height: 24px;\">\n<td style=\"width: 25.608%; height: 24px;\">Formule chimique<\/td>\n<td style=\"width: 42.7045%; height: 24px;\">Na\u2084Fe\u2083(PO\u2084)\u2082P\u2082O\u2087<\/td>\n<\/tr>\n<tr style=\"height: 24px;\">\n<td style=\"width: 25.608%; height: 24px;\">Abr\u00e9viation<\/td>\n<td style=\"width: 42.7045%; height: 24px;\">NFPP<\/td>\n<\/tr>\n<tr style=\"height: 24px;\">\n<td style=\"width: 25.608%; height: 24px;\">Aspect<\/td>\n<td style=\"width: 42.7045%; height: 24px;\">Poudre grise \u00e0 noire<\/td>\n<\/tr>\n<tr style=\"height: 24px;\">\n<td style=\"width: 25.608%; height: 24px;\">Structure cristalline<\/td>\n<td style=\"width: 42.7045%; height: 24px;\">Structure mixte phosphate-pyrophosphate<\/td>\n<\/tr>\n<tr style=\"height: 24px;\">\n<td style=\"width: 25.608%; height: 24px;\">Couple redox principal<\/td>\n<td style=\"width: 42.7045%; height: 24px;\">Fe\u00b2\u207a \/ Fe\u00b3\u207a<\/td>\n<\/tr>\n<tr style=\"height: 24px;\">\n<td style=\"width: 25.608%; height: 24px;\">Densit\u00e9 du robinet<\/td>\n<td style=\"width: 42.7045%; height: 24px;\">Personnalisable<\/td>\n<\/tr>\n<tr style=\"height: 24px;\">\n<td style=\"width: 25.608%; height: 24px;\">Taille des particules<\/td>\n<td style=\"width: 42.7045%; height: 24px;\">Personnalisable<\/td>\n<\/tr>\n<tr style=\"height: 24px;\">\n<td style=\"width: 25.608%; height: 24px;\">Modification de la surface<\/td>\n<td style=\"width: 42.7045%; height: 24px;\">Rev\u00eatement de carbone \/ Am\u00e9lioration de la conductivit\u00e9 disponible<\/td>\n<\/tr>\n<\/tbody>\n<\/table>\n<h2><span style=\"font-size: 14pt;\">Options de personnalisation<\/span><\/h2>\n<p>Pour r\u00e9pondre aux diff\u00e9rentes exigences en mati\u00e8re de traitement des batteries, nous offrons les services suivants<\/p>\n<ul>\n<li>Ajustement de la taille des particules<\/li>\n<li>Contr\u00f4le de la morphologie des particules<\/li>\n<li>Optimisation de la densit\u00e9 de piquage<\/li>\n<li>Modification du rev\u00eatement de carbone<\/li>\n<li>Am\u00e9lioration de la conductivit\u00e9<\/li>\n<li>Rapport sodium\/fer personnalis\u00e9 et contr\u00f4le de la phase cristalline<\/li>\n<\/ul>\n<h2><span style=\"font-size: 14pt;\">Applications du <\/span><span style=\"font-size: 14pt;\">Pyrophosphate ferrique de sodium<\/span><span style=\"font-size: 14pt;\"> Poudre<\/span><\/h2>\n<p><strong>Mat\u00e9riaux pour cathodes de batteries sodium-ion :<\/strong> Convient aux batteries sodium-ion de haute s\u00e9curit\u00e9 avec une densit\u00e9 \u00e9nerg\u00e9tique am\u00e9lior\u00e9e et une longue dur\u00e9e de vie.<\/p>\n<p><strong>Syst\u00e8mes de stockage d&rsquo;\u00e9nergie en r\u00e9seau :<\/strong> Appliqu\u00e9s au stockage des \u00e9nergies renouvelables, \u00e0 l&rsquo;\u00e9cr\u00eatement des pointes et aux syst\u00e8mes d&rsquo;\u00e9quilibrage des charges.<\/p>\n<p><strong>Batteries industrielles et stationnaires :<\/strong> Utilis\u00e9es dans les syst\u00e8mes d&rsquo;alimentation de secours, les stations de base de t\u00e9l\u00e9communications et le stockage d&rsquo;\u00e9nergie distribu\u00e9e.<\/p>\n<p><strong>Dispositifs de stockage d&rsquo;\u00e9nergie hybride :<\/strong> Convient aux condensateurs sodium-ion et aux syst\u00e8mes de batteries hybrides n\u00e9cessitant des performances \u00e9quilibr\u00e9es en termes de puissance et d&rsquo;\u00e9nergie.<\/p>\n<h2><span style=\"color: #0000ff;\"><a style=\"color: #0000ff;\" href=\"https:\/\/ulpmat.com\/fr\/societe\/faq\/\"><span style=\"font-size: 14pt;\">FAQ<\/span><\/a><\/span><\/h2>\n<p>Q1 : Qu&rsquo;est-ce que le NFPP ?<br \/>\nR1 : Na\u2084Fe\u2083(PO\u2084)\u2082P\u2082O\u2087 est un mat\u00e9riau de cathode de batterie sodium-ion \u00e0 base de phosphate-pyrophosphate mixte, dot\u00e9 d&rsquo;un cadre polyanion stable et de multiples centres d&rsquo;oxydor\u00e9duction du fer.<\/p>\n<p>Q2 : \u00c0 quoi sert principalement le NFPP ?<br \/>\nR2 : Le NFPP est principalement utilis\u00e9 dans les cathodes de batteries sodium-ion, le stockage d&rsquo;\u00e9nergie \u00e0 grande \u00e9chelle, les syst\u00e8mes d&rsquo;\u00e9nergie renouvelable, l&rsquo;alimentation de secours et les dispositifs hybrides condensateur-batterie.<\/p>\n<p>Q3 : Peut-il \u00eatre personnalis\u00e9 ?<br \/>\nR3 : Oui. Nous pouvons personnaliser la taille des particules, le rev\u00eatement de carbone, la morphologie, la densit\u00e9 de piquage et l&rsquo;am\u00e9lioration de la conductivit\u00e9 en fonction des exigences sp\u00e9cifiques de conception des batteries.<\/p>\n<p>Q4 : Quels sont les avantages du NFPP ?<br \/>\nR : Il offre une excellente s\u00e9curit\u00e9, une structure cristalline stable, une longue dur\u00e9e de vie et une densit\u00e9 \u00e9nerg\u00e9tique plus \u00e9lev\u00e9e que de nombreux mat\u00e9riaux cathodiques conventionnels \u00e0 base de fer.<\/p>\n<h2><span style=\"font-size: 14pt;\">Rapports<\/span><\/h2>\n<p>Chaque lot comprend<br \/>\n<span style=\"color: #0000ff;\"><a style=\"color: #0000ff;\" href=\"https:\/\/ulpmat.com\/fr\/documents\/certificat-danalyse\/\"><u>Un certificat d&rsquo;analyse (COA)<\/u><\/a><\/span><br \/>\n<span style=\"color: #0000ff;\"><a style=\"color: #0000ff;\" href=\"https:\/\/ulpmat.com\/fr\/documents\/fiche-technique\/\"><u>Fiche technique (TDS)<\/u><\/a><\/span><br \/>\n<span style=\"color: #0000ff;\"><a style=\"color: #0000ff;\" href=\"https:\/\/ulpmat.com\/fr\/documents\/fiche-de-donnees-de-securite\/\"><u>Fiche de donn\u00e9es de s\u00e9curit\u00e9 (FDS)<\/u><\/a><\/span><br \/>\nRapport d&rsquo;inspection de la taille<br \/>\nRapports d&rsquo;essais de tiers en option<\/p>\n<h2><span style=\"font-size: 14pt;\">Pourquoi nous choisir ?<\/span><\/h2>\n<p>Nos mat\u00e9riaux NFPP sont sp\u00e9cifiquement d\u00e9velopp\u00e9s pour les applications des batteries sodium-ion de nouvelle g\u00e9n\u00e9ration. Gr\u00e2ce \u00e0 une technologie de synth\u00e8se avanc\u00e9e, un contr\u00f4le de qualit\u00e9 strict et une capacit\u00e9 de personnalisation flexible, nous fournissons des produits tr\u00e8s coh\u00e9rents avec d&rsquo;excellentes performances \u00e9lectrochimiques.<\/p>\n<p>Nous aidons nos clients \u00e0 optimiser la s\u00e9curit\u00e9, la dur\u00e9e de vie, la conductivit\u00e9 et la rentabilit\u00e9 globale des batteries gr\u00e2ce \u00e0 des solutions mat\u00e9rielles sur mesure et \u00e0 une assistance technique fiable.<\/p>\n","protected":false},"excerpt":{"rendered":"<p>Aper\u00e7u de la poudre de pyrophosphate de fer sodique (NFPP) Le phosphate ferrique de sodium (Na\u2084Fe\u2083(PO\u2084)\u2082P\u2082O\u2087, NFPP) est un mat\u00e9riau de cathode avanc\u00e9 pour les syst\u00e8mes de batteries sodium-ion. Dot\u00e9 d&rsquo;une structure stable de phosphate-pyrophosphate mixte, le NFPP offre une excellente stabilit\u00e9 thermique, une grande int\u00e9grit\u00e9 structurelle et des performances fiables en mati\u00e8re de stockage [&hellip;]<\/p>\n","protected":false},"featured_media":54759,"template":"","meta":{"_acf_changed":false},"product_brand":[],"product_cat":[921,920],"product_tag":[922],"class_list":{"0":"post-54775","1":"product","2":"type-product","3":"status-publish","4":"has-post-thumbnail","6":"product_cat-materiaux-de-la-batterie","7":"product_cat-materiaux-de-dopage-pour-batteries","8":"product_tag-materiaux-de-la-batterie","10":"first","11":"instock","12":"shipping-taxable","13":"purchasable","14":"product-type-variable"},"acf":[],"_links":{"self":[{"href":"https:\/\/ulpmat.com\/fr\/wp-json\/wp\/v2\/product\/54775","targetHints":{"allow":["GET"]}}],"collection":[{"href":"https:\/\/ulpmat.com\/fr\/wp-json\/wp\/v2\/product"}],"about":[{"href":"https:\/\/ulpmat.com\/fr\/wp-json\/wp\/v2\/types\/product"}],"wp:featuredmedia":[{"embeddable":true,"href":"https:\/\/ulpmat.com\/fr\/wp-json\/wp\/v2\/media\/54759"}],"wp:attachment":[{"href":"https:\/\/ulpmat.com\/fr\/wp-json\/wp\/v2\/media?parent=54775"}],"wp:term":[{"taxonomy":"product_brand","embeddable":true,"href":"https:\/\/ulpmat.com\/fr\/wp-json\/wp\/v2\/product_brand?post=54775"},{"taxonomy":"product_cat","embeddable":true,"href":"https:\/\/ulpmat.com\/fr\/wp-json\/wp\/v2\/product_cat?post=54775"},{"taxonomy":"product_tag","embeddable":true,"href":"https:\/\/ulpmat.com\/fr\/wp-json\/wp\/v2\/product_tag?post=54775"}],"curies":[{"name":"wp","href":"https:\/\/api.w.org\/{rel}","templated":true}]}}