{"id":54763,"date":"2026-04-08T15:28:52","date_gmt":"2026-04-08T07:28:52","guid":{"rendered":"https:\/\/ulpmat.com\/product\/phosphate-de-sodium-et-de-vanadium\/"},"modified":"2026-04-08T15:28:52","modified_gmt":"2026-04-08T07:28:52","slug":"phosphate-de-sodium-et-de-vanadium","status":"publish","type":"product","link":"https:\/\/ulpmat.com\/fr\/produit\/phosphate-de-sodium-et-de-vanadium\/","title":{"rendered":"Phosphate de sodium et de vanadium"},"content":{"rendered":"<h2><span style=\"font-size: 14pt;\">Aper\u00e7u de la poudre de phosphate de sodium vanadium enrob\u00e9e de carbone<\/span><\/h2>\n<p>Le phosphate de sodium et de vanadium enrob\u00e9 de carbone (Na\u2083V\u2082(PO\u2084)\u2083\/C) est un mat\u00e9riau de cathode haute performance pour les syst\u00e8mes de batteries sodium-ion. Dot\u00e9 d&rsquo;une structure cristalline stable de type NASICON et d&rsquo;un rev\u00eatement de carbone conducteur uniforme, il assure un transport rapide des ions sodium, une conductivit\u00e9 \u00e9lectronique am\u00e9lior\u00e9e, une excellente capacit\u00e9 de d\u00e9bit et une longue stabilit\u00e9 de cyclage.<\/p>\n<p>La couche de carbone conducteur am\u00e9liore consid\u00e9rablement la faible conductivit\u00e9 intrins\u00e8que du Na\u2083V\u2082(PO\u2084)\u2083, ce qui rend le phosphate de vanadium sodique enrob\u00e9 de carbone particuli\u00e8rement adapt\u00e9 aux batteries sodium-ion \u00e0 haute puissance, \u00e0 charge rapide et \u00e0 longue dur\u00e9e de vie.<\/p>\n<p>Nous proposons des poudres de phosphate de sodium vanadium enrob\u00e9es de carbone dont la teneur en carbone, la taille des particules, la morphologie, la densit\u00e9 et l&rsquo;am\u00e9lioration de la conductivit\u00e9 sont personnalisables afin de r\u00e9pondre aux diff\u00e9rentes exigences de fabrication des batteries. <span style=\"color: #0000ff;\"><a style=\"color: #0000ff;\" href=\"https:\/\/ulpmat.com\/fr\/contactez-nous\/\">Contactez nous pour en savoir plus sur notre processus de personnalisation<\/a><\/span> pour en savoir plus sur notre processus de personnalisation.<\/p>\n<h2><span style=\"font-size: 14pt;\">Points forts du produit<\/span><\/h2>\n<ul>\n<li>Structure cristalline stable de type NASICON<\/li>\n<li>\n<p>Rev\u00eatement uniforme de carbone conducteur<\/li>\n<li>\n<p>Capacit\u00e9 de transport rapide des ions sodium<\/li>\n<li>\n<p>Excellente performance en termes de taux et longue dur\u00e9e de vie<\/li>\n<li>\n<p>Conductivit\u00e9 \u00e9lectronique am\u00e9lior\u00e9e<\/li>\n<li>\n<p>Grande puret\u00e9 et distribution uniforme de la taille des particules<\/li>\n<li>\n<p>Bonne stabilit\u00e9 thermique et s\u00e9curit\u00e9<\/li>\n<li>\n<p>Teneur en carbone et propri\u00e9t\u00e9s \u00e9lectrochimiques personnalisables<\/li>\n<\/ul>\n<h2><span style=\"font-size: 14pt;\">Caract\u00e9ristiques typiques des mat\u00e9riaux<\/span><\/h2>\n<table style=\"border-collapse: collapse; width: 52.7634%; height: 201px;\">\n<tbody>\n<tr style=\"height: 33px;\">\n<td style=\"width: 23.4709%; height: 33px;\"><strong>Propri\u00e9t\u00e9<\/strong><\/td>\n<td style=\"width: 29.2925%; height: 33px;\"><strong>Valeur typique<\/strong><\/td>\n<\/tr>\n<tr style=\"height: 24px;\">\n<td style=\"width: 23.4709%; height: 24px;\">Formule chimique<\/td>\n<td style=\"width: 29.2925%; height: 24px;\">Na\u2083V\u2082(PO\u2084)\u2083\/C<\/td>\n<\/tr>\n<tr style=\"height: 24px;\">\n<td style=\"width: 23.4709%; height: 24px;\">Aspect<\/td>\n<td style=\"width: 29.2925%; height: 24px;\">Poudre gris fonc\u00e9 \u00e0 noire<\/td>\n<\/tr>\n<tr style=\"height: 24px;\">\n<td style=\"width: 23.4709%; height: 24px;\">Structure cristalline<\/td>\n<td style=\"width: 29.2925%; height: 24px;\">Type NASICON, rhombo\u00e9drique<\/td>\n<\/tr>\n<tr style=\"height: 24px;\">\n<td style=\"width: 23.4709%; height: 24px;\">Groupe spatial<\/td>\n<td style=\"width: 29.2925%; height: 24px;\">R-3c<\/td>\n<\/tr>\n<tr style=\"height: 24px;\">\n<td style=\"width: 23.4709%; height: 24px;\">Teneur en carbone<\/td>\n<td style=\"width: 29.2925%; height: 24px;\">Personnalisable (g\u00e9n\u00e9ralement de 2 \u00e0 6 % en poids)<\/td>\n<\/tr>\n<tr style=\"height: 24px;\">\n<td style=\"width: 23.4709%; height: 24px;\">Taille des particules<\/td>\n<td style=\"width: 29.2925%; height: 24px;\">Personnalisable<\/td>\n<\/tr>\n<tr style=\"height: 24px;\">\n<td style=\"width: 23.4709%; height: 24px;\">Modification de la surface<\/td>\n<td style=\"width: 29.2925%; height: 24px;\">Rev\u00eatement de carbone conducteur<\/td>\n<\/tr>\n<\/tbody>\n<\/table>\n<h2><span style=\"font-size: 14pt;\">Options de personnalisation<\/span><\/h2>\n<p>Pour r\u00e9pondre aux diff\u00e9rentes exigences du processus de fabrication des batteries, nous offrons les services suivants<\/p>\n<ul>\n<li>Ajustement de la teneur en carbone<\/li>\n<li>Optimisation de la taille des particules<\/li>\n<li>Contr\u00f4le de la morphologie<\/li>\n<li>Ajustement de la densit\u00e9 de piquage<\/li>\n<li>Am\u00e9lioration de la conductivit\u00e9<\/li>\n<li>Performance \u00e9lectrochimique personnalis\u00e9e<\/li>\n<\/ul>\n<h2><span style=\"font-size: 14pt;\">Applications de la poudre de phosphate de sodium et de vanadium <\/span><span style=\"font-size: 14pt;\">Poudre de phosphate de sodium et de vanadium<\/span><\/h2>\n<p><strong>Mat\u00e9riaux de cathode pour batteries sodium-ion :<\/strong> Largement utilis\u00e9 comme mat\u00e9riau de cathode pour les batteries sodium-ion n\u00e9cessitant une capacit\u00e9 de taux \u00e9lev\u00e9e et une stabilit\u00e9 de cycle \u00e0 long terme.<\/p>\n<p><strong>Syst\u00e8mes hybrides de condensateurs et de batteries :<\/strong> Convient aux condensateurs sodium-ion et aux dispositifs de stockage d&rsquo;\u00e9nergie hybrides n\u00e9cessitant \u00e0 la fois une puissance de sortie \u00e9lev\u00e9e et une longue dur\u00e9e de vie.<\/p>\n<p><strong>Syst\u00e8mes de stockage d&rsquo;\u00e9nergie \u00e0 grande \u00e9chelle :<\/strong> Applicable au stockage de l&rsquo;\u00e9nergie en r\u00e9seau, \u00e0 l&rsquo;int\u00e9gration des \u00e9nergies renouvelables et aux syst\u00e8mes d&rsquo;alimentation de secours.<\/p>\n<p><strong>Dispositifs de stockage d&rsquo;\u00e9nergie \u00e0 haute puissance :<\/strong> Id\u00e9al pour les applications n\u00e9cessitant une charge\/d\u00e9charge rapide et des performances \u00e9lectrochimiques stables.<\/p>\n<h2><span style=\"color: #0000ff;\"><a style=\"color: #0000ff;\" href=\"https:\/\/ulpmat.com\/fr\/societe\/faq\/\"><span style=\"font-size: 14pt;\">FAQ<\/span><\/a><\/span><\/h2>\n<p>Q1 : Qu&rsquo;est-ce que le phosphate de sodium et de vanadium enrob\u00e9 de carbone ?<br \/>\nR : Le phosphate de vanadium sodique enrob\u00e9 de carbone est un phosphate de Na\u2083V\u2082(PO\u2084)\u2083 enrob\u00e9 d&rsquo;une couche de carbone conductrice afin d&rsquo;am\u00e9liorer la conductivit\u00e9 \u00e9lectronique et les performances de la batterie.<\/p>\n<p>Q2 : Quels sont les avantages du phosphate de sodium et de vanadium enrob\u00e9 de carbone ?<br \/>\nR : Il offre un transport rapide des ions sodium, une conductivit\u00e9 am\u00e9lior\u00e9e, une excellente capacit\u00e9 de d\u00e9bit, une longue dur\u00e9e de vie et une grande s\u00e9curit\u00e9.<\/p>\n<p>Q3 : \u00c0 quoi sert-il principalement ?<br \/>\nR : Il est principalement utilis\u00e9 dans les cathodes des batteries sodium-ion, les condensateurs hybrides et les syst\u00e8mes de stockage d&rsquo;\u00e9nergie \u00e0 grande \u00e9chelle.<\/p>\n<p>Q4 : La teneur en carbone peut-elle \u00eatre personnalis\u00e9e ?<br \/>\nR : Oui. Nous proposons des niveaux de rev\u00eatement de carbone personnalisables, g\u00e9n\u00e9ralement de 2 \u00e0 6 % en poids, en fonction des diff\u00e9rentes exigences de performance des batteries.<\/p>\n<h2><span style=\"font-size: 14pt;\">Rapports<\/span><\/h2>\n<p>Chaque lot comprend<br \/>\n<span style=\"color: #0000ff;\"><a style=\"color: #0000ff;\" href=\"https:\/\/ulpmat.com\/fr\/documents\/certificat-danalyse\/\"><u>Un certificat d&rsquo;analyse (COA)<\/u><\/a><\/span><br \/>\n<span style=\"color: #0000ff;\"><a style=\"color: #0000ff;\" href=\"https:\/\/ulpmat.com\/fr\/documents\/fiche-technique\/\"><u>Fiche technique (TDS)<\/u><\/a><\/span><br \/>\n<span style=\"color: #0000ff;\"><a style=\"color: #0000ff;\" href=\"https:\/\/ulpmat.com\/fr\/documents\/fiche-de-donnees-de-securite\/\"><u>Fiche de donn\u00e9es de s\u00e9curit\u00e9 (FDS)<\/u><\/a><\/span><br \/>\nRapport d&rsquo;inspection de la taille<br \/>\nRapports d&rsquo;essais de tiers disponibles sur demande<\/p>\n<h2><span style=\"font-size: 14pt;\">Pourquoi nous choisir ?<\/span><\/h2>\n<p>Nos mat\u00e9riaux de phosphate de sodium et de vanadium enrob\u00e9s de carbone sont sp\u00e9cialement con\u00e7us pour les applications des batteries sodium-ion de la prochaine g\u00e9n\u00e9ration. Gr\u00e2ce \u00e0 une technologie avanc\u00e9e de rev\u00eatement du carbone et \u00e0 un contr\u00f4le strict de la qualit\u00e9, nous fournissons des mat\u00e9riaux pr\u00e9sentant une excellente conductivit\u00e9, des performances \u00e9lectrochimiques stables et une qualit\u00e9 de produit constante.<\/p>\n<p>Nous proposons une personnalisation flexible et un service technique fiable pour aider les clients \u00e0 d\u00e9velopper des syst\u00e8mes de batteries sodium-ion performants, s\u00fbrs et rentables.<\/p>\n","protected":false},"excerpt":{"rendered":"<p>Aper\u00e7u de la poudre de phosphate de sodium vanadium enrob\u00e9e de carbone Le phosphate de sodium et de vanadium enrob\u00e9 de carbone (Na\u2083V\u2082(PO\u2084)\u2083\/C) est un mat\u00e9riau de cathode haute performance pour les syst\u00e8mes de batteries sodium-ion. Dot\u00e9 d&rsquo;une structure cristalline stable de type NASICON et d&rsquo;un rev\u00eatement de carbone conducteur uniforme, il assure un transport [&hellip;]<\/p>\n","protected":false},"featured_media":54723,"template":"","meta":{"_acf_changed":false},"product_brand":[],"product_cat":[921,920],"product_tag":[922],"class_list":{"0":"post-54763","1":"product","2":"type-product","3":"status-publish","4":"has-post-thumbnail","6":"product_cat-materiaux-de-la-batterie","7":"product_cat-materiaux-de-dopage-pour-batteries","8":"product_tag-materiaux-de-la-batterie","10":"first","11":"instock","12":"shipping-taxable","13":"purchasable","14":"product-type-variable"},"acf":[],"_links":{"self":[{"href":"https:\/\/ulpmat.com\/fr\/wp-json\/wp\/v2\/product\/54763","targetHints":{"allow":["GET"]}}],"collection":[{"href":"https:\/\/ulpmat.com\/fr\/wp-json\/wp\/v2\/product"}],"about":[{"href":"https:\/\/ulpmat.com\/fr\/wp-json\/wp\/v2\/types\/product"}],"wp:featuredmedia":[{"embeddable":true,"href":"https:\/\/ulpmat.com\/fr\/wp-json\/wp\/v2\/media\/54723"}],"wp:attachment":[{"href":"https:\/\/ulpmat.com\/fr\/wp-json\/wp\/v2\/media?parent=54763"}],"wp:term":[{"taxonomy":"product_brand","embeddable":true,"href":"https:\/\/ulpmat.com\/fr\/wp-json\/wp\/v2\/product_brand?post=54763"},{"taxonomy":"product_cat","embeddable":true,"href":"https:\/\/ulpmat.com\/fr\/wp-json\/wp\/v2\/product_cat?post=54763"},{"taxonomy":"product_tag","embeddable":true,"href":"https:\/\/ulpmat.com\/fr\/wp-json\/wp\/v2\/product_tag?post=54763"}],"curies":[{"name":"wp","href":"https:\/\/api.w.org\/{rel}","templated":true}]}}