{"id":54673,"date":"2026-04-08T10:28:12","date_gmt":"2026-04-08T02:28:12","guid":{"rendered":"https:\/\/ulpmat.com\/product\/phosphate-de-sodium-et-de-titane\/"},"modified":"2026-04-08T10:28:12","modified_gmt":"2026-04-08T02:28:12","slug":"phosphate-de-sodium-et-de-titane","status":"publish","type":"product","link":"https:\/\/ulpmat.com\/fr\/produit\/phosphate-de-sodium-et-de-titane\/","title":{"rendered":"Phosphate de sodium et de titane"},"content":{"rendered":"<h2><span style=\"font-size: 14pt;\">Pr\u00e9sentation de la poudre de<\/span><\/h2>\n<p>phosphate <\/p>\n<h2><span style=\"font-size: 14pt;\">de sodium<\/span><\/h2>\n<p>et <\/p>\n<h2><span style=\"font-size: 14pt;\">de titane<\/span><\/h2>\n<p>Le phosphate de sodium et de titane est un mat\u00e9riau d&rsquo;\u00e9lectrode essentiel pour les syst\u00e8mes de batteries aqueuses. Il se caract\u00e9rise par une structure de type NASICON stable, une capacit\u00e9 de transport rapide des ions sodium et une excellente stabilit\u00e9 cyclique dans les \u00e9lectrolytes \u00e0 base d&rsquo;eau. Il est largement utilis\u00e9 dans les batteries sodium-ion aqueuses, les batteries hybrides ioniques et d&rsquo;autres syst\u00e8mes de stockage d&rsquo;\u00e9nergie s\u00fbrs et \u00e9conomiques.<\/p>\n<p>Nous proposons des mat\u00e9riaux \u00e0 base de phosphate de sodium et de titane pr\u00e9sentant divers rapports sodium\/titane et structures cristallines, et offrons des services de personnalisation de la taille des particules, de la morphologie, de la densit\u00e9 apparente, du rev\u00eatement de carbone et d&rsquo;am\u00e9lioration de la conductivit\u00e9 afin de r\u00e9pondre aux diff\u00e9rentes exigences des processus de fabrication des batteries. <span style=\"color: #0000ff;\"><a style=\"color: #0000ff;\" href=\"https:\/\/ulpmat.com\/fr\/contactez-nous\/\">Contactez-nous<\/a><\/span><br \/>\npour en savoir plus sur notre processus de personnalisation.<\/p>\n<h2><span style=\"font-size: 14pt;\">Points forts du produit<\/span><\/h2>\n<ul>\n<li>Excellente stabilit\u00e9 structurelle<\/li>\n<li>Bonne conductivit\u00e9 ionique<\/li>\n<li>Composition et structure ajustables<\/li>\n<li>Haute puret\u00e9 et granulom\u00e9trie uniforme<\/li>\n<li>S\u00e9curit\u00e9 \u00e9lev\u00e9e et faible co\u00fbt<\/li>\n<li>Propri\u00e9t\u00e9s \u00e9lectrochimiques personnalisables<\/li>\n<\/ul>\n<h2><span style=\"font-size: 14pt;\">Applications de <\/span><span style=\"font-size: 14pt;\">la poudre de phosphate de sodium et de titane<\/span><\/h2>\n<p><strong>Mat\u00e9riaux d&rsquo;anode pour batteries sodium-ion aqueuses :<\/strong><br \/>\nutilis\u00e9s comme mat\u00e9riau d&rsquo;anode hautement stable pour les batteries sodium-ion aqueuses, offrant une longue dur\u00e9e de vie et une capacit\u00e9 de charge \u00e0 haut d\u00e9bit.<\/p>\n<p><strong>Syst\u00e8mes hybrides de condensateurs et de batteries :<\/strong><br \/>\nConvient aux condensateurs sodium-ion aqueux et aux dispositifs hybrides de stockage d&rsquo;\u00e9nergie n\u00e9cessitant \u00e0 la fois une puissance \u00e9lev\u00e9e et une grande durabilit\u00e9 cyclique.<\/p>\n<p><strong>Stockage d&rsquo;\u00e9nergie \u00e0 grande \u00e9chelle :<\/strong><br \/>\nApplicable au stockage d&rsquo;\u00e9nergie sur r\u00e9seau, \u00e0 l&rsquo;int\u00e9gration des \u00e9nergies renouvelables et aux syst\u00e8mes d&rsquo;alimentation de secours o\u00f9 la s\u00e9curit\u00e9 et la longue dur\u00e9e de vie sont essentielles.<\/p>\n<h2><span style=\"color: #0000ff;\"><a style=\"color: #0000ff;\" href=\"https:\/\/ulpmat.com\/fr\/societe\/faq\/\"><span style=\"font-size: 14pt;\">FAQ<\/span><\/a><\/span><\/h2>\n<p>Q1 : Qu&rsquo;est-ce que le phosphate de sodium et de titane ?<br \/>\nR1 : Le phosphate de sodium et de titane est un mat\u00e9riau inorganique compos\u00e9 de sodium, de titane et de phosphore, dont la formule chimique est NaTi\u2082(PO\u2084)\u2083. Il pr\u00e9sente une bonne conductivit\u00e9 ionique du sodium et une bonne stabilit\u00e9 structurelle, et est principalement utilis\u00e9 dans les batteries sodium-ion aqueuses, les \u00e9lectrolytes solides et les mat\u00e9riaux d&rsquo;\u00e9change d&rsquo;ions.<\/p>\n<p>Q2 : \u00c0 quoi sert le phosphate de sodium et de titane ?<br \/>\nR2 : Il est principalement utilis\u00e9 dans les domaines des anodes de batteries sodium-ion aqueuses, des \u00e9lectrolytes solides, de l&rsquo;\u00e9change d&rsquo;ions, du traitement de l&rsquo;eau et des mat\u00e9riaux de stockage d&rsquo;\u00e9nergie.<\/p>\n<p>Q3 : Comment choisir le phosphate de sodium et de titane ?<br \/>\nA3 : Lors du choix du phosphate de sodium et de titane, il convient de s\u00e9lectionner le mod\u00e8le le mieux adapt\u00e9 aux performances de la batterie ou du stockage d&rsquo;\u00e9nergie en fonction de l&rsquo;application, de la taille des particules, de la puret\u00e9 et des exigences de modification de la conductivit\u00e9.<\/p>\n<h2><span style=\"font-size: 14pt;\">Rapports<\/span><\/h2>\n<p>Chaque lot comprend :<br \/>\n<span style=\"color: #0000ff;\"><a style=\"color: #0000ff;\" href=\"https:\/\/ulpmat.com\/fr\/documents\/certificat-danalyse\/\"><u>Certificat d&rsquo;analyse (COA)<\/u><\/a><\/span><\/p>\n<p><span style=\"color: #0000ff;\"><a style=\"color: #0000ff;\" href=\"https:\/\/ulpmat.com\/fr\/documents\/fiche-technique\/\"><u>Fiche technique (TDS)<\/u><\/a><\/span><\/p>\n<p><span style=\"color: #0000ff;\"><a style=\"color: #0000ff;\" href=\"https:\/\/ulpmat.com\/fr\/documents\/fiche-de-donnees-de-securite\/\"><u>Fiche de donn\u00e9es de s\u00e9curit\u00e9 (FDS)<\/u><\/a><\/span><br \/>\nRapport d&rsquo;inspection de la taille<br \/>\nRapports d&rsquo;essais par des tiers disponibles sur demande<\/p>\n<h2><span style=\"font-size: 14pt;\">Pourquoi nous choisir ?<\/span><\/h2>\n<p>Nos mat\u00e9riaux \u00e0 base de phosphate de sodium et de titane sont sp\u00e9cialement con\u00e7us pour les applications de batteries aqueuses, offrant un transport rapide des ions sodium, une excellente stabilit\u00e9 cyclique et une s\u00e9curit\u00e9 \u00e9lev\u00e9e. Nous proposons des solutions sur mesure en mati\u00e8re de composition, de taille des particules, de rev\u00eatement de carbone et d&rsquo;am\u00e9lioration de la conductivit\u00e9 afin de r\u00e9pondre aux diff\u00e9rentes exigences de processus. Gr\u00e2ce \u00e0 une haute puret\u00e9, une qualit\u00e9 constante, une production flexible et un support technique fiable, nous aidons nos clients \u00e0 d\u00e9velopper des syst\u00e8mes de batteries aqueuses performants et rentables.<\/p>\n","protected":false},"excerpt":{"rendered":"<p>Pr\u00e9sentation de la poudre de phosphate de sodium et de titane Le phosphate de sodium et de titane est un mat\u00e9riau d&rsquo;\u00e9lectrode essentiel pour les syst\u00e8mes de batteries aqueuses. Il se caract\u00e9rise par une structure de type NASICON stable, une capacit\u00e9 de transport rapide des ions sodium et une excellente stabilit\u00e9 cyclique dans les \u00e9lectrolytes [&hellip;]<\/p>\n","protected":false},"featured_media":54669,"template":"","meta":{"_acf_changed":false},"product_brand":[],"product_cat":[921,920],"product_tag":[922],"class_list":{"0":"post-54673","1":"product","2":"type-product","3":"status-publish","4":"has-post-thumbnail","6":"product_cat-materiaux-de-la-batterie","7":"product_cat-materiaux-de-dopage-pour-batteries","8":"product_tag-materiaux-de-la-batterie","10":"first","11":"instock","12":"shipping-taxable","13":"purchasable","14":"product-type-variable"},"acf":[],"_links":{"self":[{"href":"https:\/\/ulpmat.com\/fr\/wp-json\/wp\/v2\/product\/54673","targetHints":{"allow":["GET"]}}],"collection":[{"href":"https:\/\/ulpmat.com\/fr\/wp-json\/wp\/v2\/product"}],"about":[{"href":"https:\/\/ulpmat.com\/fr\/wp-json\/wp\/v2\/types\/product"}],"wp:featuredmedia":[{"embeddable":true,"href":"https:\/\/ulpmat.com\/fr\/wp-json\/wp\/v2\/media\/54669"}],"wp:attachment":[{"href":"https:\/\/ulpmat.com\/fr\/wp-json\/wp\/v2\/media?parent=54673"}],"wp:term":[{"taxonomy":"product_brand","embeddable":true,"href":"https:\/\/ulpmat.com\/fr\/wp-json\/wp\/v2\/product_brand?post=54673"},{"taxonomy":"product_cat","embeddable":true,"href":"https:\/\/ulpmat.com\/fr\/wp-json\/wp\/v2\/product_cat?post=54673"},{"taxonomy":"product_tag","embeddable":true,"href":"https:\/\/ulpmat.com\/fr\/wp-json\/wp\/v2\/product_tag?post=54673"}],"curies":[{"name":"wp","href":"https:\/\/api.w.org\/{rel}","templated":true}]}}