{"id":54131,"date":"2025-12-29T16:47:17","date_gmt":"2025-12-29T08:47:17","guid":{"rendered":"https:\/\/ulpmat.com\/product\/phosphure-de-cobalt\/"},"modified":"2025-12-29T16:47:17","modified_gmt":"2025-12-29T08:47:17","slug":"phosphure-de-cobalt","status":"publish","type":"product","link":"https:\/\/ulpmat.com\/fr\/produit\/phosphure-de-cobalt\/","title":{"rendered":"Phosphure de cobalt"},"content":{"rendered":"<h2><span style=\"font-size: 14pt;\">Pr\u00e9sentation de la poudre de phosphure de cobalt<\/span><\/h2>\n<p>La poudre<br \/>\n<span style=\"color: #0000ff;\"><a style=\"color: #0000ff;\" href=\"https:\/\/ulpmat.com\/fr\/recherche\/?type=name&#038;keyword=Cobalt+phosphide\">de phosphure de cobalt<\/a><\/span><br \/>\nposs\u00e8de une excellente conductivit\u00e9 \u00e9lectrique et une excellente activit\u00e9 catalytique, ce qui la rend largement utilis\u00e9e dans la production de batteries, de catalyseurs et d&rsquo;alliages.<\/p>\n<p>Nous proposons de la poudre de phosphure de cobalt de haute puret\u00e9 pour r\u00e9pondre \u00e0 divers besoins industriels. <span style=\"color: #0000ff;\"><a style=\"color: #0000ff;\" href=\"https:\/\/ulpmat.com\/fr\/contactez-nous\/\">Contactez-nous<\/a><\/span><br \/>\npour plus d&rsquo;informations sur nos services personnalis\u00e9s.<\/p>\n<h2><span style=\"font-size: 14pt;\">Points forts du produit<\/span><\/h2>\n<p>Sa haute puret\u00e9 garantit des performances stables.<br \/>\nSon excellente conductivit\u00e9 \u00e9lectrique la rend adapt\u00e9e aux applications \u00e9lectroniques et aux batteries.<br \/>\nSa bonne activit\u00e9 catalytique la rend largement utilis\u00e9e dans les r\u00e9actions chimiques.<br \/>\nSa haute r\u00e9sistance \u00e0 la corrosion la rend adapt\u00e9e aux environnements difficiles.<br \/>\nLa finesse de ses particules garantit une distribution uniforme et des r\u00e9actions efficaces.<br \/>\nUn contr\u00f4le qualit\u00e9 strict garantit la coh\u00e9rence du produit<\/p>\n<h2><span style=\"font-size: 14pt;\">. Applications de la poudre de phosphure de cobalt<\/span><\/h2>\n<p>Fabrication<br \/>\n<span style=\"color: #0000ff;\"><a style=\"color: #0000ff;\" href=\"https:\/\/ulpmat.com\/fr\/candidature\/materiaux-de-la-batterie\/\">de batteries<\/a><\/span><br \/>\n: elle est couramment utilis\u00e9e dans les mat\u00e9riaux d&rsquo;\u00e9lectrodes pour les batteries lithium-ion afin d&rsquo;am\u00e9liorer la densit\u00e9 \u00e9nerg\u00e9tique et l&rsquo;efficacit\u00e9 de charge\/d\u00e9charge.<br \/>\nCatalyseurs : en tant que catalyseur hautement efficace, le phosphure de cobalt a de nombreuses applications dans les r\u00e9actions p\u00e9trochimiques, la protection de l&rsquo;environnement et la production d&rsquo;hydrog\u00e8ne.<br \/>\nProduction d&rsquo;alliages : il joue un r\u00f4le important dans la fabrication d&rsquo;alliages \u00e0 haute temp\u00e9rature, en am\u00e9liorant leur r\u00e9sistance et leur r\u00e9sistance \u00e0 la corrosion.<br \/>\nIndustrie \u00e9lectronique : utilis\u00e9 dans la fabrication de divers composants \u00e9lectroniques, il offre une excellente conductivit\u00e9 et stabilit\u00e9.<\/p>\n<h2><span style=\"color: #0000ff;\"><a style=\"color: #0000ff;\" href=\"https:\/\/ulpmat.com\/fr\/societe\/faq\/\"><span style=\"font-size: 14pt;\">FAQ<\/span><\/a><\/span><\/h2>\n<p>Q1 : Quelle est la puret\u00e9 de la poudre de phosphure de cobalt ?<br \/>\nA1 : Notre poudre de phosphure de cobalt a une puret\u00e9 pouvant atteindre 99,9 %, ce qui garantit ses excellentes performances dans des applications telles que les batteries, les catalyseurs et les alliages.<\/p>\n<p>Q2 : Cette poudre convient-elle aux r\u00e9actions catalytiques ?<br \/>\nA2 : Oui, elle a une bonne activit\u00e9 catalytique et est largement utilis\u00e9e dans la p\u00e9trochimie, la protection de l&rsquo;environnement et la production d&rsquo;hydrog\u00e8ne.<\/p>\n<p>Q3 : Comment doit-elle \u00eatre stock\u00e9e ?<br \/>\nR3 : Stockez-la dans un endroit sec et frais, en \u00e9vitant tout contact avec l&rsquo;humidit\u00e9 et les substances corrosives.<\/p>\n<p>Q4 : La poudre de phosphure de cobalt peut-elle \u00eatre utilis\u00e9e dans des applications \u00e0 haute temp\u00e9rature ?<br \/>\nR4 : Oui, elle pr\u00e9sente une bonne r\u00e9sistance aux temp\u00e9ratures \u00e9lev\u00e9es et convient aux r\u00e9actions catalytiques et \u00e0 la fabrication d&rsquo;alliages dans des environnements \u00e0 haute temp\u00e9rature.<\/p>\n<h2><span style=\"font-size: 14pt;\">Rapports<\/span><\/h2>\n<p>Chaque lot est fourni avec :<br \/>\n<span style=\"color: #0000ff;\"><a style=\"color: #0000ff;\" href=\"https:\/\/ulpmat.com\/fr\/documents\/certificat-danalyse\/\">Certificat d&rsquo;analyse (COA)<\/a><\/span><\/p>\n<p><span style=\"color: #0000ff;\"><a style=\"color: #0000ff;\" href=\"https:\/\/ulpmat.com\/fr\/documents\/fiche-technique\/\">Fiche technique (TDS)<\/a><\/span><\/p>\n<p><span style=\"color: #0000ff;\"><a style=\"color: #0000ff;\" href=\"https:\/\/ulpmat.com\/fr\/documents\/fiche-de-donnees-de-securite\/\">Fiche de donn\u00e9es de s\u00e9curit\u00e9 (MSDS)<\/a><\/span><br \/>\nRapports d&rsquo;essais effectu\u00e9s par des tiers disponibles sur demande<\/p>\n<h2><span style=\"font-size: 14pt;\">Pourquoi nous choisir ?<\/span><\/h2>\n<p>Notre poudre de phosphure de cobalt se caract\u00e9rise par une grande puret\u00e9 et des performances catalytiques stables. Gr\u00e2ce \u00e0 nos services personnalis\u00e9s et \u00e0 <span style=\"color: #0000ff;\"><a style=\"color: #0000ff;\" href=\"https:\/\/ulpmat.com\/fr\/service\/service-apres-vente\/\">notre assistance apr\u00e8s-vente<\/a><\/span><br \/>\nprofessionnelle, nous vous garantissons des solutions mat\u00e9rielles fiables pour vos projets.<\/p>\n","protected":false},"excerpt":{"rendered":"<p>Pr\u00e9sentation de la poudre de phosphure de cobalt La poudre de phosphure de cobalt poss\u00e8de une excellente conductivit\u00e9 \u00e9lectrique et une excellente activit\u00e9 catalytique, ce qui la rend largement utilis\u00e9e dans la production de batteries, de catalyseurs et d&rsquo;alliages. Nous proposons de la poudre de phosphure de cobalt de haute puret\u00e9 pour r\u00e9pondre \u00e0 divers [&hellip;]<\/p>\n","protected":false},"featured_media":54132,"template":"","meta":{"_acf_changed":false},"product_brand":[132],"product_cat":[1190],"product_tag":[8312,8311],"class_list":{"0":"post-54131","1":"product","2":"type-product","3":"status-publish","4":"has-post-thumbnail","6":"product_brand-ulpmat","7":"product_cat-materiaux-phosphores","8":"product_tag-phosphure","9":"product_tag-poudre-de-phosphure-de-cobalt","11":"first","12":"instock","13":"shipping-taxable","14":"product-type-variable"},"acf":[],"_links":{"self":[{"href":"https:\/\/ulpmat.com\/fr\/wp-json\/wp\/v2\/product\/54131","targetHints":{"allow":["GET"]}}],"collection":[{"href":"https:\/\/ulpmat.com\/fr\/wp-json\/wp\/v2\/product"}],"about":[{"href":"https:\/\/ulpmat.com\/fr\/wp-json\/wp\/v2\/types\/product"}],"wp:featuredmedia":[{"embeddable":true,"href":"https:\/\/ulpmat.com\/fr\/wp-json\/wp\/v2\/media\/54132"}],"wp:attachment":[{"href":"https:\/\/ulpmat.com\/fr\/wp-json\/wp\/v2\/media?parent=54131"}],"wp:term":[{"taxonomy":"product_brand","embeddable":true,"href":"https:\/\/ulpmat.com\/fr\/wp-json\/wp\/v2\/product_brand?post=54131"},{"taxonomy":"product_cat","embeddable":true,"href":"https:\/\/ulpmat.com\/fr\/wp-json\/wp\/v2\/product_cat?post=54131"},{"taxonomy":"product_tag","embeddable":true,"href":"https:\/\/ulpmat.com\/fr\/wp-json\/wp\/v2\/product_tag?post=54131"}],"curies":[{"name":"wp","href":"https:\/\/api.w.org\/{rel}","templated":true}]}}