{"id":54035,"date":"2025-12-29T16:47:19","date_gmt":"2025-12-29T08:47:19","guid":{"rendered":"https:\/\/ulpmat.com\/product\/tetroxyde-de-tricobalt-oxyde-de-cobalt\/"},"modified":"2025-12-29T16:47:19","modified_gmt":"2025-12-29T08:47:19","slug":"tetroxyde-de-tricobalt-oxyde-de-cobalt","status":"publish","type":"product","link":"https:\/\/ulpmat.com\/fr\/produit\/tetroxyde-de-tricobalt-oxyde-de-cobalt\/","title":{"rendered":"T\u00e9troxyde de tricobalt (oxyde de cobalt)"},"content":{"rendered":"<h2><span style=\"font-size: 14pt;\">Pr\u00e9sentation des cibles de pulv\u00e9risation en t\u00e9troxyde de tricobalt<\/span><\/h2>\n<p>Les cibles de pulv\u00e9risation<br \/>\n<span style=\"color: #0000ff;\"><a style=\"color: #0000ff;\" href=\"https:\/\/ulpmat.com\/fr\/recherche\/?type=name&#038;keyword=Tricobalt+Tetroxide\">en t\u00e9troxyde de tricobalt<\/a><\/span><br \/>\nsont des cibles c\u00e9ramiques denses de haute puret\u00e9 sp\u00e9cialement con\u00e7ues pour le d\u00e9p\u00f4t physique en phase vapeur (PVD) afin de pr\u00e9parer des films minces pr\u00e9sentant des propri\u00e9t\u00e9s photo\u00e9lectriques ou catalytiques sp\u00e9cifiques.<\/p>\n<p>Nous nous engageons \u00e0 fournir des cibles en t\u00e9troxyde de tricobalt hautement performantes. N&rsquo;h\u00e9sitez pas \u00e0 <span style=\"color: #0000ff;\"><a style=\"color: #0000ff;\" href=\"https:\/\/ulpmat.com\/fr\/contactez-nous\/\">nous contacter<\/a><\/span><br \/>\npour obtenir des solutions personnalis\u00e9es r\u00e9pondant \u00e0 vos besoins en mati\u00e8re de processus de rev\u00eatement.<\/p>\n<h2><span style=\"font-size: 14pt;\">Points forts du produit<\/span><\/h2>\n<p>Densit\u00e9 ultra-\u00e9lev\u00e9e<br \/>\nComposition pr\u00e9cise<br \/>\nExcellente <span style=\"color: #0000ff;\"><a style=\"color: #0000ff;\" href=\"https:\/\/ulpmat.com\/fr\/service\/support-technique\/\">r\u00e9sistance<br \/>\nAssistance technique<\/a><\/span><br \/>\ncompl\u00e8te Approvisionnement mature et stable<br \/>\nD\u00e9veloppement conjoint disponible pour les projets de R&amp;D de pointe<\/p>\n<h2><span style=\"font-size: 14pt;\">Applications des cibles de pulv\u00e9risation en t\u00e9troxyde de tricobalt<\/span><\/h2>\n<p>Technologie d&rsquo;affichage avanc\u00e9e : utilis\u00e9 pour le d\u00e9p\u00f4t de films minces d&rsquo;oxyde conducteur transparent, c&rsquo;est l&rsquo;un des mat\u00e9riaux cl\u00e9s dans la fabrication d&rsquo;\u00e9crans tactiles, d&rsquo;OLED et d&rsquo;autres dispositifs d&rsquo;affichage.<br \/>\nDispositifs de conversion d&rsquo;\u00e9nergie : en tant que mat\u00e9riau de base id\u00e9al pour la pr\u00e9paration de films catalytiques pour les r\u00e9actions d&rsquo;\u00e9volution d&rsquo;oxyg\u00e8ne et d&rsquo;hydrog\u00e8ne, il est utilis\u00e9 dans les domaines de l&rsquo;\u00e9nergie propre tels que l&rsquo;\u00e9lectrolyse de l&rsquo;eau pour la production d&rsquo;hydrog\u00e8ne.<br \/>\n\u00c9l\u00e9ments de d\u00e9tection intelligents : en pulv\u00e9risant cette cible, il est possible de pr\u00e9parer des capteurs \u00e0 couche mince haute performance sensibles aux gaz ou \u00e0 la temp\u00e9rature.<br \/>\nRev\u00eatement protecteur dur : le film obtenu pr\u00e9sente une duret\u00e9 \u00e9lev\u00e9e et une bonne r\u00e9sistance \u00e0 l&rsquo;usure, et peut \u00eatre utilis\u00e9 pour renforcer la surface des outils de coupe de pr\u00e9cision et des moules, prolongeant ainsi leur dur\u00e9e de vie. FAQ<br \/>\nQ1 : Quelles sont les options disponibles pour <span style=\"color: #0000ff;\"><a style=\"color: #0000ff;\" href=\"https:\/\/ulpmat.com\/fr\/service\/collage-des-cibles\/\">le collage<\/a><\/span><br \/>\ndes cibles ?<br \/>\nA1 : Nous proposons principalement des services de soudage. Nous pouvons s\u00e9lectionner diff\u00e9rents mat\u00e9riaux de plaque arri\u00e8re (tels que le cuivre sans oxyg\u00e8ne, le molybd\u00e8ne) et diff\u00e9rents proc\u00e9d\u00e9s de soudage en fonction des exigences de dissipation thermique et de puissance de votre \u00e9quipement.<\/p>\n<p>Q2 : Comment garantir l&rsquo;uniformit\u00e9 des rev\u00eatements de grande surface ?<br \/>\nR2 : Cela repose sur la densit\u00e9 extr\u00eamement \u00e9lev\u00e9e et l&rsquo;uniformit\u00e9 structurelle de la cible elle-m\u00eame. En combinaison avec des proc\u00e9d\u00e9s de pulv\u00e9risation magn\u00e9tron optimis\u00e9s, nous pouvons fournir des suggestions de param\u00e8tres de proc\u00e9d\u00e9 pertinents pour obtenir une formation de film uniforme.<\/p>\n<p>Q3 : Quelles sont les principales diff\u00e9rences entre cette cible et les cibles en cobalt dans leur application ?<br \/>\nA3 : Les cibles en cobalt d\u00e9posent des films m\u00e9talliques de cobalt, tandis que les cibles en t\u00e9troxyde de tricobalt d\u00e9posent directement des films d&rsquo;oxyde, \u00e9vitant ainsi les \u00e9tapes d&rsquo;oxydation ult\u00e9rieures, ce qui les rend plus adapt\u00e9es aux applications n\u00e9cessitant des \u00e9tats chimiques pr\u00e9cis du film.<\/p>\n<h2><span style=\"font-size: 14pt;\">Rapports<\/span><\/h2>\n<p>Chaque lot est fourni avec :<br \/>\n<span style=\"color: #0000ff;\"><a style=\"color: #0000ff;\" href=\"https:\/\/ulpmat.com\/fr\/documents\/certificat-danalyse\/\">Certificat d&rsquo;analyse (COA)<\/a><\/span><\/p>\n<p><span style=\"color: #0000ff;\"><a style=\"color: #0000ff;\" href=\"https:\/\/ulpmat.com\/fr\/documents\/fiche-technique\/\">Fiche technique (TDS)<\/a><\/span><\/p>\n<p><span style=\"color: #0000ff;\"><a style=\"color: #0000ff;\" href=\"https:\/\/ulpmat.com\/fr\/documents\/fiche-de-donnees-de-securite\/\">Fiche de donn\u00e9es de s\u00e9curit\u00e9 (MSDS)<\/a><\/span><br \/>\nRapport d&rsquo;inspection des dimensions<br \/>\nRapports d&rsquo;essais effectu\u00e9s par des tiers disponibles sur demande<\/p>\n<h2><span style=\"font-size: 14pt;\">Pourquoi nous choisir ?<\/span><\/h2>\n<p>En tant que fournisseur professionnel de cibles de pulv\u00e9risation en t\u00e9troxyde de tricobalt, nous fournissons non seulement des produits rigoureusement valid\u00e9s, mais nous nous effor\u00e7ons \u00e9galement de comprendre vos objectifs ultimes en mati\u00e8re de traitement des films minces. Gr\u00e2ce \u00e0 notre expertise technique approfondie et \u00e0 notre innovation continue, nous nous engageons \u00e0 devenir votre partenaire fiable, \u00e0 relever ensemble les d\u00e9fis li\u00e9s \u00e0 la technologie de rev\u00eatement et \u00e0 aider vos produits \u00e0 atteindre des performances et une fiabilit\u00e9 sup\u00e9rieures.<\/p>\n","protected":false},"excerpt":{"rendered":"<p>Pr\u00e9sentation des cibles de pulv\u00e9risation en t\u00e9troxyde de tricobalt Les cibles de pulv\u00e9risation en t\u00e9troxyde de tricobalt sont des cibles c\u00e9ramiques denses de haute puret\u00e9 sp\u00e9cialement con\u00e7ues pour le d\u00e9p\u00f4t physique en phase vapeur (PVD) afin de pr\u00e9parer des films minces pr\u00e9sentant des propri\u00e9t\u00e9s photo\u00e9lectriques ou catalytiques sp\u00e9cifiques. Nous nous engageons \u00e0 fournir des cibles [&hellip;]<\/p>\n","protected":false},"featured_media":54036,"template":"","meta":{"_acf_changed":false},"product_brand":[132],"product_cat":[449],"product_tag":[380,8293],"class_list":{"0":"post-54035","1":"product","2":"type-product","3":"status-publish","4":"has-post-thumbnail","6":"product_brand-ulpmat","7":"product_cat-cible-de-pulverisation-ceramique","8":"product_tag-cible-de-pulverisation","9":"product_tag-cible-de-pulverisation-du-tetroxyde-de-tricobalt-oxyde-de-cobalt","11":"first","12":"instock","13":"shipping-taxable","14":"product-type-variable"},"acf":[],"_links":{"self":[{"href":"https:\/\/ulpmat.com\/fr\/wp-json\/wp\/v2\/product\/54035","targetHints":{"allow":["GET"]}}],"collection":[{"href":"https:\/\/ulpmat.com\/fr\/wp-json\/wp\/v2\/product"}],"about":[{"href":"https:\/\/ulpmat.com\/fr\/wp-json\/wp\/v2\/types\/product"}],"wp:featuredmedia":[{"embeddable":true,"href":"https:\/\/ulpmat.com\/fr\/wp-json\/wp\/v2\/media\/54036"}],"wp:attachment":[{"href":"https:\/\/ulpmat.com\/fr\/wp-json\/wp\/v2\/media?parent=54035"}],"wp:term":[{"taxonomy":"product_brand","embeddable":true,"href":"https:\/\/ulpmat.com\/fr\/wp-json\/wp\/v2\/product_brand?post=54035"},{"taxonomy":"product_cat","embeddable":true,"href":"https:\/\/ulpmat.com\/fr\/wp-json\/wp\/v2\/product_cat?post=54035"},{"taxonomy":"product_tag","embeddable":true,"href":"https:\/\/ulpmat.com\/fr\/wp-json\/wp\/v2\/product_tag?post=54035"}],"curies":[{"name":"wp","href":"https:\/\/api.w.org\/{rel}","templated":true}]}}