{"id":54011,"date":"2025-12-29T16:47:19","date_gmt":"2025-12-29T08:47:19","guid":{"rendered":"https:\/\/ulpmat.com\/product\/borure-de-cobalt\/"},"modified":"2025-12-29T16:47:19","modified_gmt":"2025-12-29T08:47:19","slug":"borure-de-cobalt","status":"publish","type":"product","link":"https:\/\/ulpmat.com\/fr\/produit\/borure-de-cobalt\/","title":{"rendered":"Borure de cobalt"},"content":{"rendered":"<h2><span style=\"font-size: 14pt;\">Pr\u00e9sentation des cibles de pulv\u00e9risation en borure de cobalt<\/span><\/h2>\n<p>Les cibles de pulv\u00e9risation<br \/>\n<span style=\"color: #0000ff;\"><a style=\"color: #0000ff;\" href=\"https:\/\/ulpmat.com\/fr\/recherche\/?type=name&#038;keyword=Cobalt+Boride\">en borure de cobalt<\/a><\/span><br \/>\nsont des cibles c\u00e9ramiques haute performance destin\u00e9es au d\u00e9p\u00f4t physique en phase vapeur (PVD), sp\u00e9cialement con\u00e7ues pour le d\u00e9p\u00f4t de films minces en borure de cobalt qui offrent une excellente r\u00e9sistance \u00e0 l&rsquo;usure, une duret\u00e9 \u00e9lev\u00e9e et une bonne stabilit\u00e9 chimique.<\/p>\n<p>Nous proposons des cibles en borure de cobalt de haute qualit\u00e9 et de grande puret\u00e9, avec possibilit\u00e9 de personnalisation de la liaison et de la taille. <span style=\"color: #0000ff;\"><a style=\"color: #0000ff;\" href=\"https:\/\/ulpmat.com\/fr\/contactez-nous\/\">Contactez-nous<\/a><\/span><br \/>\npour obtenir des informations techniques d\u00e9taill\u00e9es et des solutions.<\/p>\n<h2><span style=\"font-size: 14pt;\">Points forts du produit<\/span><\/h2>\n<p>Contr\u00f4le qualit\u00e9 strict : le contr\u00f4le pr\u00e9cis de la composition chimique et de la microstructure garantit des performances stables du film.<br \/>\nDensit\u00e9 sup\u00e9rieure : les processus de frittage avanc\u00e9s garantissent une densit\u00e9 \u00e9lev\u00e9e et une faible porosit\u00e9, am\u00e9liorant ainsi l&rsquo;efficacit\u00e9 de la pulv\u00e9risation et la qualit\u00e9 du film.<br \/>\nPulv\u00e9risation stable : le contr\u00f4le strict de la teneur en oxyde de bore \u00e0 bas point de fusion supprime efficacement la g\u00e9n\u00e9ration de poussi\u00e8re et les d\u00e9charges anormales pendant la pulv\u00e9risation.<br \/>\n<span style=\"color: #0000ff;\"><a style=\"color: #0000ff;\" href=\"https:\/\/ulpmat.com\/fr\/service\/collage-des-cibles\/\">Collage<\/a><\/span><br \/>\nprofessionnel : les solutions de collage optimis\u00e9es du fond de panier garantissent une excellente conductivit\u00e9 thermique et une stabilit\u00e9 m\u00e9canique, prolongeant ainsi la dur\u00e9e de vie de la cible.<br \/>\nPersonnalisation flexible : prend en charge la recherche et le d\u00e9veloppement ainsi que la production de cibles de tailles, de formes et de ratios de composition sp\u00e9cifiques non standard.<br \/>\nAssistance compl\u00e8te : nous fournissons <span style=\"color: #0000ff;\"><a style=\"color: #0000ff;\" href=\"https:\/\/ulpmat.com\/fr\/service\/service-apres-vente\/\">des services techniques<\/a><\/span><br \/>\ncomplets avant et <span style=\"color: #0000ff;\"><a style=\"color: #0000ff;\" href=\"https:\/\/ulpmat.com\/fr\/service\/service-apres-vente\/\">apr\u00e8s-vente<\/a><\/span><br \/>\n, depuis la s\u00e9lection et les conseils d&rsquo;installation jusqu&rsquo;\u00e0 l&rsquo;optimisation des processus.<\/p>\n<h2><span style=\"font-size: 14pt;\">Applications des cibles de pulv\u00e9risation en borure de cobalt<\/span><\/h2>\n<p>Rev\u00eatements ultra-durs et r\u00e9sistants \u00e0 l&rsquo;usure : les films de borure de cobalt d\u00e9pos\u00e9s ont une duret\u00e9 extr\u00eamement \u00e9lev\u00e9e, ce qui les rend id\u00e9aux pour le renforcement de surface des outils, des moules et des composants m\u00e9caniques critiques, am\u00e9liorant ainsi consid\u00e9rablement la r\u00e9sistance \u00e0 l&rsquo;usure et la dur\u00e9e de vie.<br \/>\nMat\u00e9riaux \u00e9lectroniques en couches minces : dans le domaine de la micro\u00e9lectronique, ils peuvent \u00eatre utilis\u00e9s pour d\u00e9poser des couches barri\u00e8res de diffusion sp\u00e9ciales ou des films minces fonctionnels afin de r\u00e9pondre aux exigences \u00e9lectriques et de stabilit\u00e9 strictes de certains appareils.<br \/>\nR&amp;D en technologie de pointe : en tant que mat\u00e9riau de rev\u00eatement composite haute performance, il constitue une source essentielle de d\u00e9p\u00f4t de films minces pour la recherche fondamentale et le d\u00e9veloppement d&rsquo;applications dans des domaines tels que les nouveaux mat\u00e9riaux et les nouvelles \u00e9nergies.<\/p>\n<h2><span style=\"color: #0000ff;\"><a style=\"color: #0000ff;\" href=\"https:\/\/ulpmat.com\/fr\/societe\/faq\/\"><span style=\"font-size: 14pt;\">FAQ<\/span><\/a><\/span><\/h2>\n<p>Q1 : Pourquoi est-il n\u00e9cessaire de contr\u00f4ler sp\u00e9cifiquement la teneur en oxyde de bore lors de la pulv\u00e9risation de borure de cobalt ?<br \/>\nA1 : Un exc\u00e8s d&rsquo;oxyde de bore libre peut fondre pendant le chauffage de pulv\u00e9risation, devenant une source de particules de poussi\u00e8re et d&rsquo;arcs anormaux. Il est donc essentiel de contr\u00f4ler strictement sa teneur pour obtenir des films minces propres et uniformes.<\/p>\n<p>Q2 : Dans quels domaines industriels cette cible est-elle g\u00e9n\u00e9ralement utilis\u00e9e ?<br \/>\nR2 : Elle est principalement utilis\u00e9e dans les domaines o\u00f9 les exigences en mati\u00e8re de duret\u00e9 de surface et de r\u00e9sistance \u00e0 l&rsquo;usure sont extr\u00eamement \u00e9lev\u00e9es, tels que les rev\u00eatements protecteurs pour les outils de coupe haut de gamme et les moules de pr\u00e9cision. Elle est \u00e9galement utilis\u00e9e dans la pr\u00e9paration de certains films fonctionnels sp\u00e9ciaux.<\/p>\n<p>Q3 : Comment garantissez-vous la coh\u00e9rence des performances entre les diff\u00e9rents lots de mat\u00e9riaux cibles ?<br \/>\nA3 : Nous appliquons des normes strictes, de la puret\u00e9 des mati\u00e8res premi\u00e8res et du processus de pr\u00e9paration aux tests finaux. Nous effectuons un contr\u00f4le au niveau des lots des indicateurs cl\u00e9s tels que la composition, la densit\u00e9 et la taille des grains afin de garantir des performances stables et fiables.<\/p>\n<p>Q4 : Pouvez-vous personnaliser les mat\u00e9riaux cibles pour nos nouveaux \u00e9quipements ou applications sp\u00e9ciales ?<br \/>\nA4 : Oui. Nous offrons des services de personnalisation complets, en adaptant les mat\u00e9riaux cibles de diff\u00e9rentes formes, tailles et proportions de composition en fonction de la conception de la cavit\u00e9 de votre \u00e9quipement et des exigences du processus de rev\u00eatement.<\/p>\n<h2><span style=\"font-size: 14pt;\">Rapports<\/span><\/h2>\n<p>Chaque lot est fourni avec :<br \/>\n<span style=\"color: #0000ff;\"><a style=\"color: #0000ff;\" href=\"https:\/\/ulpmat.com\/fr\/documents\/certificat-danalyse\/\">Certificat d&rsquo;analyse (COA)<\/a><\/span><\/p>\n<p><span style=\"color: #0000ff;\"><a style=\"color: #0000ff;\" href=\"https:\/\/ulpmat.com\/fr\/documents\/fiche-technique\/\">Fiche technique (TDS)<\/a><\/span><\/p>\n<p><span style=\"color: #0000ff;\"><a style=\"color: #0000ff;\" href=\"https:\/\/ulpmat.com\/fr\/documents\/fiche-de-donnees-de-securite\/\">Fiche de donn\u00e9es de s\u00e9curit\u00e9 (MSDS)<\/a><\/span><br \/>\nRapport d&rsquo;inspection des dimensions<br \/>\nRapports d&rsquo;essais par des tiers disponibles sur demande<\/p>\n<h2><span style=\"font-size: 14pt;\">Pourquoi nous choisir ?<\/span><\/h2>\n<p>Nous disposons d&rsquo;une expertise approfondie dans le domaine des cibles de pulv\u00e9risation composites haute performance et poss\u00e9dons une connaissance approfondie des principaux d\u00e9fis technologiques et des exigences d&rsquo;application des mat\u00e9riaux \u00e0 base de borure de cobalt. Nous fournissons non seulement des produits qui r\u00e9pondent aux normes industrielles \u00e9lev\u00e9es, mais nous nous engageons \u00e9galement \u00e0 r\u00e9soudre vos probl\u00e8mes pratiques dans les processus de rev\u00eatement gr\u00e2ce \u00e0 une conception professionnelle des mat\u00e9riaux et \u00e0 un contr\u00f4le des processus. Nous choisir, c&rsquo;est choisir un partenaire fiable, soutenu par l&rsquo;innovation technologique et ax\u00e9 sur la r\u00e9ussite de vos processus.<\/p>\n","protected":false},"excerpt":{"rendered":"<p>Pr\u00e9sentation des cibles de pulv\u00e9risation en borure de cobalt Les cibles de pulv\u00e9risation en borure de cobalt sont des cibles c\u00e9ramiques haute performance destin\u00e9es au d\u00e9p\u00f4t physique en phase vapeur (PVD), sp\u00e9cialement con\u00e7ues pour le d\u00e9p\u00f4t de films minces en borure de cobalt qui offrent une excellente r\u00e9sistance \u00e0 l&rsquo;usure, une duret\u00e9 \u00e9lev\u00e9e et une [&hellip;]<\/p>\n","protected":false},"featured_media":54012,"template":"","meta":{"_acf_changed":false},"product_brand":[132],"product_cat":[449],"product_tag":[380,8287],"class_list":{"0":"post-54011","1":"product","2":"type-product","3":"status-publish","4":"has-post-thumbnail","6":"product_brand-ulpmat","7":"product_cat-cible-de-pulverisation-ceramique","8":"product_tag-cible-de-pulverisation","9":"product_tag-cible-de-pulverisation-cathodique-en-borure-de-cobalt","11":"first","12":"instock","13":"shipping-taxable","14":"product-type-variable"},"acf":[],"_links":{"self":[{"href":"https:\/\/ulpmat.com\/fr\/wp-json\/wp\/v2\/product\/54011","targetHints":{"allow":["GET"]}}],"collection":[{"href":"https:\/\/ulpmat.com\/fr\/wp-json\/wp\/v2\/product"}],"about":[{"href":"https:\/\/ulpmat.com\/fr\/wp-json\/wp\/v2\/types\/product"}],"wp:featuredmedia":[{"embeddable":true,"href":"https:\/\/ulpmat.com\/fr\/wp-json\/wp\/v2\/media\/54012"}],"wp:attachment":[{"href":"https:\/\/ulpmat.com\/fr\/wp-json\/wp\/v2\/media?parent=54011"}],"wp:term":[{"taxonomy":"product_brand","embeddable":true,"href":"https:\/\/ulpmat.com\/fr\/wp-json\/wp\/v2\/product_brand?post=54011"},{"taxonomy":"product_cat","embeddable":true,"href":"https:\/\/ulpmat.com\/fr\/wp-json\/wp\/v2\/product_cat?post=54011"},{"taxonomy":"product_tag","embeddable":true,"href":"https:\/\/ulpmat.com\/fr\/wp-json\/wp\/v2\/product_tag?post=54011"}],"curies":[{"name":"wp","href":"https:\/\/api.w.org\/{rel}","templated":true}]}}